{"id":10261,"date":"2026-05-08T12:11:09","date_gmt":"2026-05-08T12:11:09","guid":{"rendered":"https:\/\/www.brbimport.com\/?post_type=product&#038;p=10261"},"modified":"2026-05-08T12:11:10","modified_gmt":"2026-05-08T12:11:10","slug":"panuelos-de-papel-personalizables","status":"publish","type":"product","link":"https:\/\/www.brbimport.com\/fr\/produit\/panuelos-de-papel-personalizables\/","title":{"rendered":"Pa\u00f1uelos de papel personalizables"},"content":{"rendered":"<p data-start=\"55\" data-end=\"283\">Pr\u00e1ctico paquete de 10 pa\u00f1uelos de celulosa de 3 capas, dise\u00f1ado especialmente para ofrecer una experiencia c\u00f3moda y cuidada al hu\u00e9sped. Incluye cierre adhesivo para mantener los pa\u00f1uelos protegidos e higi\u00e9nicos en todo momento.<\/p>\n<p data-start=\"285\" data-end=\"496\">Ideal como art\u00edculo de amenities para hoteles, apartamentos tur\u00edsticos, casas rurales, spas, cl\u00ednicas y packs de bienvenida. Un complemento funcional y elegante para mejorar la atenci\u00f3n y el servicio al cliente.<\/p>\n<p data-start=\"498\" data-end=\"524\">Disponible en dos colores:<\/p>\n<ul data-start=\"525\" data-end=\"541\">\n<li data-section-id=\"1vlvk79\" data-start=\"525\" data-end=\"533\">Blanco<\/li>\n<li data-section-id=\"16v6pzt\" data-start=\"534\" data-end=\"541\">Negro<\/li>\n<\/ul>\n<p data-start=\"543\" data-end=\"700\">Adem\u00e1s, ofrecemos opci\u00f3n de personalizaci\u00f3n para adaptarlos a la imagen de tu establecimiento y reforzar la identidad de marca en la experiencia del hu\u00e9sped.<\/p>\n<p data-start=\"702\" data-end=\"718\">Caracter\u00edsticas:<\/p>\n<ul data-start=\"719\" data-end=\"873\">\n<li data-section-id=\"hiwclt\" data-start=\"719\" data-end=\"740\">Pack de 10 pa\u00f1uelos<\/li>\n<li data-section-id=\"1fk7wj8\" data-start=\"741\" data-end=\"762\">Celulosa de 3 capas<\/li>\n<li data-section-id=\"18g821w\" data-start=\"763\" data-end=\"792\">Formato compacto y pr\u00e1ctico<\/li>\n<li data-section-id=\"1yx281w\" data-start=\"793\" data-end=\"820\">Cierre adhesivo higi\u00e9nico<\/li>\n<li data-section-id=\"wrzoq2\" data-start=\"821\" data-end=\"855\">Dise\u00f1o elegante para hospitality<\/li>\n<li data-section-id=\"17i7cre\" data-start=\"856\" data-end=\"873\">Personalizables<\/li>\n<\/ul>\n<p data-start=\"875\" data-end=\"992\" data-is-last-node=\"\" data-is-only-node=\"\">\ud83d\udce6 Presentaci\u00f3n en cajas de 100 pares. Pr\u00e1cticas para gestionar stock y reposiciones\u2026 con entregas r\u00e1pidas y f\u00e1ciles.<\/p>\n","protected":false},"excerpt":{"rendered":"<p>Pa\u00f1uelos de Celulosa 3 Capas \u2013 Pack de 10 Unidades<\/p>\n","protected":false},"featured_media":10262,"template":"","meta":{"_acf_changed":false},"product_brand":[],"product_cat":[693,512],"product_tag":[],"class_list":{"0":"post-10261","1":"product","2":"type-product","3":"status-publish","4":"has-post-thumbnail","6":"product_cat-complementos","7":"product_cat-panuelos-de-papel-para-hoteles","9":"first","10":"outofstock","11":"taxable","12":"shipping-taxable","13":"product-type-variable"},"acf":[],"_links":{"self":[{"href":"https:\/\/www.brbimport.com\/fr\/wp-json\/wp\/v2\/product\/10261","targetHints":{"allow":["GET"]}}],"collection":[{"href":"https:\/\/www.brbimport.com\/fr\/wp-json\/wp\/v2\/product"}],"about":[{"href":"https:\/\/www.brbimport.com\/fr\/wp-json\/wp\/v2\/types\/product"}],"wp:featuredmedia":[{"embeddable":true,"href":"https:\/\/www.brbimport.com\/fr\/wp-json\/wp\/v2\/media\/10262"}],"wp:attachment":[{"href":"https:\/\/www.brbimport.com\/fr\/wp-json\/wp\/v2\/media?parent=10261"}],"wp:term":[{"taxonomy":"product_brand","embeddable":true,"href":"https:\/\/www.brbimport.com\/fr\/wp-json\/wp\/v2\/product_brand?post=10261"},{"taxonomy":"product_cat","embeddable":true,"href":"https:\/\/www.brbimport.com\/fr\/wp-json\/wp\/v2\/product_cat?post=10261"},{"taxonomy":"product_tag","embeddable":true,"href":"https:\/\/www.brbimport.com\/fr\/wp-json\/wp\/v2\/product_tag?post=10261"}],"curies":[{"name":"wp","href":"https:\/\/api.w.org\/{rel}","templated":true}]}}