{"id":8222,"date":"2025-11-27T12:52:18","date_gmt":"2025-11-27T12:52:18","guid":{"rendered":"https:\/\/www.brbimport.com\/zapatilla-hotel-modelo-404\/"},"modified":"2026-03-31T10:47:52","modified_gmt":"2026-03-31T10:47:52","slug":"zapatilla-hotel-modelo-404","status":"publish","type":"product","link":"https:\/\/www.brbimport.com\/fr\/produit\/zapatilla-hotel-modelo-404\/","title":{"rendered":"Chausson d\u2019h\u00f4tel mod\u00e8le 404<br><br>"},"content":{"rendered":"<h3 data-start=\"130\" data-end=\"199\"><strong data-start=\"134\" data-end=\"199\">Chausson \u00e9cologique en jute marron \u2013 naturel, \u00e9l\u00e9gant et durable<\/p>\n<p><\/strong><\/h3>\n<p data-start=\"201\" data-end=\"371\">Apportez une touche \u00e9cologique et sophistiqu\u00e9e \u00e0 votre h\u00e9bergement avec nos <strong data-start=\"271\" data-end=\"297\">chaussons \u00e9cologiques en jute<\/strong>, con\u00e7us pour ceux qui recherchent confort et respect de l\u2019environnement.<\/p>\n<p data-start=\"373\" data-end=\"543\"><strong data-start=\"376\" data-end=\"404\">\ud83c\udf3f Ext\u00e9rieur en jute naturel<\/strong><br data-start=\"404\" data-end=\"407\">Fabriqu\u00e9s en <strong data-start=\"421\" data-end=\"436\">jute marron<\/strong>, un mat\u00e9riau biod\u00e9gradable et durable, offrant une finition rustique, \u00e9l\u00e9gante et d\u2019inspiration naturelle.<\/p>\n<p data-start=\"545\" data-end=\"679\"><strong data-start=\"548\" data-end=\"579\">\ud83e\uddf5 Doublure int\u00e9rieure 100 % coton<\/strong><br data-start=\"579\" data-end=\"582\">Le contact avec la peau est doux, respirant et confortable, id\u00e9al pour une exp\u00e9rience de bien-\u00eatre.<\/p>\n<p data-start=\"681\" data-end=\"810\"><strong data-start=\"684\" data-end=\"709\">\ud83e\uddfd Rembourrage confortable<\/strong><br data-start=\"709\" data-end=\"712\">Ils int\u00e8grent une <strong data-start=\"721\" data-end=\"741\">mousse rembourr\u00e9e<\/strong> qui am\u00e9liore la marche et offre une sensation plus moelleuse et agr\u00e9able.<\/p>\n<p data-start=\"812\" data-end=\"953\"><strong data-start=\"815\" data-end=\"835\">\ud83e\uddf1 Carton renforc\u00e9<\/strong><br data-start=\"835\" data-end=\"838\">Leur structure int\u00e8gre un <strong data-start=\"862\" data-end=\"886\">carton stabilisateur<\/strong>, apportant de la fermet\u00e9 sans compromettre la philosophie \u00e9cologique du produit.<\/p>\n<p data-start=\"955\" data-end=\"1050\"><strong data-start=\"958\" data-end=\"984\">\ud83d\udccf Taille universelle 29 cm<\/strong><br data-start=\"984\" data-end=\"987\">Con\u00e7ues pour s\u2019adapter confortablement \u00e0 la plupart des clients.<\/p>\n<p data-start=\"1052\" data-end=\"1219\">\u2728 \u00c9l\u00e9gants, r\u00e9sistants et responsables<br data-start=\"1095\" data-end=\"1098\">Le choix parfait pour les h\u00f4tels, maisons rurales et h\u00e9bergements souhaitant proposer des produits d\u2019accueil <strong data-start=\"1195\" data-end=\"1218\">aux valeurs durables.<br \/> <\/strong><\/p>\n","protected":false},"excerpt":{"rendered":"<p>Chausson \u00e9cologique en jute marron \u2013 naturel, \u00e9l\u00e9gant et durable Apportez une touche \u00e9cologique et sophistiqu\u00e9e \u00e0 votre h\u00e9bergement avec nos chaussons \u00e9cologiques en jute, con\u00e7us pour ceux qui recherchent confort et respect de l\u2019environnement. \ud83c\udf3f Ext\u00e9rieur en jute naturelFabriqu\u00e9s en jute marron, un mat\u00e9riau biod\u00e9gradable et durable, offrant une finition rustique, \u00e9l\u00e9gante et d\u2019inspiration [&hellip;]<\/p>\n","protected":false},"featured_media":8224,"template":"","meta":{"_acf_changed":false},"product_brand":[],"product_cat":[],"product_tag":[],"class_list":{"0":"post-8222","1":"product","2":"type-product","3":"status-publish","4":"has-post-thumbnail","7":"first","8":"outofstock","9":"taxable","10":"shipping-taxable","11":"product-type-simple"},"acf":[],"_links":{"self":[{"href":"https:\/\/www.brbimport.com\/fr\/wp-json\/wp\/v2\/product\/8222","targetHints":{"allow":["GET"]}}],"collection":[{"href":"https:\/\/www.brbimport.com\/fr\/wp-json\/wp\/v2\/product"}],"about":[{"href":"https:\/\/www.brbimport.com\/fr\/wp-json\/wp\/v2\/types\/product"}],"wp:featuredmedia":[{"embeddable":true,"href":"https:\/\/www.brbimport.com\/fr\/wp-json\/wp\/v2\/media\/8224"}],"wp:attachment":[{"href":"https:\/\/www.brbimport.com\/fr\/wp-json\/wp\/v2\/media?parent=8222"}],"wp:term":[{"taxonomy":"product_brand","embeddable":true,"href":"https:\/\/www.brbimport.com\/fr\/wp-json\/wp\/v2\/product_brand?post=8222"},{"taxonomy":"product_cat","embeddable":true,"href":"https:\/\/www.brbimport.com\/fr\/wp-json\/wp\/v2\/product_cat?post=8222"},{"taxonomy":"product_tag","embeddable":true,"href":"https:\/\/www.brbimport.com\/fr\/wp-json\/wp\/v2\/product_tag?post=8222"}],"curies":[{"name":"wp","href":"https:\/\/api.w.org\/{rel}","templated":true}]}}