{"id":8382,"date":"2025-12-01T09:37:52","date_gmt":"2025-12-01T09:37:52","guid":{"rendered":"https:\/\/www.brbimport.com\/chaussons-bio-modele-468-pour-hotels\/"},"modified":"2026-03-26T13:19:13","modified_gmt":"2026-03-26T13:19:13","slug":"chaussons-bio-modele-468-pour-hotels","status":"publish","type":"product","link":"https:\/\/www.brbimport.com\/fr\/produit\/chaussons-bio-modele-468-pour-hotels\/","title":{"rendered":"Chaussons BIO mod\u00e8le 468 pour h\u00f4tels"},"content":{"rendered":"<h3 data-start=\"137\" data-end=\"207\"><strong data-start=\"141\" data-end=\"207\">Chaussons 100 % coton velours \u2013 Naturels, \u00e9l\u00e9gants et r\u00e9sistants<\/strong><\/h3>\n<p data-start=\"209\" data-end=\"403\">Offrez \u00e0 vos clients un confort authentique avec nos <strong data-start=\"266\" data-end=\"301\">chaussons en velours de coton<\/strong>, con\u00e7us pour apporter douceur, l\u00e9g\u00e8ret\u00e9 et une pr\u00e9sentation haut de gamme dans tout type d\u2019h\u00e9bergement.<\/p>\n<p data-start=\"405\" data-end=\"576\"><strong data-start=\"408\" data-end=\"446\">\ud83e\uddf5 Tissu 100 % coton \u2013 velours doux<\/strong><br data-start=\"446\" data-end=\"449\">Fabriqu\u00e9es en <strong data-start=\"463\" data-end=\"479\">coton pur<\/strong> avec une finition <strong data-start=\"492\" data-end=\"502\">velours<\/strong>, elles offrent un toucher doux et velout\u00e9 ainsi qu\u2019une esth\u00e9tique \u00e9l\u00e9gante et accueillante.<\/p>\n<p data-start=\"578\" data-end=\"729\"><strong data-start=\"581\" data-end=\"614\">\ud83e\uddfd Rembourrage en fibre de coton<\/strong><br data-start=\"614\" data-end=\"617\">L\u2019int\u00e9rieur, <strong data-start=\"633\" data-end=\"664\">garni de fibre de coton<\/strong>, offre un confort naturel et une sensation de marche douce et agr\u00e9able.<\/p>\n<p data-start=\"731\" data-end=\"902\"><strong data-start=\"734\" data-end=\"777\">\ud83e\uddf1 Carton renforc\u00e9 pour plus de stabilit\u00e9<\/strong><br data-start=\"777\" data-end=\"780\">La base int\u00e8gre un <strong data-start=\"798\" data-end=\"822\">carton stabilisateur<\/strong> qui maintient la forme de la pantoufle et am\u00e9liore sa durabilit\u00e9 sans ajouter de poids.<\/p>\n<p data-start=\"904\" data-end=\"1027\"><strong data-start=\"907\" data-end=\"934\">\ud83e\uddb6 Semelle en pulpe de papier<\/strong><br data-start=\"934\" data-end=\"937\">L\u00e9g\u00e8re, silencieuse et naturelle, id\u00e9ale pour les environnements o\u00f9 l\u2019on recherche durabilit\u00e9 et confort.<\/p>\n<p data-start=\"1029\" data-end=\"1109\"><strong data-start=\"1032\" data-end=\"1056\">\ud83d\udccf Taille standard 29 cm<\/strong><br data-start=\"1056\" data-end=\"1059\">Con\u00e7ue pour s\u2019adapter \u00e0 la majorit\u00e9 des clients.<\/p>\n<p data-start=\"1111\" data-end=\"1261\"><strong data-start=\"1113\" data-end=\"1160\">\u2728 \u00c9l\u00e9gante, r\u00e9sistante et \u00e0 l\u2019esth\u00e9tique premium<\/strong><br data-start=\"1160\" data-end=\"1163\">Parfaite pour les h\u00f4tels, maisons rurales, spas et \u00e9tablissements souhaitant offrir des produits de qualit\u00e9.<\/p>\n<p data-start=\"1263\" data-end=\"1438\">\ud83d\udce6 Pr\u00e9sentation en cartons de 100 paires. Pratiques pour g\u00e9rer le stock et les r\u00e9assorts\u2026 avec des livraisons rapides et faciles. <\/p>\n","protected":false},"excerpt":{"rendered":"<p>Chaussons biod\u00e9gradables mod\u00e8le 468 pour h\u00f4tels.<\/p>\n","protected":false},"featured_media":8378,"template":"","meta":{"_acf_changed":false},"product_brand":[],"product_cat":[],"product_tag":[],"class_list":{"0":"post-8382","1":"product","2":"type-product","3":"status-publish","4":"has-post-thumbnail","7":"first","8":"outofstock","9":"taxable","10":"shipping-taxable","11":"product-type-simple"},"acf":[],"_links":{"self":[{"href":"https:\/\/www.brbimport.com\/fr\/wp-json\/wp\/v2\/product\/8382","targetHints":{"allow":["GET"]}}],"collection":[{"href":"https:\/\/www.brbimport.com\/fr\/wp-json\/wp\/v2\/product"}],"about":[{"href":"https:\/\/www.brbimport.com\/fr\/wp-json\/wp\/v2\/types\/product"}],"wp:featuredmedia":[{"embeddable":true,"href":"https:\/\/www.brbimport.com\/fr\/wp-json\/wp\/v2\/media\/8378"}],"wp:attachment":[{"href":"https:\/\/www.brbimport.com\/fr\/wp-json\/wp\/v2\/media?parent=8382"}],"wp:term":[{"taxonomy":"product_brand","embeddable":true,"href":"https:\/\/www.brbimport.com\/fr\/wp-json\/wp\/v2\/product_brand?post=8382"},{"taxonomy":"product_cat","embeddable":true,"href":"https:\/\/www.brbimport.com\/fr\/wp-json\/wp\/v2\/product_cat?post=8382"},{"taxonomy":"product_tag","embeddable":true,"href":"https:\/\/www.brbimport.com\/fr\/wp-json\/wp\/v2\/product_tag?post=8382"}],"curies":[{"name":"wp","href":"https:\/\/api.w.org\/{rel}","templated":true}]}}