{"id":8396,"date":"2025-11-28T12:58:45","date_gmt":"2025-11-28T12:58:45","guid":{"rendered":"https:\/\/www.brbimport.com\/chaussons-bio-en-coton-velours-modele-464\/"},"modified":"2026-03-26T13:24:19","modified_gmt":"2026-03-26T13:24:19","slug":"chaussons-bio-en-coton-velours-modele-464","status":"publish","type":"product","link":"https:\/\/www.brbimport.com\/fr\/produit\/chaussons-bio-en-coton-velours-modele-464\/","title":{"rendered":"Chaussons BIO en coton velours mod\u00e8le 464"},"content":{"rendered":"<h3 data-start=\"137\" data-end=\"207\"><strong data-start=\"141\" data-end=\"207\">Chaussons 100 % coton velours \u2013 \u00c9l\u00e9gants, naturels et r\u00e9sistants<\/strong><\/h3>\n<p data-start=\"209\" data-end=\"385\">D\u00e9couvrez une option douce, naturelle et tr\u00e8s confortable avec nos <strong data-start=\"275\" data-end=\"307\">chaussons en coton velours<\/strong>, con\u00e7us pour les h\u00e9bergements qui recherchent la qualit\u00e9 et une pr\u00e9sentation impeccable.<\/p>\n<p data-start=\"387\" data-end=\"532\"><strong data-start=\"390\" data-end=\"424\">\ud83e\uddf5 100 % coton finition velours<\/strong><br data-start=\"424\" data-end=\"427\">Fabriqu\u00e9es en <strong data-start=\"441\" data-end=\"457\">coton pur<\/strong>, avec un toucher velout\u00e9 qui apporte douceur et une apparence \u00e9l\u00e9gante.<\/p>\n<p data-start=\"534\" data-end=\"663\"><strong data-start=\"537\" data-end=\"570\">\ud83e\uddfd Rembourrage en fibre de coton<\/strong><br data-start=\"570\" data-end=\"573\">Le rembourrage int\u00e9rieur en fibre de coton offre une sensation de marche moelleuse, l\u00e9g\u00e8re et agr\u00e9able.<\/p>\n<p data-start=\"665\" data-end=\"822\"><strong data-start=\"668\" data-end=\"711\">\ud83e\uddf1 Carton renforc\u00e9 pour plus de stabilit\u00e9<\/strong><br data-start=\"711\" data-end=\"714\">Elles int\u00e8grent une base en <strong data-start=\"737\" data-end=\"761\">carton stabilisateur<\/strong> qui maintient la forme et apporte de la r\u00e9sistance sans ajouter de poids.<\/p>\n<p data-start=\"824\" data-end=\"956\"><strong data-start=\"827\" data-end=\"854\">\ud83e\uddb6 Semelle en pulpe de papier<\/strong><br data-start=\"854\" data-end=\"857\">Une semelle naturelle, l\u00e9g\u00e8re et silencieuse, id\u00e9ale pour les s\u00e9jours en h\u00f4tels et h\u00e9bergements durables.<\/p>\n<p data-start=\"958\" data-end=\"1041\"><strong data-start=\"961\" data-end=\"985\">\ud83d\udccf Taille standard 29 cm<\/strong><br data-start=\"985\" data-end=\"988\">Adapt\u00e9e \u00e0 la majorit\u00e9 des clients, confortable et polyvalente.<\/p>\n<p data-start=\"1043\" data-end=\"1195\"><strong data-start=\"1045\" data-end=\"1093\">\u2728 \u00c9l\u00e9gantes, r\u00e9sistantes et \u00e0 l\u2019esth\u00e9tique premium<\/strong><br data-start=\"1093\" data-end=\"1096\">Parfaites pour les h\u00f4tels, maisons rurales, spas et \u00e9tablissements souhaitant offrir des produits de qualit\u00e9.<\/p>\n<p data-start=\"1197\" data-end=\"1372\">\ud83d\udce6 Pr\u00e9sentation en cartons de 100 paires. Pratiques pour g\u00e9rer le stock et les r\u00e9assorts\u2026 avec des livraisons rapides et faciles. <\/p>\n","protected":false},"excerpt":{"rendered":"<p>Chaussons en velours de coton 100 % biod\u00e9gradables 464<\/p>\n","protected":false},"featured_media":7295,"template":"","meta":{"_acf_changed":false},"product_brand":[],"product_cat":[],"product_tag":[],"class_list":{"0":"post-8396","1":"product","2":"type-product","3":"status-publish","4":"has-post-thumbnail","7":"first","8":"outofstock","9":"taxable","10":"shipping-taxable","11":"product-type-simple"},"acf":[],"_links":{"self":[{"href":"https:\/\/www.brbimport.com\/fr\/wp-json\/wp\/v2\/product\/8396","targetHints":{"allow":["GET"]}}],"collection":[{"href":"https:\/\/www.brbimport.com\/fr\/wp-json\/wp\/v2\/product"}],"about":[{"href":"https:\/\/www.brbimport.com\/fr\/wp-json\/wp\/v2\/types\/product"}],"wp:featuredmedia":[{"embeddable":true,"href":"https:\/\/www.brbimport.com\/fr\/wp-json\/wp\/v2\/media\/7295"}],"wp:attachment":[{"href":"https:\/\/www.brbimport.com\/fr\/wp-json\/wp\/v2\/media?parent=8396"}],"wp:term":[{"taxonomy":"product_brand","embeddable":true,"href":"https:\/\/www.brbimport.com\/fr\/wp-json\/wp\/v2\/product_brand?post=8396"},{"taxonomy":"product_cat","embeddable":true,"href":"https:\/\/www.brbimport.com\/fr\/wp-json\/wp\/v2\/product_cat?post=8396"},{"taxonomy":"product_tag","embeddable":true,"href":"https:\/\/www.brbimport.com\/fr\/wp-json\/wp\/v2\/product_tag?post=8396"}],"curies":[{"name":"wp","href":"https:\/\/api.w.org\/{rel}","templated":true}]}}