{"id":8408,"date":"2025-11-28T12:43:15","date_gmt":"2025-11-28T12:43:15","guid":{"rendered":"https:\/\/www.brbimport.com\/zapatilla-bio-de-algodon-y-yute-438\/"},"modified":"2026-03-26T13:31:18","modified_gmt":"2026-03-26T13:31:18","slug":"zapatilla-bio-de-algodon-y-yute-438","status":"publish","type":"product","link":"https:\/\/www.brbimport.com\/fr\/produit\/zapatilla-bio-de-algodon-y-yute-438\/","title":{"rendered":"Chausson BIO en coton et jute 438"},"content":{"rendered":"<h3 data-start=\"180\" data-end=\"242\"><strong data-start=\"184\" data-end=\"242\">Chausson \u00c9co 100 % Bio \u2013 Coton, Jute et Semelle Naturelle<\/strong><\/h3>\n<p data-start=\"244\" data-end=\"414\">Offrez \u00e0 vos clients une option respectueuse de l\u2019environnement avec nos <strong data-start=\"324\" data-end=\"347\">chaussons 100 % bio<\/strong>, fabriqu\u00e9s exclusivement \u00e0 partir de mat\u00e9riaux naturels et durables.<\/p>\n<p data-start=\"416\" data-end=\"636\"><strong data-start=\"419\" data-end=\"453\">\ud83c\udf3f Mat\u00e9riaux 100 % biod\u00e9gradables<\/strong><br data-start=\"453\" data-end=\"456\">Confectionn\u00e9es en <strong data-start=\"474\" data-end=\"490\">coton 100 %,<\/strong> avec un ext\u00e9rieur en<strong data-start=\"508\" data-end=\"524\"> jute naturel <\/strong>et un rembourrage en <strong data-start=\"538\" data-end=\"558\">fibre de coton<\/strong>, ces chaussons sont enti\u00e8rement biod\u00e9gradables et respectueux de l\u2019environnement.<\/p>\n<p data-start=\"638\" data-end=\"783\"><strong data-start=\"641\" data-end=\"669\">\ud83e\uddf5 Ext\u00e9rieur en jute naturel<\/strong><br data-start=\"669\" data-end=\"672\">Le jute apporte une apparence rustique et \u00e9l\u00e9gante, tout en conservant la r\u00e9sistance et la l\u00e9g\u00e8ret\u00e9 du produit.<\/p>\n<p data-start=\"785\" data-end=\"920\"><strong data-start=\"788\" data-end=\"819\">\ud83e\uddfd Rembourrage en fibre de coton<\/strong><br data-start=\"819\" data-end=\"822\">Le rembourrage int\u00e9rieur offre confort et douceur, id\u00e9al pour une marche agr\u00e9able et naturelle.<\/p>\n<p data-start=\"922\" data-end=\"1050\"><strong data-start=\"925\" data-end=\"950\">\ud83e\uddb6 Semelle naturelle de 3 mm<\/strong><br data-start=\"950\" data-end=\"953\">Offre l\u00e9g\u00e8ret\u00e9 et un soutien suffisant pour les s\u00e9jours en h\u00f4tels, spas et h\u00e9bergements \u00e9co-responsables.<\/p>\n<p data-start=\"1052\" data-end=\"1148\"><strong data-start=\"1055\" data-end=\"1079\">\ud83d\udccf Taille standard 29 cm<\/strong><br data-start=\"1079\" data-end=\"1082\">Con\u00e7ue pour s\u2019adapter confortablement \u00e0 la majorit\u00e9 des clients.<\/p>\n<p data-start=\"1150\" data-end=\"1278\"><strong data-start=\"1152\" data-end=\"1187\">\u2728 Confortable, naturelle et durable<\/strong><br data-start=\"1187\" data-end=\"1190\">L\u2019option parfaite pour les \u00e9tablissements souhaitant proposer des amenities r\u00e9ellement durables.<\/p>\n<p data-start=\"1280\" data-end=\"1455\">\ud83d\udce6 Pr\u00e9sentation en cartons de 100 paires. Pratiques pour g\u00e9rer le stock et les r\u00e9assorts\u2026 avec des livraisons rapides et faciles. <\/p>\n","protected":false},"excerpt":{"rendered":"<p>Chausson 100 % biod\u00e9gradable pour h\u00f4tels mod\u00e8le 438<\/p>\n","protected":false},"featured_media":8409,"template":"","meta":{"_acf_changed":false},"product_brand":[],"product_cat":[],"product_tag":[],"class_list":{"0":"post-8408","1":"product","2":"type-product","3":"status-publish","4":"has-post-thumbnail","7":"first","8":"outofstock","9":"taxable","10":"shipping-taxable","11":"product-type-simple"},"acf":[],"_links":{"self":[{"href":"https:\/\/www.brbimport.com\/fr\/wp-json\/wp\/v2\/product\/8408","targetHints":{"allow":["GET"]}}],"collection":[{"href":"https:\/\/www.brbimport.com\/fr\/wp-json\/wp\/v2\/product"}],"about":[{"href":"https:\/\/www.brbimport.com\/fr\/wp-json\/wp\/v2\/types\/product"}],"wp:featuredmedia":[{"embeddable":true,"href":"https:\/\/www.brbimport.com\/fr\/wp-json\/wp\/v2\/media\/8409"}],"wp:attachment":[{"href":"https:\/\/www.brbimport.com\/fr\/wp-json\/wp\/v2\/media?parent=8408"}],"wp:term":[{"taxonomy":"product_brand","embeddable":true,"href":"https:\/\/www.brbimport.com\/fr\/wp-json\/wp\/v2\/product_brand?post=8408"},{"taxonomy":"product_cat","embeddable":true,"href":"https:\/\/www.brbimport.com\/fr\/wp-json\/wp\/v2\/product_cat?post=8408"},{"taxonomy":"product_tag","embeddable":true,"href":"https:\/\/www.brbimport.com\/fr\/wp-json\/wp\/v2\/product_tag?post=8408"}],"curies":[{"name":"wp","href":"https:\/\/api.w.org\/{rel}","templated":true}]}}