{"id":8418,"date":"2025-11-28T11:40:15","date_gmt":"2025-11-28T11:40:15","guid":{"rendered":"https:\/\/www.brbimport.com\/zapatillas-eco-de-yute-claro-para-hotel-414\/"},"modified":"2026-03-30T12:43:24","modified_gmt":"2026-03-30T12:43:24","slug":"zapatillas-eco-de-yute-claro-para-hotel-414","status":"publish","type":"product","link":"https:\/\/www.brbimport.com\/fr\/produit\/zapatillas-eco-de-yute-claro-para-hotel-414\/","title":{"rendered":"Chaussons \u00e9cologiques en jute clair pour h\u00f4tel 414"},"content":{"rendered":"<h3 data-start=\"117\" data-end=\"185\"><strong data-start=\"121\" data-end=\"185\">Chausson \u00e9cologique en jute clair \u2013 naturel, \u00e9l\u00e9gant et r\u00e9sistant<\/strong><\/h3>\n<p data-start=\"187\" data-end=\"380\">Offrez \u00e0 vos clients une option durable et \u00e9l\u00e9gante gr\u00e2ce \u00e0 nos <strong data-start=\"264\" data-end=\"292\">chaussons en jute clair<\/strong>, con\u00e7us pour apporter confort et une image soign\u00e9e \u00e0 tout h\u00e9bergement touristique.<\/p>\n<p><\/p>\n<p data-start=\"382\" data-end=\"534\"><strong data-start=\"385\" data-end=\"419\">\ud83c\udf3f Ext\u00e9rieur en jute clair naturel<\/strong><br data-start=\"419\" data-end=\"422\">Fabriqu\u00e9s en<strong data-start=\"436\" data-end=\"444\"> jute<\/strong> de couleur claire, un mat\u00e9riau biod\u00e9gradable, r\u00e9sistant, avec une finition rustique et \u00e9l\u00e9gante.<\/p>\n<p data-start=\"536\" data-end=\"675\"><strong data-start=\"539\" data-end=\"580\">\ud83e\uddfd Mousse rembourr\u00e9e pour plus de confort<\/strong><br data-start=\"580\" data-end=\"583\">L\u2019int\u00e9rieur est dot\u00e9 d\u2019un <strong data-start=\"605\" data-end=\"624\">rembourrage doux<\/strong>, offrant une marche confortable et tr\u00e8s agr\u00e9able.<\/p>\n<p data-start=\"677\" data-end=\"845\"><strong data-start=\"680\" data-end=\"722\">\ud83e\uddf1 Carton renforc\u00e9 pour une meilleure structure<\/strong><br data-start=\"722\" data-end=\"725\">La base int\u00e8gre un <strong data-start=\"744\" data-end=\"768\">carton stabilisateur<\/strong> qui apporte de la fermet\u00e9 et maintient la forme du chausson sans perdre en l\u00e9g\u00e8ret\u00e9.<\/p>\n<p data-start=\"847\" data-end=\"979\"><strong data-start=\"850\" data-end=\"874\">\ud83d\udccf Taille standard 29 cm<\/strong><br data-start=\"874\" data-end=\"877\">Convient \u00e0 la plupart des clients, id\u00e9ale pour h\u00f4tels, maisons rurales et h\u00e9bergements \u00e0 philosophie \u00e9cologique.<\/p>\n<p data-start=\"981\" data-end=\"1099\"><strong data-start=\"983\" data-end=\"1024\">\u2728 \u00c9l\u00e9gants, r\u00e9sistants et responsables<\/strong><br data-start=\"1024\" data-end=\"1027\">Le choix parfait pour ceux qui souhaitent des amenities naturelles et de qualit\u00e9.<\/p>\n<p data-start=\"1101\" data-end=\"1276\">\n","protected":false},"excerpt":{"rendered":"<p>Chausson en jute clair pour h\u00f4tel mod\u00e8le 414<\/p>\n","protected":false},"featured_media":8419,"template":"","meta":{"_acf_changed":false},"product_brand":[],"product_cat":[],"product_tag":[],"class_list":{"0":"post-8418","1":"product","2":"type-product","3":"status-publish","4":"has-post-thumbnail","7":"first","8":"outofstock","9":"taxable","10":"shipping-taxable","11":"product-type-simple"},"acf":[],"_links":{"self":[{"href":"https:\/\/www.brbimport.com\/fr\/wp-json\/wp\/v2\/product\/8418","targetHints":{"allow":["GET"]}}],"collection":[{"href":"https:\/\/www.brbimport.com\/fr\/wp-json\/wp\/v2\/product"}],"about":[{"href":"https:\/\/www.brbimport.com\/fr\/wp-json\/wp\/v2\/types\/product"}],"wp:featuredmedia":[{"embeddable":true,"href":"https:\/\/www.brbimport.com\/fr\/wp-json\/wp\/v2\/media\/8419"}],"wp:attachment":[{"href":"https:\/\/www.brbimport.com\/fr\/wp-json\/wp\/v2\/media?parent=8418"}],"wp:term":[{"taxonomy":"product_brand","embeddable":true,"href":"https:\/\/www.brbimport.com\/fr\/wp-json\/wp\/v2\/product_brand?post=8418"},{"taxonomy":"product_cat","embeddable":true,"href":"https:\/\/www.brbimport.com\/fr\/wp-json\/wp\/v2\/product_cat?post=8418"},{"taxonomy":"product_tag","embeddable":true,"href":"https:\/\/www.brbimport.com\/fr\/wp-json\/wp\/v2\/product_tag?post=8418"}],"curies":[{"name":"wp","href":"https:\/\/api.w.org\/{rel}","templated":true}]}}