{"id":8422,"date":"2025-11-28T11:28:45","date_gmt":"2025-11-28T11:28:45","guid":{"rendered":"https:\/\/www.brbimport.com\/zapatilla-yute-modelo-411\/"},"modified":"2026-03-30T12:50:36","modified_gmt":"2026-03-30T12:50:36","slug":"zapatilla-yute-modelo-411","status":"publish","type":"product","link":"https:\/\/www.brbimport.com\/fr\/produit\/zapatilla-yute-modelo-411\/","title":{"rendered":"Chausson en jute mod\u00e8le 411"},"content":{"rendered":"<h3 data-start=\"125\" data-end=\"194\"><strong data-start=\"129\" data-end=\"194\">Chausson \u00e9cologique en jute clair \u2013 naturel, \u00e9l\u00e9gant et confortable<\/strong><\/h3>\n<p data-start=\"196\" data-end=\"360\">Apportez une touche durable et sophistiqu\u00e9e \u00e0 votre h\u00e9bergement avec nos <strong data-start=\"267\" data-end=\"299\">chaussons \u00e9cologiques en jute clair,<\/strong> con\u00e7us pour offrir confort et style \u00e0 chaque s\u00e9jour.<\/p>\n<p data-start=\"362\" data-end=\"516\"><strong data-start=\"365\" data-end=\"399\">\ud83c\udf3f Ext\u00e9rieur en jute clair naturel<\/strong><br data-start=\"399\" data-end=\"402\">Fabriqu\u00e9s en <strong data-start=\"416\" data-end=\"424\">jute<\/strong>, un mat\u00e9riau biod\u00e9gradable et r\u00e9sistant, ils offrent un aspect naturel, frais et tr\u00e8s \u00e9l\u00e9gant.<\/p>\n<p data-start=\"518\" data-end=\"670\"><strong data-start=\"521\" data-end=\"560\">\ud83e\uddfd Mousse rembourr\u00e9e pour plus de confort<\/strong><br data-start=\"560\" data-end=\"563\">L\u2019int\u00e9rieur int\u00e8gre un <strong data-start=\"585\" data-end=\"604\">rembourrage doux<\/strong>, offrant une marche confortable et agr\u00e9able pour vos clients.<\/p>\n<p data-start=\"672\" data-end=\"841\"><strong data-start=\"675\" data-end=\"718\">\ud83e\uddf1 Carton renforc\u00e9 pour plus de stabilit\u00e9<\/strong><br data-start=\"718\" data-end=\"721\">La structure du chausson int\u00e8gre un <strong data-start=\"762\" data-end=\"786\">carton stabilisateur<\/strong>, apportant fermet\u00e9 et durabilit\u00e9 sans perdre en l\u00e9g\u00e8ret\u00e9.<\/p>\n<p><\/p>\n<p data-start=\"843\" data-end=\"982\"><strong data-start=\"846\" data-end=\"871\">\ud83e\uddb6 Taille standard 29 cm<\/strong><br data-start=\"871\" data-end=\"874\">S\u2019adapte confortablement \u00e0 la plupart des utilisateurs, id\u00e9al pour h\u00f4tels, maisons rurales et h\u00e9bergements touristiques.<\/p>\n<p data-start=\"984\" data-end=\"1110\"><strong data-start=\"986\" data-end=\"1027\">\u2728 \u00c9l\u00e9gants, r\u00e9sistants et \u00e9co-responsables<\/strong><br data-start=\"1027\" data-end=\"1030\">Parfaits pour ceux qui recherchent des produits d\u2019accueil responsables sans renoncer \u00e0 la qualit\u00e9.<\/p>\n<p data-start=\"1112\" data-end=\"1287\">\ud83d\udce6 Pr\u00e9sentation en cartons de 100 paires. Pratiques pour g\u00e9rer le stock et les r\u00e9assorts\u2026 avec des livraisons rapides et faciles. <\/p>\n","protected":false},"excerpt":{"rendered":"<p>Chausson en jute mod\u00e8le 411<\/p>\n","protected":false},"featured_media":8424,"template":"","meta":{"_acf_changed":false},"product_brand":[],"product_cat":[],"product_tag":[],"class_list":{"0":"post-8422","1":"product","2":"type-product","3":"status-publish","4":"has-post-thumbnail","7":"first","8":"outofstock","9":"taxable","10":"shipping-taxable","11":"product-type-simple"},"acf":[],"_links":{"self":[{"href":"https:\/\/www.brbimport.com\/fr\/wp-json\/wp\/v2\/product\/8422","targetHints":{"allow":["GET"]}}],"collection":[{"href":"https:\/\/www.brbimport.com\/fr\/wp-json\/wp\/v2\/product"}],"about":[{"href":"https:\/\/www.brbimport.com\/fr\/wp-json\/wp\/v2\/types\/product"}],"wp:featuredmedia":[{"embeddable":true,"href":"https:\/\/www.brbimport.com\/fr\/wp-json\/wp\/v2\/media\/8424"}],"wp:attachment":[{"href":"https:\/\/www.brbimport.com\/fr\/wp-json\/wp\/v2\/media?parent=8422"}],"wp:term":[{"taxonomy":"product_brand","embeddable":true,"href":"https:\/\/www.brbimport.com\/fr\/wp-json\/wp\/v2\/product_brand?post=8422"},{"taxonomy":"product_cat","embeddable":true,"href":"https:\/\/www.brbimport.com\/fr\/wp-json\/wp\/v2\/product_cat?post=8422"},{"taxonomy":"product_tag","embeddable":true,"href":"https:\/\/www.brbimport.com\/fr\/wp-json\/wp\/v2\/product_tag?post=8422"}],"curies":[{"name":"wp","href":"https:\/\/api.w.org\/{rel}","templated":true}]}}