{"id":8432,"date":"2025-11-28T10:31:51","date_gmt":"2025-11-28T10:31:51","guid":{"rendered":"https:\/\/www.brbimport.com\/sandalia-bambu-spa-con-velcro-modelo-576\/"},"modified":"2026-03-31T09:03:48","modified_gmt":"2026-03-31T09:03:48","slug":"sandalia-bambu-spa-con-velcro-modelo-576","status":"publish","type":"product","link":"https:\/\/www.brbimport.com\/fr\/produit\/sandalia-bambu-spa-con-velcro-modelo-576\/","title":{"rendered":"Sandale SPA en bambou avec velcro mod\u00e8le 576"},"content":{"rendered":"<h3 data-start=\"124\" data-end=\"205\"><strong data-start=\"128\" data-end=\"205\">Sandale SPA en bambou avec velcro \u2013 naturelle, ajustable et ultra confortable<\/strong><\/h3>\n<p data-start=\"207\" data-end=\"410\">D\u00e9couvrez la combinaison parfaite de confort et de style avec nos <strong data-start=\"275\" data-end=\"313\">sandales de spa en bambou tiss\u00e9<\/strong>, con\u00e7ues pour offrir une exp\u00e9rience relaxante et naturelle dans les h\u00f4tels, spas et centres de bien-\u00eatre.<\/p>\n<p data-start=\"412\" data-end=\"570\"><strong data-start=\"415\" data-end=\"447\">\ud83c\udf3f Bambou tiss\u00e9 de haute qualit\u00e9<\/strong><br data-start=\"447\" data-end=\"450\">La base est fabriqu\u00e9e en <strong data-start=\"476\" data-end=\"494\">bambou tress\u00e9<\/strong>, un mat\u00e9riau naturel et r\u00e9sistant qui apporte fra\u00eecheur et un toucher agr\u00e9able.<\/p>\n<p data-start=\"572\" data-end=\"710\"><strong data-start=\"575\" data-end=\"614\">\ud83d\udc63 Design ouvert pour plus de confort<\/strong><br data-start=\"614\" data-end=\"617\">La<strong data-start=\"620\" data-end=\"645\"> pointe ouverte<\/strong> permet une meilleure ventilation et une sensation plus l\u00e9g\u00e8re lors de la marche.<\/p>\n<p data-start=\"712\" data-end=\"911\"><strong data-start=\"715\" data-end=\"746\">\ud83d\udd12 Fermeture ajustable avec velcro<\/strong><br data-start=\"746\" data-end=\"749\">La bande sup\u00e9rieure, fabriqu\u00e9e en tissu imperm\u00e9able, int\u00e8gre un <strong data-start=\"781\" data-end=\"803\">velcro<\/strong> pratique assurant un ajustement confortable, ferme et adaptable \u00e0 diff\u00e9rents types de pied.<\/p>\n<p data-start=\"913\" data-end=\"1047\"><strong data-start=\"916\" data-end=\"938\">\ud83e\uddf5 Finitions en tissu<\/strong><br data-start=\"938\" data-end=\"941\">Le contour de la semelle est rev\u00eatu de <strong data-start=\"984\" data-end=\"994\">tissu<\/strong>, apportant une touche \u00e9l\u00e9gante et naturelle au design.<\/p>\n<p data-start=\"1049\" data-end=\"1091\"><strong data-start=\"1052\" data-end=\"1089\">\ud83e\uddb6 Semelle en EVA disponible en 8 ou 10 mm<\/strong><\/p>\n<ul data-start=\"1092\" data-end=\"1234\">\n<li data-start=\"1092\" data-end=\"1123\">\n<p data-start=\"1094\" data-end=\"1123\"><strong data-start=\"1094\" data-end=\"1103\">8 mm<\/strong> : l\u00e9g\u00e8re et flexible<\/p>\n<\/li>\n<li data-start=\"1124\" data-end=\"1234\">\n<p data-start=\"1126\" data-end=\"1234\"><strong data-start=\"1126\" data-end=\"1136\">10 mm <\/strong>: plus de fermet\u00e9 et de durabilit\u00e9<br data-start=\"1164\" data-end=\"1167\">Les deux options offrent une marche confortable et s\u00fbre dans les zones humides.<\/p>\n<\/li>\n<\/ul>\n<p data-start=\"1236\" data-end=\"1347\"><strong data-start=\"1238\" data-end=\"1289\">\u2728 Id\u00e9ale pour spas, h\u00f4tels et centres de bien-\u00eatre<\/strong><br data-start=\"1289\" data-end=\"1292\">Une sandale con\u00e7ue pour le confort, l\u2019hygi\u00e8ne et le style.<\/p>\n<p data-start=\"1349\" data-end=\"1524\">\ud83d\udce6 Pr\u00e9sentation en cartons de 100 paires. Pratiques pour g\u00e9rer le stock et les r\u00e9assorts\u2026 avec des livraisons rapides et faciles. <\/p>\n","protected":false},"excerpt":{"rendered":"<p>Sandalia para SPA de bamb\u00fa con velcro modelo 576<\/p>\n","protected":false},"featured_media":8433,"template":"","meta":{"_acf_changed":false},"product_brand":[],"product_cat":[],"product_tag":[],"class_list":{"0":"post-8432","1":"product","2":"type-product","3":"status-publish","4":"has-post-thumbnail","7":"first","8":"outofstock","9":"taxable","10":"shipping-taxable","11":"product-type-simple"},"acf":[],"_links":{"self":[{"href":"https:\/\/www.brbimport.com\/fr\/wp-json\/wp\/v2\/product\/8432","targetHints":{"allow":["GET"]}}],"collection":[{"href":"https:\/\/www.brbimport.com\/fr\/wp-json\/wp\/v2\/product"}],"about":[{"href":"https:\/\/www.brbimport.com\/fr\/wp-json\/wp\/v2\/types\/product"}],"wp:featuredmedia":[{"embeddable":true,"href":"https:\/\/www.brbimport.com\/fr\/wp-json\/wp\/v2\/media\/8433"}],"wp:attachment":[{"href":"https:\/\/www.brbimport.com\/fr\/wp-json\/wp\/v2\/media?parent=8432"}],"wp:term":[{"taxonomy":"product_brand","embeddable":true,"href":"https:\/\/www.brbimport.com\/fr\/wp-json\/wp\/v2\/product_brand?post=8432"},{"taxonomy":"product_cat","embeddable":true,"href":"https:\/\/www.brbimport.com\/fr\/wp-json\/wp\/v2\/product_cat?post=8432"},{"taxonomy":"product_tag","embeddable":true,"href":"https:\/\/www.brbimport.com\/fr\/wp-json\/wp\/v2\/product_tag?post=8432"}],"curies":[{"name":"wp","href":"https:\/\/api.w.org\/{rel}","templated":true}]}}