{"id":8436,"date":"2025-11-28T10:09:08","date_gmt":"2025-11-28T10:09:08","guid":{"rendered":"https:\/\/www.brbimport.com\/sandalia-para-spa-557\/"},"modified":"2026-03-31T09:10:32","modified_gmt":"2026-03-31T09:10:32","slug":"sandalia-para-spa-557","status":"publish","type":"product","link":"https:\/\/www.brbimport.com\/fr\/produit\/sandalia-para-spa-557\/","title":{"rendered":"Sandale pour SPA 557"},"content":{"rendered":"<h3 data-start=\"136\" data-end=\"198\"><strong data-start=\"140\" data-end=\"198\">Sandale flexible pour spa \u2013 l\u00e9g\u00e8re, s\u00fbre et pratique<\/strong><\/h3>\n<p data-start=\"200\" data-end=\"371\">Offrez \u00e0 vos clients une option confortable et hygi\u00e9nique avec nos <strong data-start=\"266\" data-end=\"307\">sandales de spa en plastique flexible<\/strong>, id\u00e9ales pour les zones humides, les piscines, les spas et les centres de bien-\u00eatre.<\/p>\n<p data-start=\"373\" data-end=\"516\"><strong data-start=\"376\" data-end=\"409\">\ud83d\udc63 Design ouvert et respirant<\/strong><br data-start=\"409\" data-end=\"412\">La <strong data-start=\"415\" data-end=\"432\">pointe ouverte<\/strong> offre une meilleure ventilation et une plus grande libert\u00e9 de mouvement, parfaite pour les moments de d\u00e9tente.<\/p>\n<p data-start=\"518\" data-end=\"678\"><strong data-start=\"521\" data-end=\"551\">\ud83e\uddd8 Mat\u00e9riau flexible et confortable<\/strong><br data-start=\"551\" data-end=\"554\">Fabriqu\u00e9es en <strong data-start=\"568\" data-end=\"589\">plastique flexible,<\/strong> elles s\u2019adaptent facilement au pied et sont tr\u00e8s confortables \u00e0 porter, m\u00eame pendant de longues p\u00e9riodes.<\/p>\n<p data-start=\"680\" data-end=\"740\"><strong data-start=\"683\" data-end=\"708\">\ud83e\uddb6 Semelle en EVA de 2 ou 4 mm<\/strong><br data-start=\"708\" data-end=\"711\">Disponible en deux \u00e9paisseurs :<\/p>\n<ul data-start=\"741\" data-end=\"807\">\n<li data-start=\"741\" data-end=\"767\">\n<p data-start=\"743\" data-end=\"767\"><strong data-start=\"743\" data-end=\"751\">2 mm <\/strong>\u2192 ultra l\u00e9g\u00e8re<\/p>\n<\/li>\n<li data-start=\"768\" data-end=\"807\">\n<p data-start=\"770\" data-end=\"807\"><strong data-start=\"770\" data-end=\"778\">4 mm <\/strong>\u2192 plus r\u00e9sistante et stable<\/p>\n<\/li>\n<\/ul>\n<p data-start=\"809\" data-end=\"896\">Les deux options offrent une marche s\u00fbre et confortable, m\u00eame sur sols mouill\u00e9s.<\/p>\n<p data-start=\"898\" data-end=\"1043\"><strong data-start=\"901\" data-end=\"957\">\ud83d\udccd Parfaites pour spas, h\u00f4tels, salles de sport et centres thermaux<\/strong><br data-start=\"957\" data-end=\"960\">Une solution pratique et \u00e9conomique pour offrir hygi\u00e8ne et confort aux clients.<\/p>\n<p data-start=\"1045\" data-end=\"1220\">\n","protected":false},"excerpt":{"rendered":"<p>Sandale flexible pour spa 575<\/p>\n","protected":false},"featured_media":8437,"template":"","meta":{"_acf_changed":false},"product_brand":[],"product_cat":[],"product_tag":[],"class_list":{"0":"post-8436","1":"product","2":"type-product","3":"status-publish","4":"has-post-thumbnail","7":"first","8":"outofstock","9":"taxable","10":"shipping-taxable","11":"product-type-simple"},"acf":[],"_links":{"self":[{"href":"https:\/\/www.brbimport.com\/fr\/wp-json\/wp\/v2\/product\/8436","targetHints":{"allow":["GET"]}}],"collection":[{"href":"https:\/\/www.brbimport.com\/fr\/wp-json\/wp\/v2\/product"}],"about":[{"href":"https:\/\/www.brbimport.com\/fr\/wp-json\/wp\/v2\/types\/product"}],"wp:featuredmedia":[{"embeddable":true,"href":"https:\/\/www.brbimport.com\/fr\/wp-json\/wp\/v2\/media\/8437"}],"wp:attachment":[{"href":"https:\/\/www.brbimport.com\/fr\/wp-json\/wp\/v2\/media?parent=8436"}],"wp:term":[{"taxonomy":"product_brand","embeddable":true,"href":"https:\/\/www.brbimport.com\/fr\/wp-json\/wp\/v2\/product_brand?post=8436"},{"taxonomy":"product_cat","embeddable":true,"href":"https:\/\/www.brbimport.com\/fr\/wp-json\/wp\/v2\/product_cat?post=8436"},{"taxonomy":"product_tag","embeddable":true,"href":"https:\/\/www.brbimport.com\/fr\/wp-json\/wp\/v2\/product_tag?post=8436"}],"curies":[{"name":"wp","href":"https:\/\/api.w.org\/{rel}","templated":true}]}}