{"id":8440,"date":"2025-11-28T09:50:31","date_gmt":"2025-11-28T09:50:31","guid":{"rendered":"https:\/\/www.brbimport.com\/sandalia-tiras-cruzadas-modelo-566\/"},"modified":"2026-03-31T09:19:03","modified_gmt":"2026-03-31T09:19:03","slug":"sandalia-tiras-cruzadas-modelo-566","status":"publish","type":"product","link":"https:\/\/www.brbimport.com\/fr\/produit\/sandalia-tiras-cruzadas-modelo-566\/","title":{"rendered":"Sandale \u00e0 brides crois\u00e9es mod\u00e8le 566"},"content":{"rendered":"<h3 data-start=\"134\" data-end=\"203\"><strong data-start=\"138\" data-end=\"203\">Sandale SPA en bambou \u2013 design naturel, confortable et \u00e9l\u00e9gant<\/strong><\/h3>\n<p data-start=\"205\" data-end=\"348\">Apportez une touche de style naturel \u00e0 votre spa ou \u00e0 votre h\u00e9bergement avec nos<strong data-start=\"275\" data-end=\"304\"> sandales en bambou tiss\u00e9<\/strong>, parfaites pour les espaces de d\u00e9tente et de bien-\u00eatre.<\/p>\n<p data-start=\"350\" data-end=\"513\"><strong data-start=\"353\" data-end=\"385\">\ud83c\udf3f Bambou tiss\u00e9 de haute qualit\u00e9<\/strong><br data-start=\"385\" data-end=\"388\">Fabriqu\u00e9es en <strong data-start=\"403\" data-end=\"421\">bambou tress\u00e9<\/strong>, elles offrent une texture douce, fra\u00eeche et tr\u00e8s r\u00e9sistante, id\u00e9ale pour les environnements humides et de spa.<\/p>\n<p data-start=\"515\" data-end=\"674\"><strong data-start=\"518\" data-end=\"545\">\ud83d\udc63 Design ouvert et confortable<\/strong><br data-start=\"545\" data-end=\"548\">La <strong data-start=\"551\" data-end=\"568\">pointe ouverte<\/strong> offre ventilation et l\u00e9g\u00e8ret\u00e9, tandis que les <strong data-start=\"617\" data-end=\"635\">brides crois\u00e9es<\/strong> assurent un ajustement confortable et stable.<\/p>\n<p data-start=\"676\" data-end=\"824\"><strong data-start=\"679\" data-end=\"701\">\ud83e\uddf5 Finitions en tissu<\/strong><br data-start=\"701\" data-end=\"704\">Le contour de la semelle et les brides sont recouverts d\u2019un <strong data-start=\"762\" data-end=\"778\">tissu doux<\/strong>, offrant une finition plus \u00e9l\u00e9gante et naturelle.<\/p>\n<p data-start=\"826\" data-end=\"887\"><strong data-start=\"829\" data-end=\"855\">\ud83e\uddb6 Semelle en EVA de 8 ou 10 mm<\/strong><br data-start=\"855\" data-end=\"858\">Disponible en deux \u00e9paisseurs :<\/p>\n<ul data-start=\"888\" data-end=\"1011\">\n<li data-start=\"888\" data-end=\"920\">\n<p data-start=\"890\" data-end=\"920\"><strong data-start=\"890\" data-end=\"898\">8 mm<\/strong> \u2192 l\u00e9g\u00e8re et flexible<\/p>\n<\/li>\n<li data-start=\"921\" data-end=\"1011\">\n<p data-start=\"923\" data-end=\"1011\"><strong data-start=\"923\" data-end=\"932\">10 mm <\/strong>\u2192 plus ferme et r\u00e9sistante<br data-start=\"957\" data-end=\"960\">Les deux options assurent une marche confortable et s\u00fbre.<\/p>\n<\/li>\n<\/ul>\n<p data-start=\"1013\" data-end=\"1183\"><strong data-start=\"1015\" data-end=\"1047\">\u2728 Naturelle, confortable et \u00e9l\u00e9gante<\/strong><br data-start=\"1047\" data-end=\"1050\">La sandale parfaite pour les spas, h\u00f4tels, centres de bien-\u00eatre et h\u00e9bergements souhaitant proposer des produits d\u2019accueil avec une touche \u00e9co et sophistiqu\u00e9e.<\/p>\n","protected":false},"excerpt":{"rendered":"<p>Sandales en bambou \u00e0 brides crois\u00e9es pour SPA<\/p>\n","protected":false},"featured_media":8441,"template":"","meta":{"_acf_changed":false},"product_brand":[],"product_cat":[],"product_tag":[],"class_list":{"0":"post-8440","1":"product","2":"type-product","3":"status-publish","4":"has-post-thumbnail","7":"first","8":"outofstock","9":"taxable","10":"shipping-taxable","11":"product-type-simple"},"acf":[],"_links":{"self":[{"href":"https:\/\/www.brbimport.com\/fr\/wp-json\/wp\/v2\/product\/8440","targetHints":{"allow":["GET"]}}],"collection":[{"href":"https:\/\/www.brbimport.com\/fr\/wp-json\/wp\/v2\/product"}],"about":[{"href":"https:\/\/www.brbimport.com\/fr\/wp-json\/wp\/v2\/types\/product"}],"wp:featuredmedia":[{"embeddable":true,"href":"https:\/\/www.brbimport.com\/fr\/wp-json\/wp\/v2\/media\/8441"}],"wp:attachment":[{"href":"https:\/\/www.brbimport.com\/fr\/wp-json\/wp\/v2\/media?parent=8440"}],"wp:term":[{"taxonomy":"product_brand","embeddable":true,"href":"https:\/\/www.brbimport.com\/fr\/wp-json\/wp\/v2\/product_brand?post=8440"},{"taxonomy":"product_cat","embeddable":true,"href":"https:\/\/www.brbimport.com\/fr\/wp-json\/wp\/v2\/product_cat?post=8440"},{"taxonomy":"product_tag","embeddable":true,"href":"https:\/\/www.brbimport.com\/fr\/wp-json\/wp\/v2\/product_tag?post=8440"}],"curies":[{"name":"wp","href":"https:\/\/api.w.org\/{rel}","templated":true}]}}