{"id":8444,"date":"2025-11-28T09:28:29","date_gmt":"2025-11-28T09:28:29","guid":{"rendered":"https:\/\/www.brbimport.com\/chancla-montable-para-spa-551\/"},"modified":"2026-03-31T09:24:32","modified_gmt":"2026-03-31T09:24:32","slug":"chancla-montable-para-spa-551","status":"publish","type":"product","link":"https:\/\/www.brbimport.com\/fr\/produit\/chancla-montable-para-spa-551\/","title":{"rendered":"Sandale assemblable pour SPA 551"},"content":{"rendered":"<h3 data-start=\"132\" data-end=\"203\"><strong data-start=\"136\" data-end=\"203\">Sandale en caoutchouc pour spa \u2013 pratique, s\u00fbre et facile \u00e0 assembler<\/strong><\/h3>\n<p data-start=\"205\" data-end=\"384\">Offrez \u00e0 vos clients une option hygi\u00e9nique, r\u00e9sistante et tr\u00e8s pratique avec nos <strong data-start=\"288\" data-end=\"319\">sandales en caoutchouc pour spa<\/strong>, id\u00e9ales pour les centres de bien-\u00eatre, les \u00e9tablissements thermaux, les salles de sport et les h\u00f4tels.<\/p>\n<p data-start=\"386\" data-end=\"544\"><strong data-start=\"390\" data-end=\"423\">\ud83d\udee1\ufe0f Mat\u00e9riau en caoutchouc r\u00e9sistant<\/strong><br data-start=\"423\" data-end=\"426\">Fabriqu\u00e9es en caoutchouc haute durabilit\u00e9, elles offrent s\u00e9curit\u00e9, flexibilit\u00e9 et une excellente adh\u00e9rence dans les zones humides.<\/p>\n<p data-start=\"546\" data-end=\"744\"><strong data-start=\"549\" data-end=\"585\">\ud83e\uddb6 Brides pr\u00e9-d\u00e9coup\u00e9es \u00e0 assembler<\/strong><br data-start=\"585\" data-end=\"588\">Les brides sont <strong data-start=\"605\" data-end=\"620\">pr\u00e9-d\u00e9coup\u00e9es<\/strong>, permettant un montage rapide et facile. Parfait pour maintenir un stock pratique et optimiser la gestion du mat\u00e9riel. <\/p>\n<p data-start=\"746\" data-end=\"838\"><strong data-start=\"749\" data-end=\"779\">\ud83d\udccf Disponible en 8 mm et 10 mm<\/strong><br data-start=\"779\" data-end=\"782\">Choisissez l\u2019\u00e9paisseur qui correspond le mieux \u00e0 vos besoins<\/p>\n<ul data-start=\"839\" data-end=\"908\">\n<li data-start=\"839\" data-end=\"869\">\n<p data-start=\"841\" data-end=\"869\"><strong data-start=\"841\" data-end=\"849\">8 mm <\/strong>\u2192 l\u00e9g\u00e8re et confortable<\/p>\n<\/li>\n<li data-start=\"870\" data-end=\"908\">\n<p data-start=\"872\" data-end=\"908\"><strong data-start=\"872\" data-end=\"881\">10 mm <\/strong>\u2192 plus ferme et r\u00e9sistante<\/p>\n<\/li>\n<\/ul>\n<p data-start=\"910\" data-end=\"1054\"><strong data-start=\"912\" data-end=\"947\">\u2728 Hygi\u00e9nique, pratique et \u00e9conomique<\/strong><br data-start=\"947\" data-end=\"950\">Une solution parfaite pour offrir \u00e0 vos clients un produit confortable et s\u00fbr lors de leurs moments de d\u00e9tente.<\/p>\n","protected":false},"excerpt":{"rendered":"<p>Sandale assemblable 551 pour SPA<\/p>\n<p><\/p>\n","protected":false},"featured_media":8445,"template":"","meta":{"_acf_changed":false},"product_brand":[],"product_cat":[],"product_tag":[],"class_list":{"0":"post-8444","1":"product","2":"type-product","3":"status-publish","4":"has-post-thumbnail","7":"first","8":"outofstock","9":"taxable","10":"shipping-taxable","11":"product-type-simple"},"acf":[],"_links":{"self":[{"href":"https:\/\/www.brbimport.com\/fr\/wp-json\/wp\/v2\/product\/8444","targetHints":{"allow":["GET"]}}],"collection":[{"href":"https:\/\/www.brbimport.com\/fr\/wp-json\/wp\/v2\/product"}],"about":[{"href":"https:\/\/www.brbimport.com\/fr\/wp-json\/wp\/v2\/types\/product"}],"wp:featuredmedia":[{"embeddable":true,"href":"https:\/\/www.brbimport.com\/fr\/wp-json\/wp\/v2\/media\/8445"}],"wp:attachment":[{"href":"https:\/\/www.brbimport.com\/fr\/wp-json\/wp\/v2\/media?parent=8444"}],"wp:term":[{"taxonomy":"product_brand","embeddable":true,"href":"https:\/\/www.brbimport.com\/fr\/wp-json\/wp\/v2\/product_brand?post=8444"},{"taxonomy":"product_cat","embeddable":true,"href":"https:\/\/www.brbimport.com\/fr\/wp-json\/wp\/v2\/product_cat?post=8444"},{"taxonomy":"product_tag","embeddable":true,"href":"https:\/\/www.brbimport.com\/fr\/wp-json\/wp\/v2\/product_tag?post=8444"}],"curies":[{"name":"wp","href":"https:\/\/api.w.org\/{rel}","templated":true}]}}