{"id":8448,"date":"2025-11-28T09:14:47","date_gmt":"2025-11-28T09:14:47","guid":{"rendered":"https:\/\/www.brbimport.com\/chanclas-flip-flop-bambu-541\/"},"modified":"2026-03-31T09:33:37","modified_gmt":"2026-03-31T09:33:37","slug":"chanclas-flip-flop-bambu-541","status":"publish","type":"product","link":"https:\/\/www.brbimport.com\/fr\/produit\/chanclas-flip-flop-bambu-541\/","title":{"rendered":"Tongs en bambou 541"},"content":{"rendered":"<h3 data-start=\"135\" data-end=\"196\"><strong data-start=\"139\" data-end=\"196\">Sandale SPA en bambou \u2013 naturelle, confortable et \u00e9l\u00e9gante<\/strong><\/h3>\n<p data-start=\"198\" data-end=\"368\">Offrez \u00e0 vos clients une exp\u00e9rience de bien-\u00eatre compl\u00e8te avec nos <strong data-start=\"271\" data-end=\"299\">sandales de spa en bambou<\/strong>, con\u00e7ues pour allier style, confort et mat\u00e9riaux durables.<\/p>\n<p data-start=\"370\" data-end=\"547\"><strong data-start=\"373\" data-end=\"405\">\ud83c\udf3f Bambou tiss\u00e9 de haute qualit\u00e9<\/strong><br data-start=\"405\" data-end=\"408\">La base est fabriqu\u00e9e en <strong data-start=\"434\" data-end=\"452\">bambou tress\u00e9<\/strong>, un mat\u00e9riau naturel, r\u00e9sistant et agr\u00e9able au toucher, parfait pour les environnements de d\u00e9tente et de spa.<\/p>\n<p data-start=\"549\" data-end=\"738\"><strong data-start=\"552\" data-end=\"594\">\ud83e\uddf5 Brides larges avec contour 100 % coton<\/strong><br data-start=\"594\" data-end=\"597\">Les brides et le contour de la semelle sont r\u00e9alis\u00e9s en<strong data-start=\"654\" data-end=\"670\"> coton 100 %<\/strong>, apportant douceur, respirabilit\u00e9 et une finition plus naturelle.<\/p>\n<p data-start=\"740\" data-end=\"935\"><strong data-start=\"743\" data-end=\"778\">\ud83e\uddb6 Semelle en EVA ou en li\u00e8ge (8\u201310 mm)<\/strong><br data-start=\"778\" data-end=\"781\">Disponible avec une semelle en <strong data-start=\"805\" data-end=\"812\">EVA ou en li\u00e8ge<\/strong>, deux options l\u00e9g\u00e8res et flexibles, avec une \u00e9paisseur de <strong data-start=\"815\" data-end=\"825\">8 ou 10 mm <\/strong>pour offrir une marche confortable et stable.<\/p>\n<p data-start=\"937\" data-end=\"1083\"><strong data-start=\"939\" data-end=\"968\">\u2728 Design naturel et \u00e9l\u00e9gant<\/strong><br data-start=\"968\" data-end=\"971\">Parfaites pour les spas, centres de bien-\u00eatre, h\u00f4tels et h\u00e9bergements recherchant des produits d\u2019accueil \u00e9cologiques au design soign\u00e9.<\/p>\n","protected":false},"excerpt":{"rendered":"<p>Sandales en bambou 541 pour SPA<\/p>\n","protected":false},"featured_media":8449,"template":"","meta":{"_acf_changed":false},"product_brand":[],"product_cat":[],"product_tag":[],"class_list":{"0":"post-8448","1":"product","2":"type-product","3":"status-publish","4":"has-post-thumbnail","7":"first","8":"outofstock","9":"taxable","10":"shipping-taxable","11":"product-type-simple"},"acf":[],"_links":{"self":[{"href":"https:\/\/www.brbimport.com\/fr\/wp-json\/wp\/v2\/product\/8448","targetHints":{"allow":["GET"]}}],"collection":[{"href":"https:\/\/www.brbimport.com\/fr\/wp-json\/wp\/v2\/product"}],"about":[{"href":"https:\/\/www.brbimport.com\/fr\/wp-json\/wp\/v2\/types\/product"}],"wp:featuredmedia":[{"embeddable":true,"href":"https:\/\/www.brbimport.com\/fr\/wp-json\/wp\/v2\/media\/8449"}],"wp:attachment":[{"href":"https:\/\/www.brbimport.com\/fr\/wp-json\/wp\/v2\/media?parent=8448"}],"wp:term":[{"taxonomy":"product_brand","embeddable":true,"href":"https:\/\/www.brbimport.com\/fr\/wp-json\/wp\/v2\/product_brand?post=8448"},{"taxonomy":"product_cat","embeddable":true,"href":"https:\/\/www.brbimport.com\/fr\/wp-json\/wp\/v2\/product_cat?post=8448"},{"taxonomy":"product_tag","embeddable":true,"href":"https:\/\/www.brbimport.com\/fr\/wp-json\/wp\/v2\/product_tag?post=8448"}],"curies":[{"name":"wp","href":"https:\/\/api.w.org\/{rel}","templated":true}]}}