{"id":8461,"date":"2025-11-27T12:02:37","date_gmt":"2025-11-27T12:02:37","guid":{"rendered":"https:\/\/www.brbimport.com\/zapatilla-modelo-356\/"},"modified":"2026-03-31T11:29:56","modified_gmt":"2026-03-31T11:29:56","slug":"zapatilla-modelo-356","status":"publish","type":"product","link":"https:\/\/www.brbimport.com\/fr\/produit\/zapatilla-modelo-356\/","title":{"rendered":"Chausson d\u2019h\u00f4tel mod\u00e8le 356<br><br>"},"content":{"rendered":"<h3 data-start=\"104\" data-end=\"163\"><strong data-start=\"108\" data-end=\"163\">Chausson en velours plush \u2013 douceur et confort premium<\/strong><\/h3>\n<p data-start=\"165\" data-end=\"329\">Apportez un niveau sup\u00e9rieur de confort \u00e0 vos clients avec nos <strong data-start=\"232\" data-end=\"259\">chaussons en velours plush,<\/strong> con\u00e7us pour offrir une exp\u00e9rience chaleureuse, \u00e9l\u00e9gante et accueillante.<\/p>\n<p><\/p>\n<p data-start=\"331\" data-end=\"489\"><strong data-start=\"334\" data-end=\"374\">\ud83e\uddf5 Tissu plush velours d\u2019une grande douceur<\/strong><br data-start=\"374\" data-end=\"377\">Fabriqu\u00e9s dans un mat\u00e9riau velout\u00e9 offrant une sensation extr\u00eamement douce et agr\u00e9able au toucher.<\/p>\n<p data-start=\"491\" data-end=\"630\"><strong data-start=\"494\" data-end=\"519\">\ud83c\udf3f Contour 100 % coton<\/strong><br data-start=\"519\" data-end=\"522\">Le bord en coton apporte une finition naturelle et raffin\u00e9e, renfor\u00e7ant la durabilit\u00e9 et le style du produit.<\/p>\n<p data-start=\"632\" data-end=\"807\"><strong data-start=\"635\" data-end=\"663\">\ud83e\uddfd Rembourrage extra de 10 mm<\/strong><br data-start=\"663\" data-end=\"666\">La mousse int\u00e9rieure de <strong data-start=\"689\" data-end=\"698\">10 mm<\/strong> garantit une marche moelleuse et confortable, id\u00e9ale pour des s\u00e9jours relaxants en h\u00f4tels et h\u00e9bergements touristiques.<\/p>\n<p data-start=\"809\" data-end=\"963\"><strong data-start=\"812\" data-end=\"839\">\ud83e\uddb6 Semelle en caoutchouc de 5 mm<\/strong><br data-start=\"839\" data-end=\"842\">La semelle en<strong data-start=\"854\" data-end=\"879\"> caoutchouc antid\u00e9rapante<\/strong> offre s\u00e9curit\u00e9, r\u00e9sistance et stabilit\u00e9 sur les surfaces humides ou glissantes.<\/p>\n<p data-start=\"965\" data-end=\"1057\"><strong data-start=\"968\" data-end=\"987\">\ud83d\udccf Taille standard<\/strong><br data-start=\"987\" data-end=\"990\">Convient \u00e0 la plupart des clients, avec un ajustement confortable et polyvalent.<\/p>\n<p data-start=\"1059\" data-end=\"1161\">\u2728 \u00c9l\u00e9gants, doux et r\u00e9sistants : le compl\u00e9ment parfait pour sublimer l\u2019exp\u00e9rience client.<\/p>\n","protected":false},"excerpt":{"rendered":"<p>Chausson mod\u00e8le 356 pour h\u00f4tels<\/p>\n","protected":false},"featured_media":8462,"template":"","meta":{"_acf_changed":false},"product_brand":[],"product_cat":[],"product_tag":[],"class_list":{"0":"post-8461","1":"product","2":"type-product","3":"status-publish","4":"has-post-thumbnail","7":"first","8":"outofstock","9":"taxable","10":"shipping-taxable","11":"product-type-simple"},"acf":[],"_links":{"self":[{"href":"https:\/\/www.brbimport.com\/fr\/wp-json\/wp\/v2\/product\/8461","targetHints":{"allow":["GET"]}}],"collection":[{"href":"https:\/\/www.brbimport.com\/fr\/wp-json\/wp\/v2\/product"}],"about":[{"href":"https:\/\/www.brbimport.com\/fr\/wp-json\/wp\/v2\/types\/product"}],"wp:featuredmedia":[{"embeddable":true,"href":"https:\/\/www.brbimport.com\/fr\/wp-json\/wp\/v2\/media\/8462"}],"wp:attachment":[{"href":"https:\/\/www.brbimport.com\/fr\/wp-json\/wp\/v2\/media?parent=8461"}],"wp:term":[{"taxonomy":"product_brand","embeddable":true,"href":"https:\/\/www.brbimport.com\/fr\/wp-json\/wp\/v2\/product_brand?post=8461"},{"taxonomy":"product_cat","embeddable":true,"href":"https:\/\/www.brbimport.com\/fr\/wp-json\/wp\/v2\/product_cat?post=8461"},{"taxonomy":"product_tag","embeddable":true,"href":"https:\/\/www.brbimport.com\/fr\/wp-json\/wp\/v2\/product_tag?post=8461"}],"curies":[{"name":"wp","href":"https:\/\/api.w.org\/{rel}","templated":true}]}}