{"id":8465,"date":"2025-11-27T11:45:00","date_gmt":"2025-11-27T11:45:00","guid":{"rendered":"https:\/\/www.brbimport.com\/zapatilla-hotel-modelo-344\/"},"modified":"2026-03-31T11:49:23","modified_gmt":"2026-03-31T11:49:23","slug":"zapatilla-hotel-modelo-344","status":"publish","type":"product","link":"https:\/\/www.brbimport.com\/fr\/produit\/zapatilla-hotel-modelo-344\/","title":{"rendered":"Chausson d\u2019h\u00f4tel mod\u00e8le 344"},"content":{"rendered":"<h3 data-start=\"126\" data-end=\"186\"><strong data-start=\"130\" data-end=\"186\">Chausson Herringbone \u2013 l\u00e9g\u00e8ret\u00e9, style et confort<\/strong><\/h3>\n<p data-start=\"188\" data-end=\"344\">Ajoutez une touche d\u2019\u00e9l\u00e9gance et de confort \u00e0 l\u2019exp\u00e9rience de vos clients avec nos chaussons Herringbone, con\u00e7us en tissu \u00e0 chevrons de haute qualit\u00e9.<\/p>\n<p data-start=\"346\" data-end=\"499\"><strong data-start=\"349\" data-end=\"386\">\ud83e\uddf5 Tissu Herringbone 100 % polyester<\/strong><br data-start=\"386\" data-end=\"389\">Fabriqu\u00e9s dans un tissu \u00e0 chevrons r\u00e9sistant et sophistiqu\u00e9, ils apportent une image soign\u00e9e et moderne \u00e0 vos produits d\u2019accueil.<\/p>\n<p data-start=\"501\" data-end=\"674\"><strong data-start=\"504\" data-end=\"546\">\ud83e\uddfd Rembourrage en mousse pour plus de confort<\/strong><br data-start=\"546\" data-end=\"549\">L\u2019int\u00e9rieur rembourr\u00e9 offre une marche douce et confortable, id\u00e9ale pour des s\u00e9jours relaxants en h\u00f4tels et h\u00e9bergements touristiques.<\/p>\n<p data-start=\"676\" data-end=\"824\"><strong data-start=\"679\" data-end=\"715\">\ud83e\uddf1 Carton stabilisateur int\u00e9gr\u00e9<\/strong><br data-start=\"715\" data-end=\"718\">Apporte plus de structure et de stabilit\u00e9, en maintenant la forme du chausson m\u00eame apr\u00e8s plusieurs utilisations.<\/p>\n<p data-start=\"826\" data-end=\"972\"><strong data-start=\"829\" data-end=\"850\">\ud83e\uddb6 Semelle en EVA de 7 mm<\/strong><br data-start=\"850\" data-end=\"853\">La semelle en <strong data-start=\"865\" data-end=\"885\">EVA extra \u00e9paisse <\/strong>apporte l\u00e9g\u00e8ret\u00e9, flexibilit\u00e9 et un soutien ferme, parfaite pour marcher en toute s\u00e9curit\u00e9.<\/p>\n<p data-start=\"974\" data-end=\"1080\"><strong data-start=\"977\" data-end=\"1001\">\ud83d\udccf Taille standard 29 cm<\/strong><br data-start=\"1001\" data-end=\"1004\">Convient \u00e0 la plupart des clients, garantissant un ajustement confortable et polyvalent.<\/p>\n<p data-start=\"1082\" data-end=\"1230\"><strong data-start=\"1085\" data-end=\"1123\">\ud83d\udce6 Pr\u00e9sentation en bo\u00eetes de 100 paires<\/strong><br data-start=\"1123\" data-end=\"1126\">Pratiques pour g\u00e9rer le stock et les r\u00e9assorts dans les h\u00f4tels, maisons rurales, appartements touristiques et spas.<\/p>\n<p data-start=\"1232\" data-end=\"1288\"><strong data-start=\"1234\" data-end=\"1288\">\u2728 Confort, style et durabilit\u00e9 dans un seul produit.<\/strong><\/p>\n","protected":false},"excerpt":{"rendered":"<p>Chausson mod\u00e8le 344 pour h\u00f4tels<\/p>\n","protected":false},"featured_media":8467,"template":"","meta":{"_acf_changed":false},"product_brand":[],"product_cat":[],"product_tag":[],"class_list":{"0":"post-8465","1":"product","2":"type-product","3":"status-publish","4":"has-post-thumbnail","7":"first","8":"outofstock","9":"taxable","10":"shipping-taxable","11":"product-type-simple"},"acf":[],"_links":{"self":[{"href":"https:\/\/www.brbimport.com\/fr\/wp-json\/wp\/v2\/product\/8465","targetHints":{"allow":["GET"]}}],"collection":[{"href":"https:\/\/www.brbimport.com\/fr\/wp-json\/wp\/v2\/product"}],"about":[{"href":"https:\/\/www.brbimport.com\/fr\/wp-json\/wp\/v2\/types\/product"}],"wp:featuredmedia":[{"embeddable":true,"href":"https:\/\/www.brbimport.com\/fr\/wp-json\/wp\/v2\/media\/8467"}],"wp:attachment":[{"href":"https:\/\/www.brbimport.com\/fr\/wp-json\/wp\/v2\/media?parent=8465"}],"wp:term":[{"taxonomy":"product_brand","embeddable":true,"href":"https:\/\/www.brbimport.com\/fr\/wp-json\/wp\/v2\/product_brand?post=8465"},{"taxonomy":"product_cat","embeddable":true,"href":"https:\/\/www.brbimport.com\/fr\/wp-json\/wp\/v2\/product_cat?post=8465"},{"taxonomy":"product_tag","embeddable":true,"href":"https:\/\/www.brbimport.com\/fr\/wp-json\/wp\/v2\/product_tag?post=8465"}],"curies":[{"name":"wp","href":"https:\/\/api.w.org\/{rel}","templated":true}]}}