{"id":8477,"date":"2025-11-27T10:27:31","date_gmt":"2025-11-27T10:27:31","guid":{"rendered":"https:\/\/www.brbimport.com\/zapatilla-hotel-modelo-324\/"},"modified":"2026-03-31T12:08:00","modified_gmt":"2026-03-31T12:08:00","slug":"zapatilla-hotel-modelo-324","status":"publish","type":"product","link":"https:\/\/www.brbimport.com\/fr\/produit\/zapatilla-hotel-modelo-324\/","title":{"rendered":"Chausson d\u2019h\u00f4tel mod\u00e8le 324"},"content":{"rendered":"<hr data-start=\"127\" data-end=\"130\">\n<h3 data-start=\"132\" data-end=\"195\"><strong data-start=\"136\" data-end=\"195\">Chausson ferm\u00e9 Comfort \u2013 50 % coton \/ 50 % polyester<\/strong><\/h3>\n<p data-start=\"197\" data-end=\"372\">Offrez \u00e0 vos clients une exp\u00e9rience de confort sup\u00e9rieur avec nos chaussons ferm\u00e9s Comfort, con\u00e7us pour allier douceur, l\u00e9g\u00e8ret\u00e9 et r\u00e9sistance \u00e0 chaque pas.<\/p>\n<p data-start=\"374\" data-end=\"555\"><strong data-start=\"378\" data-end=\"402\">\ud83d\udecf\ufe0f Confort enveloppant<\/strong><br data-start=\"402\" data-end=\"405\">Fabriqu\u00e9es avec un m\u00e9lange \u00e9quilibr\u00e9 de <strong data-start=\"446\" data-end=\"477\">50 % coton et 50 % polyester<\/strong>, elles offrent un toucher doux et agr\u00e9able, parfait pour des s\u00e9jours relaxants.<\/p>\n<p data-start=\"557\" data-end=\"713\"><strong data-start=\"560\" data-end=\"584\">\ud83e\uddfd Rembourrage en mousse<\/strong><br data-start=\"584\" data-end=\"587\">L\u2019int\u00e9rieur rembourr\u00e9 garantit une sensation moelleuse et confortable, id\u00e9ale pour se d\u00e9placer dans la chambre en tout bien-\u00eatre.<\/p>\n<p data-start=\"715\" data-end=\"910\"><strong data-start=\"718\" data-end=\"747\">\ud83e\uddb6 Semelle s\u00fbre et r\u00e9sistante<\/strong><br data-start=\"747\" data-end=\"750\">\u00c9quip\u00e9es d\u2019une semelle en <strong data-start=\"773\" data-end=\"780\">EVA et d\u2019un renfort au talon,<\/strong> elles offrent une meilleure durabilit\u00e9 et stabilit\u00e9. Elles incluent une base en carton pour une meilleure structure et un meilleur maintien. <\/p>\n<p data-start=\"912\" data-end=\"1010\"><strong data-start=\"915\" data-end=\"935\">\ud83d\udccf Taille universelle<\/strong><br data-start=\"935\" data-end=\"938\">Avec ses<strong data-start=\"946\" data-end=\"955\"> 29 cm<\/strong>, elles s\u2019adaptent confortablement \u00e0 la plupart des clients.<\/p>\n<p data-start=\"1012\" data-end=\"1152\"><strong data-start=\"1015\" data-end=\"1040\">\ud83d\udce6 Pr\u00e9sentation pratique<\/strong><br data-start=\"1040\" data-end=\"1043\">Disponibles en bo\u00eetes de <strong data-start=\"1067\" data-end=\"1080\">100 paires<\/strong>, parfaites pour les h\u00f4tels, appartements touristiques, maisons rurales et spas.<\/p>\n<p data-start=\"1154\" data-end=\"1284\"><strong data-start=\"1156\" data-end=\"1186\">\u2728 L\u00e9g\u00e8re, douce et r\u00e9sistante<\/strong><br data-start=\"1186\" data-end=\"1189\">Une option polyvalente et \u00e9conomique qui apporte qualit\u00e9 et confort aux produits d\u2019accueil de votre h\u00e9bergement.<\/p>\n","protected":false},"excerpt":{"rendered":"<p>Zapatilla modelo 324 para hoteles<\/p>\n","protected":false},"featured_media":8479,"template":"","meta":{"_acf_changed":false},"product_brand":[],"product_cat":[],"product_tag":[],"class_list":{"0":"post-8477","1":"product","2":"type-product","3":"status-publish","4":"has-post-thumbnail","7":"first","8":"outofstock","9":"taxable","10":"shipping-taxable","11":"product-type-simple"},"acf":[],"_links":{"self":[{"href":"https:\/\/www.brbimport.com\/fr\/wp-json\/wp\/v2\/product\/8477","targetHints":{"allow":["GET"]}}],"collection":[{"href":"https:\/\/www.brbimport.com\/fr\/wp-json\/wp\/v2\/product"}],"about":[{"href":"https:\/\/www.brbimport.com\/fr\/wp-json\/wp\/v2\/types\/product"}],"wp:featuredmedia":[{"embeddable":true,"href":"https:\/\/www.brbimport.com\/fr\/wp-json\/wp\/v2\/media\/8479"}],"wp:attachment":[{"href":"https:\/\/www.brbimport.com\/fr\/wp-json\/wp\/v2\/media?parent=8477"}],"wp:term":[{"taxonomy":"product_brand","embeddable":true,"href":"https:\/\/www.brbimport.com\/fr\/wp-json\/wp\/v2\/product_brand?post=8477"},{"taxonomy":"product_cat","embeddable":true,"href":"https:\/\/www.brbimport.com\/fr\/wp-json\/wp\/v2\/product_cat?post=8477"},{"taxonomy":"product_tag","embeddable":true,"href":"https:\/\/www.brbimport.com\/fr\/wp-json\/wp\/v2\/product_tag?post=8477"}],"curies":[{"name":"wp","href":"https:\/\/api.w.org\/{rel}","templated":true}]}}