{"id":8483,"date":"2025-09-02T11:21:43","date_gmt":"2025-09-02T11:21:43","guid":{"rendered":"https:\/\/www.brbimport.com\/zapatilla-hotel-310-para-nino\/"},"modified":"2026-03-31T12:18:15","modified_gmt":"2026-03-31T12:18:15","slug":"zapatilla-hotel-310-para-nino","status":"publish","type":"product","link":"https:\/\/www.brbimport.com\/fr\/produit\/zapatilla-hotel-310-para-nino\/","title":{"rendered":"Chausson d\u2019h\u00f4tel 310 en velours pour enfant"},"content":{"rendered":"<h3 data-start=\"219\" data-end=\"283\">Chaussons enfants de luxe pour h\u00f4tels et resorts \u2013 22 cm<\/h3>\n<p data-start=\"285\" data-end=\"519\">Offrez \u00e0 vos plus jeunes clients une exp\u00e9rience de confort exceptionnelle avec nos c<strong data-start=\"373\" data-end=\"420\">haussons ferm\u00e9s haut de gamme pour enfants<\/strong>, sp\u00e9cialement con\u00e7us pour les h\u00f4tels, spas et resorts qui privil\u00e9gient l\u2019excellence dans les moindres d\u00e9tails.<\/p>\n<p data-start=\"521\" data-end=\"935\">Confectionn\u00e9es dans un m\u00e9lange doux de<strong data-start=\"560\" data-end=\"591\"> 80 % polyester et 20 % coton<\/strong>, ces chaussons disposent d\u2019une <strong data-start=\"625\" data-end=\"654\">doublure en peluche ultra douce<\/strong> qui enveloppe les pieds dans une sensation chaleureuse. Leur structure int\u00e8gre un rembourrage en mousse avec un double garnissage sup\u00e9rieur de <strong data-start=\"786\" data-end=\"801\">5 mm + 5 mm,<\/strong> ainsi qu\u2019une base de <strong data-start=\"818\" data-end=\"826\">3 mm<\/strong> d\u2019\u00e9paisseur, renforc\u00e9e par un <strong data-start=\"855\" data-end=\"883\">talon <\/strong>suppl\u00e9mentaire de 10 mm de mousse garantissant une marche confortable et s\u00fbre. <\/p>\n<p data-start=\"937\" data-end=\"1088\">La semelle en <strong data-start=\"949\" data-end=\"964\">EVA de 5 mm<\/strong> apporte r\u00e9sistance et stabilit\u00e9, id\u00e9ale pour se d\u00e9placer dans la chambre, les zones de spa ou les espaces communs sans compromettre le confort.<\/p>\n<p data-start=\"1090\" data-end=\"1258\">Avec une taille de <strong data-start=\"1107\" data-end=\"1116\">22 cm<\/strong>, ces chaussons sont parfaits pour les gar\u00e7ons et les filles, offrant une solution pratique et \u00e9l\u00e9gante dans votre gamme de produits d\u2019accueil familiaux.<\/p>\n<p data-start=\"1260\" data-end=\"1550\">De plus, chaque d\u00e9tail du produit a \u00e9t\u00e9 soigneusement pens\u00e9, y compris sa pr\u00e9sentation :<strong data-start=\"1337\" data-end=\"1385\"> un emballage durable avec ruban en papier kraft,<\/strong> sans plastique, afin de minimiser l\u2019impact environnemental. Chaque bo\u00eete contient<strong data-start=\"1460\" data-end=\"1473\"> 100 paires <\/strong>(dimensions : 83 x 30 x 58 cm), optimisant l\u2019espace et la logistique pour votre activit\u00e9. <\/p>\n<p data-start=\"1557\" data-end=\"1639\"><strong data-start=\"1557\" data-end=\"1639\">\u2714 \u00c9l\u00e9gance enfantine<br data-start=\"1579\" data-end=\"1582\">\u2714 Confort sup\u00e9rieur<br data-start=\"1600\" data-end=\"1603\"><\/strong><\/p>\n<p data-start=\"1557\" data-end=\"1639\">Vous souhaitez offrir du luxe aussi aux plus petits ? Ces chaussons sont l\u2019option id\u00e9ale pour se d\u00e9marquer dans l\u2019h\u00f4tellerie haut de gamme. <\/p>\n","protected":false},"excerpt":{"rendered":"<p>Chaussons d\u2019h\u00f4tel pour enfants, 22 cm<\/p>\n","protected":false},"featured_media":8485,"template":"","meta":{"_acf_changed":false},"product_brand":[],"product_cat":[657,659,656],"product_tag":[],"class_list":{"0":"post-8483","1":"product","2":"type-product","3":"status-publish","4":"has-post-thumbnail","6":"product_cat-chaussons-dhotel-personnalises-2","7":"product_cat-chaussons-jetables-2","8":"product_cat-chaussons-pour-hotel","10":"first","11":"instock","12":"taxable","13":"shipping-taxable","14":"purchasable","15":"product-type-simple"},"acf":[],"_links":{"self":[{"href":"https:\/\/www.brbimport.com\/fr\/wp-json\/wp\/v2\/product\/8483","targetHints":{"allow":["GET"]}}],"collection":[{"href":"https:\/\/www.brbimport.com\/fr\/wp-json\/wp\/v2\/product"}],"about":[{"href":"https:\/\/www.brbimport.com\/fr\/wp-json\/wp\/v2\/types\/product"}],"wp:featuredmedia":[{"embeddable":true,"href":"https:\/\/www.brbimport.com\/fr\/wp-json\/wp\/v2\/media\/8485"}],"wp:attachment":[{"href":"https:\/\/www.brbimport.com\/fr\/wp-json\/wp\/v2\/media?parent=8483"}],"wp:term":[{"taxonomy":"product_brand","embeddable":true,"href":"https:\/\/www.brbimport.com\/fr\/wp-json\/wp\/v2\/product_brand?post=8483"},{"taxonomy":"product_cat","embeddable":true,"href":"https:\/\/www.brbimport.com\/fr\/wp-json\/wp\/v2\/product_cat?post=8483"},{"taxonomy":"product_tag","embeddable":true,"href":"https:\/\/www.brbimport.com\/fr\/wp-json\/wp\/v2\/product_tag?post=8483"}],"curies":[{"name":"wp","href":"https:\/\/api.w.org\/{rel}","templated":true}]}}