{"id":8489,"date":"2025-08-29T09:18:08","date_gmt":"2025-08-29T09:18:08","guid":{"rendered":"https:\/\/www.brbimport.com\/peine-de-bambu-natural-en-bolsa-de-papel-kraft\/"},"modified":"2026-03-31T12:34:05","modified_gmt":"2026-03-31T12:34:05","slug":"peine-de-bambu-natural-en-bolsa-de-papel-kraft","status":"publish","type":"product","link":"https:\/\/www.brbimport.com\/fr\/produit\/peine-de-bambu-natural-en-bolsa-de-papel-kraft\/","title":{"rendered":"Peigne en bambou naturel dans un sachet en papier kraft"},"content":{"rendered":"<h3 data-start=\"200\" data-end=\"282\">\ud83c\udf3f Peigne en bambou naturel \u2013 pr\u00e9sentation \u00e9cologique pour produits d\u2019accueil h\u00f4teliers<\/h3>\n<p data-start=\"284\" data-end=\"492\">Offrez \u00e0 vos clients une exp\u00e9rience durable et \u00e9l\u00e9gante avec ce peigne individuel fabriqu\u00e9 en bambou naturel. Une option \u00e9cologique, pratique et en accord avec les tendances de l\u2019h\u00f4tellerie responsable. <\/p>\n<p data-start=\"494\" data-end=\"522\">\u2705 D\u00e9tails du produit :<\/p>\n<ul data-start=\"523\" data-end=\"702\">\n<li data-start=\"523\" data-end=\"568\">\n<p data-start=\"525\" data-end=\"568\"><strong data-start=\"525\" data-end=\"537\">Mat\u00e9riau <\/strong>: bambou naturel de haute qualit\u00e9<\/p>\n<\/li>\n<li data-start=\"569\" data-end=\"630\">\n<p data-start=\"571\" data-end=\"630\"><strong data-start=\"571\" data-end=\"582\">Emballage<\/strong> : sachet en papier kraft certifi\u00e9 FSC<\/p>\n<\/li>\n<li data-start=\"631\" data-end=\"665\">\n<p data-start=\"633\" data-end=\"665\"><strong data-start=\"633\" data-end=\"663\">Sans film plastique int\u00e9rieur<\/strong><\/p>\n<\/li>\n<li data-start=\"666\" data-end=\"702\">\n<p data-start=\"668\" data-end=\"702\"><strong data-start=\"668\" data-end=\"702\">Scell\u00e9 avec un adh\u00e9sif \u00e9cologique<\/strong><\/p>\n<\/li>\n<\/ul>\n<p data-start=\"704\" data-end=\"875\"><strong data-start=\"707\" data-end=\"771\">\ud83c\udf31 Id\u00e9al pour les h\u00f4tels, h\u00e9bergements durables, spas et resorts<\/strong> souhaitant r\u00e9duire l\u2019usage du plastique et opter pour des alternatives plus responsables envers l\u2019environnement.<\/p>\n<p data-start=\"877\" data-end=\"1044\">\ud83d\udcbc L\u00e9ger, r\u00e9sistant et biod\u00e9gradable, ce peigne allie fonctionnalit\u00e9 et design minimaliste, s\u2019int\u00e9grant parfaitement dans toute chambre ou kit de bienvenue.<\/p>\n<hr data-start=\"1046\" data-end=\"1049\">\n<p data-start=\"1051\" data-end=\"1082\"><strong data-start=\"1053\" data-end=\"1082\">\u2705 Avantages pour votre entreprise :<\/strong><\/p>\n<ul data-start=\"1083\" data-end=\"1235\">\n<li data-start=\"1083\" data-end=\"1137\">\n<p data-start=\"1085\" data-end=\"1137\">Transmet des valeurs de durabilit\u00e9 \u00e0 vos clients<\/p>\n<p><\/p>\n<\/li>\n<li data-start=\"1138\" data-end=\"1183\">\n<p data-start=\"1140\" data-end=\"1183\">Am\u00e9liore l\u2019image de marque \u00e9co-responsable<\/p>\n<\/li>\n<li data-start=\"1184\" data-end=\"1235\">\n<p data-start=\"1186\" data-end=\"1235\">Produit biod\u00e9gradable, sans produits chimiques ni plastiques<\/p>\n<p><\/p>\n<\/li>\n<\/ul>\n<hr data-start=\"1237\" data-end=\"1240\">\n<p data-start=\"1242\" data-end=\"1305\"><strong data-start=\"1245\" data-end=\"1305\">\u267b\ufe0f Le d\u00e9tail parfait pour les h\u00f4tels qui prennent soin de la plan\u00e8te.<\/strong><\/p>\n<p data-start=\"1307\" data-end=\"1356\"><strong data-start=\"1310\" data-end=\"1356\">\ud83d\udce6 Commandes avec livraisons rapides et faciles<\/strong><\/p>\n","protected":false},"excerpt":{"rendered":"<p>Peigne en bambou avec sachet en papier kraft pour produits d\u2019accueil secs d\u2019h\u00f4tel<\/p>\n","protected":false},"featured_media":8491,"template":"","meta":{"_acf_changed":false},"product_brand":[],"product_cat":[717,718],"product_tag":[],"class_list":{"0":"post-8489","1":"product","2":"type-product","3":"status-publish","4":"has-post-thumbnail","6":"product_cat-amenities-de-bano-para-hoteles-2","7":"product_cat-amenities-ecologicos-2","9":"first","10":"outofstock","11":"taxable","12":"shipping-taxable","13":"purchasable","14":"product-type-simple"},"acf":[],"_links":{"self":[{"href":"https:\/\/www.brbimport.com\/fr\/wp-json\/wp\/v2\/product\/8489","targetHints":{"allow":["GET"]}}],"collection":[{"href":"https:\/\/www.brbimport.com\/fr\/wp-json\/wp\/v2\/product"}],"about":[{"href":"https:\/\/www.brbimport.com\/fr\/wp-json\/wp\/v2\/types\/product"}],"wp:featuredmedia":[{"embeddable":true,"href":"https:\/\/www.brbimport.com\/fr\/wp-json\/wp\/v2\/media\/8491"}],"wp:attachment":[{"href":"https:\/\/www.brbimport.com\/fr\/wp-json\/wp\/v2\/media?parent=8489"}],"wp:term":[{"taxonomy":"product_brand","embeddable":true,"href":"https:\/\/www.brbimport.com\/fr\/wp-json\/wp\/v2\/product_brand?post=8489"},{"taxonomy":"product_cat","embeddable":true,"href":"https:\/\/www.brbimport.com\/fr\/wp-json\/wp\/v2\/product_cat?post=8489"},{"taxonomy":"product_tag","embeddable":true,"href":"https:\/\/www.brbimport.com\/fr\/wp-json\/wp\/v2\/product_tag?post=8489"}],"curies":[{"name":"wp","href":"https:\/\/api.w.org\/{rel}","templated":true}]}}