{"id":8495,"date":"2025-08-29T08:57:36","date_gmt":"2025-08-29T08:57:36","guid":{"rendered":"https:\/\/www.brbimport.com\/cepillo-con-espejo-de-bambu-natural-compacto-magnetico-y-ecologico\/"},"modified":"2026-04-01T10:45:47","modified_gmt":"2026-04-01T10:45:47","slug":"cepillo-con-espejo-de-bambu-natural-compacto-magnetico-y-ecologico","status":"publish","type":"product","link":"https:\/\/www.brbimport.com\/fr\/produit\/cepillo-con-espejo-de-bambu-natural-compacto-magnetico-y-ecologico\/","title":{"rendered":"Brosse avec miroir en bambou naturel \u2013 compacte, magn\u00e9tique et \u00e9cologique<br><br>"},"content":{"rendered":"<h3 data-start=\"151\" data-end=\"231\">\ud83c\udf3f <strong data-start=\"158\" data-end=\"231\">Brosse avec miroir en bambou naturel \u2013 compacte, magn\u00e9tique et \u00e9cologique<\/strong><\/h3>\n<p data-start=\"233\" data-end=\"408\">Emportez la nature avec vous gr\u00e2ce \u00e0 cette<strong data-start=\"270\" data-end=\"319\"> brosse avec miroir fabriqu\u00e9e en bambou naturel<\/strong>. Son design compact et pratique en fait l\u2019accessoire id\u00e9al pour votre routine quotidienne. <\/p>\n<p data-start=\"410\" data-end=\"530\">\ud83e\uddf2<strong data-start=\"413\" data-end=\"432\"> Fixation magn\u00e9tique <\/strong>entre la brosse et le miroir : facile \u00e0 utiliser et parfaite \u00e0 ranger dans n\u2019importe quel sac ou trousse de toilette.<\/p>\n<p data-start=\"532\" data-end=\"740\">\ud83c\udf31 <strong data-start=\"535\" data-end=\"551\">\u00c9co-responsable<\/strong> : fabriqu\u00e9 en <strong data-start=\"567\" data-end=\"587\">bambou durable<\/strong>, une alternative \u00e9cologique au bois traditionnel. Ce mat\u00e9riau naturel est non seulement r\u00e9sistant et durable, mais il r\u00e9duit \u00e9galement l\u2019impact environnemental. <\/p>\n<p data-start=\"742\" data-end=\"864\">\ud83d\udce6 Pr\u00e9sent\u00e9 dans une \u00e9l\u00e9gante bo\u00eete individuelle au design kraft, id\u00e9al comme cadeau ou pour offrir une attention particuli\u00e8re dans les h\u00f4tels<\/p>\n<p data-start=\"871\" data-end=\"904\"><strong data-start=\"873\" data-end=\"904\">\u2705 Caract\u00e9ristiques principales :<\/strong><\/p>\n<ul data-start=\"905\" data-end=\"1101\">\n<li data-start=\"905\" data-end=\"934\">\n<p data-start=\"907\" data-end=\"934\">Mat\u00e9riau : <strong data-start=\"917\" data-end=\"934\">bambou naturel<\/strong><\/p>\n<\/li>\n<li data-start=\"935\" data-end=\"971\">\n<p data-start=\"937\" data-end=\"971\">Fixation magn\u00e9tique : pratique et s\u00fbre<\/p>\n<\/li>\n<li data-start=\"972\" data-end=\"1024\">\n<p data-start=\"974\" data-end=\"1024\">Taille compacte : parfaite pour les voyages ou un usage quotidien<\/p>\n<\/li>\n<li data-start=\"1025\" data-end=\"1064\">\n<p data-start=\"1027\" data-end=\"1064\">Pr\u00e9sentation : bo\u00eete kraft individuelle<\/p>\n<\/li>\n<li data-start=\"1065\" data-end=\"1101\">\n<p data-start=\"1067\" data-end=\"1101\">Produit r\u00e9utilisable et durable<\/p>\n<\/li>\n<li data-start=\"1065\" data-end=\"1101\">Possibilit\u00e9 de personnalisation avec le logo de l\u2019h\u00f4tel.<\/li>\n<\/ul>\n<p data-start=\"1103\" data-end=\"1143\"><strong data-start=\"1106\" data-end=\"1143\">\u267b\ufe0f Choisissez le naturel, choisissez responsable.<\/strong><\/p>\n<hr data-start=\"1145\" data-end=\"1148\">\n<p data-start=\"1150\" data-end=\"1235\">\ud83d\uded2 Ajoutez-le \u00e0 votre panier d\u00e8s aujourd\u2019hui et emportez un petit morceau de nature avec vous o\u00f9 que vous alliez !<\/p>\n","protected":false},"excerpt":{"rendered":"<h3 data-start=\"151\" data-end=\"231\"><strong data-start=\"158\" data-end=\"231\">Brosse avec miroir en bambou naturel, d\u00e9tail pour h\u00f4tels<\/strong><\/h3>\n","protected":false},"featured_media":8497,"template":"","meta":{"_acf_changed":false},"product_brand":[],"product_cat":[717],"product_tag":[],"class_list":{"0":"post-8495","1":"product","2":"type-product","3":"status-publish","4":"has-post-thumbnail","6":"product_cat-amenities-de-bano-para-hoteles-2","8":"first","9":"outofstock","10":"taxable","11":"shipping-taxable","12":"purchasable","13":"product-type-simple"},"acf":[],"_links":{"self":[{"href":"https:\/\/www.brbimport.com\/fr\/wp-json\/wp\/v2\/product\/8495","targetHints":{"allow":["GET"]}}],"collection":[{"href":"https:\/\/www.brbimport.com\/fr\/wp-json\/wp\/v2\/product"}],"about":[{"href":"https:\/\/www.brbimport.com\/fr\/wp-json\/wp\/v2\/types\/product"}],"wp:featuredmedia":[{"embeddable":true,"href":"https:\/\/www.brbimport.com\/fr\/wp-json\/wp\/v2\/media\/8497"}],"wp:attachment":[{"href":"https:\/\/www.brbimport.com\/fr\/wp-json\/wp\/v2\/media?parent=8495"}],"wp:term":[{"taxonomy":"product_brand","embeddable":true,"href":"https:\/\/www.brbimport.com\/fr\/wp-json\/wp\/v2\/product_brand?post=8495"},{"taxonomy":"product_cat","embeddable":true,"href":"https:\/\/www.brbimport.com\/fr\/wp-json\/wp\/v2\/product_cat?post=8495"},{"taxonomy":"product_tag","embeddable":true,"href":"https:\/\/www.brbimport.com\/fr\/wp-json\/wp\/v2\/product_tag?post=8495"}],"curies":[{"name":"wp","href":"https:\/\/api.w.org\/{rel}","templated":true}]}}