{"id":8501,"date":"2025-08-29T08:40:54","date_gmt":"2025-08-29T08:40:54","guid":{"rendered":"https:\/\/www.brbimport.com\/set-de-espejo-y-cepillo-en-madera-natural-2-piezas-con-funda-de-algodon\/"},"modified":"2026-04-01T10:59:30","modified_gmt":"2026-04-01T10:59:30","slug":"set-de-espejo-y-cepillo-en-madera-natural-2-piezas-con-funda-de-algodon","status":"publish","type":"product","link":"https:\/\/www.brbimport.com\/fr\/produit\/set-de-espejo-y-cepillo-en-madera-natural-2-piezas-con-funda-de-algodon\/","title":{"rendered":"Set miroir et brosse en bois naturel \u2013 2 pi\u00e8ces avec pochette en coton"},"content":{"rendered":"<h3 data-start=\"136\" data-end=\"217\"><strong data-start=\"140\" data-end=\"217\">Set miroir et brosse en bois naturel \u2013 2 pi\u00e8ces avec pochette en coton<\/strong><\/h3>\n<p data-start=\"219\" data-end=\"282\"><strong data-start=\"221\" data-end=\"282\">\u2728 Style naturel, fonctionnalit\u00e9 et \u00e9l\u00e9gance en un seul set.<\/strong><\/p>\n<p data-start=\"284\" data-end=\"475\">Ce magnifique set comprend une <strong data-start=\"312\" data-end=\"332\">brosse et un miroir<\/strong> fabriqu\u00e9s principalement en <strong data-start=\"362\" data-end=\"380\">bois naturel<\/strong>, parfaits pour ceux qui appr\u00e9cient les mat\u00e9riaux durables et un design simple mais raffin\u00e9.<\/p>\n<p data-start=\"477\" data-end=\"491\"><strong data-start=\"479\" data-end=\"491\">\u2705 Comprend :<\/strong><\/p>\n<ul data-start=\"492\" data-end=\"590\">\n<li data-start=\"492\" data-end=\"521\">\n<p data-start=\"494\" data-end=\"521\">1 brosse en bois naturel<\/p>\n<\/li>\n<li data-start=\"522\" data-end=\"548\">\n<p data-start=\"524\" data-end=\"548\">1 miroir \u00e0 main assorti<\/p>\n<\/li>\n<li data-start=\"549\" data-end=\"590\">\n<p data-start=\"551\" data-end=\"590\">1 pochette en coton avec fermeture \u00e0 cordon<\/p>\n<\/li>\n<\/ul>\n<p data-start=\"592\" data-end=\"729\">\ud83d\udc5c Id\u00e9al \u00e0 emporter dans votre sac, en voyage ou \u00e0 garder sur votre coiffeuse.<br data-start=\"659\" data-end=\"662\">\ud83c\udf81 C\u2019est aussi une excellente option de cadeau pratique et \u00e9l\u00e9gant.<\/p>\n<p data-start=\"731\" data-end=\"807\"><strong data-start=\"734\" data-end=\"764\">\ud83d\udce6 Livraisons rapides et faciles<\/strong><br data-start=\"764\" data-end=\"767\">\u267b\ufe0f Pr\u00e9sentation \u00e9cologique et r\u00e9utilisable<\/p>\n","protected":false},"excerpt":{"rendered":"<p>Set d\u2019amenities sp\u00e9cial peigne et miroir en bois<\/p>\n","protected":false},"featured_media":8503,"template":"","meta":{"_acf_changed":false},"product_brand":[],"product_cat":[717],"product_tag":[],"class_list":{"0":"post-8501","1":"product","2":"type-product","3":"status-publish","4":"has-post-thumbnail","6":"product_cat-amenities-de-bano-para-hoteles-2","8":"first","9":"outofstock","10":"taxable","11":"shipping-taxable","12":"purchasable","13":"product-type-simple"},"acf":[],"_links":{"self":[{"href":"https:\/\/www.brbimport.com\/fr\/wp-json\/wp\/v2\/product\/8501","targetHints":{"allow":["GET"]}}],"collection":[{"href":"https:\/\/www.brbimport.com\/fr\/wp-json\/wp\/v2\/product"}],"about":[{"href":"https:\/\/www.brbimport.com\/fr\/wp-json\/wp\/v2\/types\/product"}],"wp:featuredmedia":[{"embeddable":true,"href":"https:\/\/www.brbimport.com\/fr\/wp-json\/wp\/v2\/media\/8503"}],"wp:attachment":[{"href":"https:\/\/www.brbimport.com\/fr\/wp-json\/wp\/v2\/media?parent=8501"}],"wp:term":[{"taxonomy":"product_brand","embeddable":true,"href":"https:\/\/www.brbimport.com\/fr\/wp-json\/wp\/v2\/product_brand?post=8501"},{"taxonomy":"product_cat","embeddable":true,"href":"https:\/\/www.brbimport.com\/fr\/wp-json\/wp\/v2\/product_cat?post=8501"},{"taxonomy":"product_tag","embeddable":true,"href":"https:\/\/www.brbimport.com\/fr\/wp-json\/wp\/v2\/product_tag?post=8501"}],"curies":[{"name":"wp","href":"https:\/\/api.w.org\/{rel}","templated":true}]}}