{"id":8513,"date":"2025-08-27T10:34:48","date_gmt":"2025-08-27T10:34:48","guid":{"rendered":"https:\/\/www.brbimport.com\/gel-de-manos-sarbacane-1000ml\/"},"modified":"2026-04-01T11:32:33","modified_gmt":"2026-04-01T11:32:33","slug":"gel-de-manos-sarbacane-1000ml","status":"publish","type":"product","link":"https:\/\/www.brbimport.com\/fr\/produit\/gel-de-manos-sarbacane-1000ml\/","title":{"rendered":"Gel pour les mains SARBACANE 1000 ml"},"content":{"rendered":"<hr data-start=\"1192\" data-end=\"1195\">\n<h3 data-start=\"1197\" data-end=\"1265\"><strong data-start=\"1201\" data-end=\"1263\">\ud83d\udd90 Savon liquide pour les mains Sarbacane \u2013 bouteille de recharge 1000 ml \ud83d\udd90<\/strong><\/h3>\n<p data-start=\"1267\" data-end=\"1440\">Maintenez vos distributeurs toujours remplis avec le <strong data-start=\"1311\" data-end=\"1360\">savon liquide pour les mains Sarbacane en format 1000 ml<\/strong>, la solution pratique et durable pour les h\u00f4tels et h\u00e9bergements haut de gamme.<\/p>\n<p><\/p>\n<p data-start=\"1442\" data-end=\"1477\"><strong data-start=\"1444\" data-end=\"1475\">\u2728 Caract\u00e9ristiques principales :<\/strong><\/p>\n<ul data-start=\"1478\" data-end=\"1907\">\n<li data-start=\"1478\" data-end=\"1550\">\n<p data-start=\"1480\" data-end=\"1550\">Contient un <strong data-start=\"1489\" data-end=\"1520\">extrait nutritif d\u2019ambre<\/strong> qui <strong data-start=\"1525\" data-end=\"1547\">r\u00e9g\u00e9n\u00e8re la peau.<\/strong><\/p>\n<\/li>\n<li data-start=\"1551\" data-end=\"1658\">\n<p data-start=\"1553\" data-end=\"1658\">Ar\u00f4mes raffin\u00e9s de <strong data-start=\"1573\" data-end=\"1607\">bergamote, mandarine et bois de santal,<\/strong> offrant une <strong data-start=\"1624\" data-end=\"1655\">fra\u00eecheur exotique et \u00e9l\u00e9gante.<\/strong><\/p>\n<\/li>\n<li data-start=\"1659\" data-end=\"1726\">\n<p data-start=\"1661\" data-end=\"1726\">Nettoie en douceur et prot\u00e8ge la peau, <strong data-start=\"1698\" data-end=\"1723\">id\u00e9al pour un usage quotidien.<\/strong><\/p>\n<\/li>\n<li data-start=\"1727\" data-end=\"1814\">\n<p data-start=\"1729\" data-end=\"1814\">Format <strong data-start=\"1737\" data-end=\"1759\">recharge de 1000 ml<\/strong>, parfait pour remplir vos distributeurs de 360 ml.<\/p>\n<\/li>\n<li data-start=\"1815\" data-end=\"1907\">\n<p data-start=\"1817\" data-end=\"1907\">Gestion <strong data-start=\"1825\" data-end=\"1851\">efficace et durable<\/strong>, tout en maintenant l\u2019exp\u00e9rience de luxe de vos clients.<\/p>\n<\/li>\n<\/ul>\n<p data-start=\"1909\" data-end=\"2006\">\ud83d\udce6 Pr\u00e9sentation en <strong data-start=\"1928\" data-end=\"1952\">bo\u00eetes de 9 unit\u00e9s<\/strong><br data-start=\"1953\" data-end=\"1956\">\u26a1<strong data-start=\"1958\" data-end=\"1987\"> Livraison rapide et facile<\/strong> dans tout le pays<\/p>\n<p data-start=\"2008\" data-end=\"2097\"><strong data-start=\"2011\" data-end=\"2095\">\ud83d\udc8e Un d\u00e9tail exclusif qui transforme chaque lavage des mains en un moment m\u00e9morable.<\/strong><\/p>\n","protected":false},"excerpt":{"rendered":"<p>Gel pour les mains SARBACANE 1000 ml pour recharger les distributeurs<\/p>\n","protected":false},"featured_media":8515,"template":"","meta":{"_acf_changed":false},"product_brand":[],"product_cat":[],"product_tag":[610],"class_list":{"0":"post-8513","1":"product","2":"type-product","3":"status-publish","4":"has-post-thumbnail","6":"product_tag-cosmetico","8":"first","9":"outofstock","10":"taxable","11":"shipping-taxable","12":"purchasable","13":"product-type-simple"},"acf":[],"_links":{"self":[{"href":"https:\/\/www.brbimport.com\/fr\/wp-json\/wp\/v2\/product\/8513","targetHints":{"allow":["GET"]}}],"collection":[{"href":"https:\/\/www.brbimport.com\/fr\/wp-json\/wp\/v2\/product"}],"about":[{"href":"https:\/\/www.brbimport.com\/fr\/wp-json\/wp\/v2\/types\/product"}],"wp:featuredmedia":[{"embeddable":true,"href":"https:\/\/www.brbimport.com\/fr\/wp-json\/wp\/v2\/media\/8515"}],"wp:attachment":[{"href":"https:\/\/www.brbimport.com\/fr\/wp-json\/wp\/v2\/media?parent=8513"}],"wp:term":[{"taxonomy":"product_brand","embeddable":true,"href":"https:\/\/www.brbimport.com\/fr\/wp-json\/wp\/v2\/product_brand?post=8513"},{"taxonomy":"product_cat","embeddable":true,"href":"https:\/\/www.brbimport.com\/fr\/wp-json\/wp\/v2\/product_cat?post=8513"},{"taxonomy":"product_tag","embeddable":true,"href":"https:\/\/www.brbimport.com\/fr\/wp-json\/wp\/v2\/product_tag?post=8513"}],"curies":[{"name":"wp","href":"https:\/\/api.w.org\/{rel}","templated":true}]}}