{"id":8527,"date":"2025-04-21T11:38:20","date_gmt":"2025-04-21T11:38:20","guid":{"rendered":"https:\/\/www.brbimport.com\/locion-corporal-olivia-para-dispensador-invisible-rellenable\/"},"modified":"2026-03-25T11:24:05","modified_gmt":"2026-03-25T11:24:05","slug":"locion-corporal-olivia-para-dispensador-invisible-rellenable","status":"publish","type":"product","link":"https:\/\/www.brbimport.com\/fr\/produit\/locion-corporal-olivia-para-dispensador-invisible-rellenable\/","title":{"rendered":"Loci\u00f3n corporal OLIVIA para dispensador invisible rellenable"},"content":{"rendered":"<p>Dispensadores Rellenables de Amenities Cosm\u00e9ticos para Hoteles \u2013 Sostenibles y Ecol\u00f3gicos<\/p>\n<p>Brinda a tus hu\u00e9spedes una experiencia de cuidado personal \u00fanica y responsable con nuestros dispensadores de amenities para hoteles, fabricados con pl\u00e1stico reciclado y dise\u00f1ados para ser rellenables. Con esta soluci\u00f3n, reduces el impacto ambiental al evitar el uso de envases pl\u00e1sticos de un solo uso y, al mismo tiempo, mantienes una est\u00e9tica limpia y elegante en los ba\u00f1os del hotel.<\/p>\n<p>Olivia Body Lotion es la opci\u00f3n perfecta para completar tu dispensador. Con una composici\u00f3n vegana, est\u00e1 formulada con extractos org\u00e1nicos de aceite de oliva y vitamina E, y contiene esqualeno, un poderoso antioxidante que readapta el equilibrio fisiol\u00f3gico de la humedad de la piel. Esta loci\u00f3n deja la piel suave, nutrida e hidratada, proporcionando una sensaci\u00f3n de bienestar durante todo el d\u00eda.<\/p>\n<p>No contiene parabenos, aceites minerales, colorantes artificiales, siliconas, EDTA, propilenglicol, ftalatos, PCM ni NM, lo que la convierte en una opci\u00f3n ideal para los hu\u00e9spedes que buscan productos naturales, efectivos y de calidad.<\/p>\n<p>Con nuestras botellas de 440 ml rellenable, puedes ofrecer una soluci\u00f3n pr\u00e1ctica, econ\u00f3mica y sostenible para tu establecimiento, todo mientras cuidas del medio ambiente y mantienes la mejor calidad en los productos de tu hotel.<\/p>\n","protected":false},"excerpt":{"rendered":"<p>Loci\u00f3n corporal OLIVIA de 440ml para dispensador invisible rellenable<\/p>\n","protected":false},"featured_media":6160,"template":"","meta":{"_acf_changed":false},"product_brand":[],"product_cat":[],"product_tag":[610],"class_list":{"0":"post-8527","1":"product","2":"type-product","3":"status-publish","4":"has-post-thumbnail","6":"product_tag-cosmetico","8":"first","9":"outofstock","10":"taxable","11":"shipping-taxable","12":"purchasable","13":"product-type-simple"},"acf":[],"_links":{"self":[{"href":"https:\/\/www.brbimport.com\/fr\/wp-json\/wp\/v2\/product\/8527","targetHints":{"allow":["GET"]}}],"collection":[{"href":"https:\/\/www.brbimport.com\/fr\/wp-json\/wp\/v2\/product"}],"about":[{"href":"https:\/\/www.brbimport.com\/fr\/wp-json\/wp\/v2\/types\/product"}],"wp:featuredmedia":[{"embeddable":true,"href":"https:\/\/www.brbimport.com\/fr\/wp-json\/wp\/v2\/media\/6160"}],"wp:attachment":[{"href":"https:\/\/www.brbimport.com\/fr\/wp-json\/wp\/v2\/media?parent=8527"}],"wp:term":[{"taxonomy":"product_brand","embeddable":true,"href":"https:\/\/www.brbimport.com\/fr\/wp-json\/wp\/v2\/product_brand?post=8527"},{"taxonomy":"product_cat","embeddable":true,"href":"https:\/\/www.brbimport.com\/fr\/wp-json\/wp\/v2\/product_cat?post=8527"},{"taxonomy":"product_tag","embeddable":true,"href":"https:\/\/www.brbimport.com\/fr\/wp-json\/wp\/v2\/product_tag?post=8527"}],"curies":[{"name":"wp","href":"https:\/\/api.w.org\/{rel}","templated":true}]}}