{"id":8577,"date":"2025-08-26T11:09:32","date_gmt":"2025-08-26T11:09:32","guid":{"rendered":"https:\/\/www.brbimport.com\/shampoo-acondicionador-le-jardin-med-1000ml\/"},"modified":"2026-03-25T11:05:22","modified_gmt":"2026-03-25T11:05:22","slug":"shampoo-acondicionador-le-jardin-med-1000ml","status":"publish","type":"product","link":"https:\/\/www.brbimport.com\/fr\/produit\/shampoo-acondicionador-le-jardin-med-1000ml\/","title":{"rendered":"Shampoo acondicionador LE JARDIN MED 1000ml"},"content":{"rendered":"<p data-start=\"168\" data-end=\"228\">\u2728 <strong data-start=\"170\" data-end=\"224\">Le Jardin Med \u2013 Champ\u00fa Acondicionador para Hoteles<\/strong> \u2728<\/p>\n<p data-start=\"230\" data-end=\"462\">Dentro de su elegante envase, <strong data-start=\"260\" data-end=\"277\">Le Jardin Med<\/strong> guarda las fragancias m\u00e1s cautivadoras: flores de azahar, p\u00e9talos de rosa, mandarinas jugosas y gardenias hipnotizantes\u2026 \u00a1una aut\u00e9ntica sinfon\u00eda de la naturaleza mediterr\u00e1nea! \ud83c\udf38\ud83c\udf4a\ud83c\udf3f<\/p>\n<p data-start=\"464\" data-end=\"510\">\ud83d\udece\ufe0f <strong data-start=\"468\" data-end=\"507\">Especialmente dise\u00f1ado para hoteles<\/strong>:<\/p>\n<ul data-start=\"511\" data-end=\"780\">\n<li data-start=\"606\" data-end=\"680\">\n<p data-start=\"608\" data-end=\"680\">\ud83d\udce6 Presentaci\u00f3n en <strong data-start=\"627\" data-end=\"651\">cajas de 9 unidades<\/strong><\/p>\n<\/li>\n<li data-start=\"681\" data-end=\"719\">\n<p data-start=\"683\" data-end=\"719\">\ud83d\ude9a <strong data-start=\"686\" data-end=\"716\">Entregas r\u00e1pidas y c\u00f3modas<\/strong>.<\/p>\n<\/li>\n<li data-start=\"511\" data-end=\"605\">\n<p data-start=\"513\" data-end=\"605\">\ud83d\udca7 <strong data-start=\"516\" data-end=\"550\">Acondicionador y champ\u00fa en uno<\/strong>, para suavizar y nutrir el cabello de tus hu\u00e9spedes.<\/p>\n<\/li>\n<li data-start=\"720\" data-end=\"780\">\n<p data-start=\"722\" data-end=\"780\">\ud83c\udf0d <strong data-start=\"725\" data-end=\"739\">Recargable<\/strong>, para reducir el consumo de pl\u00e1sticos.<\/p>\n<\/li>\n<\/ul>\n<p data-start=\"782\" data-end=\"1035\">\ud83c\udf3f <strong data-start=\"785\" data-end=\"818\">F\u00f3rmula vegana y eco-friendly<\/strong>:<br data-start=\"819\" data-end=\"822\" \/>Con extractos org\u00e1nicos seleccionados de <strong data-start=\"863\" data-end=\"903\">azafr\u00e1n griego, salvia griega y uvas<\/strong>, mantiene el cabello suave, hidratado y brillante mientras envuelve a los hu\u00e9spedes en los aromas m\u00e1s delicados del Mediterr\u00e1neo.<\/p>\n<p data-start=\"1037\" data-end=\"1175\">\u2705 Sin parabenos, isothiazolinonas, formaldeh\u00eddos, BHT, EDTA, aceites minerales ni colorantes.<br data-start=\"1130\" data-end=\"1133\" \/>\u267b\ufe0f Envases <strong data-start=\"1144\" data-end=\"1172\">reciclados y reciclables<\/strong>.<\/p>\n<p data-start=\"1177\" data-end=\"1305\">\ud83d\udcab Convierte el cuidado del cabello en una experiencia sensorial de lujo para los hu\u00e9spedes de tu hotel con <strong data-start=\"1285\" data-end=\"1302\">Le Jardin Med<\/strong>.<\/p>\n","protected":false},"excerpt":{"rendered":"<p>Champ\u00fa acondicionador LE JARDIN MED de 1000ml para rellenar dispensadores de hotel<\/p>\n","protected":false},"featured_media":8578,"template":"","meta":{"_acf_changed":false},"product_brand":[],"product_cat":[],"product_tag":[610],"class_list":{"0":"post-8577","1":"product","2":"type-product","3":"status-publish","4":"has-post-thumbnail","6":"product_tag-cosmetico","8":"first","9":"outofstock","10":"taxable","11":"shipping-taxable","12":"purchasable","13":"product-type-simple"},"acf":[],"_links":{"self":[{"href":"https:\/\/www.brbimport.com\/fr\/wp-json\/wp\/v2\/product\/8577","targetHints":{"allow":["GET"]}}],"collection":[{"href":"https:\/\/www.brbimport.com\/fr\/wp-json\/wp\/v2\/product"}],"about":[{"href":"https:\/\/www.brbimport.com\/fr\/wp-json\/wp\/v2\/types\/product"}],"wp:featuredmedia":[{"embeddable":true,"href":"https:\/\/www.brbimport.com\/fr\/wp-json\/wp\/v2\/media\/8578"}],"wp:attachment":[{"href":"https:\/\/www.brbimport.com\/fr\/wp-json\/wp\/v2\/media?parent=8577"}],"wp:term":[{"taxonomy":"product_brand","embeddable":true,"href":"https:\/\/www.brbimport.com\/fr\/wp-json\/wp\/v2\/product_brand?post=8577"},{"taxonomy":"product_cat","embeddable":true,"href":"https:\/\/www.brbimport.com\/fr\/wp-json\/wp\/v2\/product_cat?post=8577"},{"taxonomy":"product_tag","embeddable":true,"href":"https:\/\/www.brbimport.com\/fr\/wp-json\/wp\/v2\/product_tag?post=8577"}],"curies":[{"name":"wp","href":"https:\/\/api.w.org\/{rel}","templated":true}]}}