{"id":8583,"date":"2025-08-26T10:44:25","date_gmt":"2025-08-26T10:44:25","guid":{"rendered":"https:\/\/www.brbimport.com\/gel-de-manos-le-jardin-med-360ml\/"},"modified":"2026-03-25T11:04:54","modified_gmt":"2026-03-25T11:04:54","slug":"gel-de-manos-le-jardin-med-360ml","status":"publish","type":"product","link":"https:\/\/www.brbimport.com\/fr\/produit\/gel-de-manos-le-jardin-med-360ml\/","title":{"rendered":"Gel de manos LE JARDIN MED 360ml"},"content":{"rendered":"<p data-start=\"90\" data-end=\"151\">\u2728 <strong data-start=\"92\" data-end=\"147\">Le Jardin Med \u2013 Jab\u00f3n L\u00edquido de Manos para Hoteles<\/strong> \u2728<\/p>\n<p data-start=\"153\" data-end=\"386\">Dentro de su elegante envase, <strong data-start=\"183\" data-end=\"200\">Le Jardin Med<\/strong> esconde las fragancias m\u00e1s cautivadoras: flores de azahar, p\u00e9talos de rosa, mandarinas jugosas y gardenias hipnotizantes\u2026 \u00a1una aut\u00e9ntica sinfon\u00eda de la naturaleza mediterr\u00e1nea! \ud83c\udf38\ud83c\udf4a\ud83c\udf3f<\/p>\n<p data-start=\"388\" data-end=\"434\">\ud83d\udece\ufe0f <strong data-start=\"392\" data-end=\"431\">Especialmente dise\u00f1ado para hoteles<\/strong>:<\/p>\n<ul data-start=\"435\" data-end=\"585\">\n<li data-start=\"435\" data-end=\"497\">\n<p data-start=\"437\" data-end=\"497\">\ud83d\udca7 <strong data-start=\"440\" data-end=\"454\">Recargable<\/strong>, ideal para reducir el uso de pl\u00e1sticos.<\/p>\n<\/li>\n<li data-start=\"498\" data-end=\"546\">\n<p data-start=\"500\" data-end=\"546\">\ud83d\udce6 Presentaci\u00f3n en <strong data-start=\"519\" data-end=\"543\">cajas de 12 unidades<\/strong>.<\/p>\n<\/li>\n<li data-start=\"547\" data-end=\"585\">\n<p data-start=\"549\" data-end=\"585\">\ud83d\ude9a <strong data-start=\"552\" data-end=\"582\">Entregas r\u00e1pidas y c\u00f3modas<\/strong>.<\/p>\n<\/li>\n<\/ul>\n<p data-start=\"587\" data-end=\"842\">\ud83c\udf3f <strong data-start=\"590\" data-end=\"623\">F\u00f3rmula vegana y eco-friendly<\/strong>:<br data-start=\"624\" data-end=\"627\" \/>Gracias a su composici\u00f3n suave con extractos org\u00e1nicos de <strong data-start=\"685\" data-end=\"725\">azafr\u00e1n griego, salvia griega y uvas<\/strong>, cuida e hidrata la piel mientras transporta a tus hu\u00e9spedes a un jard\u00edn mediterr\u00e1neo lleno de aromas envolventes.<\/p>\n<p data-start=\"844\" data-end=\"986\">\u2705 Libre de parabenos, isothiazolinonas, formaldeh\u00eddos, BHT, EDTA, aceites minerales y colorantes.<br data-start=\"941\" data-end=\"944\" \/>\u267b\ufe0f Envases <strong data-start=\"955\" data-end=\"983\">reciclados y reciclables<\/strong>.<\/p>\n<p data-start=\"988\" data-end=\"1094\">\ud83d\udcab Convierte el simple gesto de lavarse las manos en una experiencia sensorial \u00fanica para tus hu\u00e9spedes.<\/p>\n","protected":false},"excerpt":{"rendered":"<p>Gel de manos LE JARDIN MED rellenable de 360ml para hoteles<\/p>\n","protected":false},"featured_media":8585,"template":"","meta":{"_acf_changed":false},"product_brand":[],"product_cat":[],"product_tag":[610],"class_list":{"0":"post-8583","1":"product","2":"type-product","3":"status-publish","4":"has-post-thumbnail","6":"product_tag-cosmetico","8":"first","9":"outofstock","10":"taxable","11":"shipping-taxable","12":"purchasable","13":"product-type-simple"},"acf":[],"_links":{"self":[{"href":"https:\/\/www.brbimport.com\/fr\/wp-json\/wp\/v2\/product\/8583","targetHints":{"allow":["GET"]}}],"collection":[{"href":"https:\/\/www.brbimport.com\/fr\/wp-json\/wp\/v2\/product"}],"about":[{"href":"https:\/\/www.brbimport.com\/fr\/wp-json\/wp\/v2\/types\/product"}],"wp:featuredmedia":[{"embeddable":true,"href":"https:\/\/www.brbimport.com\/fr\/wp-json\/wp\/v2\/media\/8585"}],"wp:attachment":[{"href":"https:\/\/www.brbimport.com\/fr\/wp-json\/wp\/v2\/media?parent=8583"}],"wp:term":[{"taxonomy":"product_brand","embeddable":true,"href":"https:\/\/www.brbimport.com\/fr\/wp-json\/wp\/v2\/product_brand?post=8583"},{"taxonomy":"product_cat","embeddable":true,"href":"https:\/\/www.brbimport.com\/fr\/wp-json\/wp\/v2\/product_cat?post=8583"},{"taxonomy":"product_tag","embeddable":true,"href":"https:\/\/www.brbimport.com\/fr\/wp-json\/wp\/v2\/product_tag?post=8583"}],"curies":[{"name":"wp","href":"https:\/\/api.w.org\/{rel}","templated":true}]}}