{"id":8795,"date":"2025-04-21T11:38:21","date_gmt":"2025-04-21T11:38:21","guid":{"rendered":"https:\/\/www.brbimport.com\/acondicionador-olivia-thinks-para-dispensador-invisible\/"},"modified":"2026-05-06T14:35:40","modified_gmt":"2026-05-06T14:35:40","slug":"acondicionador-olivia-thinks-para-dispensador-invisible","status":"publish","type":"product","link":"https:\/\/www.brbimport.com\/fr\/produit\/acondicionador-olivia-thinks-para-dispensador-invisible\/","title":{"rendered":"Acondicionador OLIVIA THINKS para dispensador invisible"},"content":{"rendered":"<p>Olivia Thinks Hair Conditioner \u2013 Cuidado capilar premium para hoteles que marcan la diferencia<\/p>\n<p>Olivia Thinks Conditioner ha sido cuidadosamente formulado para ofrecer una experiencia de cuidado capilar de alta gama, ideal para hoteles que buscan destacar por la excelencia en cada detalle. Su f\u00f3rmula combina extractos org\u00e1nicos de aceite de oliva, ricos en antioxidantes y nutrientes que protegen y nutren el cabello en profundidad, con aceite de semilla de Crambe Abyssinica, un activo natural que crea una pel\u00edcula protectora sobre la fibra capilar. Este ingrediente clave ayuda a prevenir la p\u00e9rdida de hidrataci\u00f3n, mejorando el brillo, la elasticidad y la suavidad del cabello desde la primera aplicaci\u00f3n.<\/p>\n<p>Con un 97% de ingredientes naturales y una f\u00f3rmula vegana, este acondicionador no solo es eficaz, sino tambi\u00e9n respetuoso con el medio ambiente y con todo tipo de cabello. Est\u00e1 completamente libre de parabenos, SLES y aceite mineral, lo que lo convierte en una opci\u00f3n segura y consciente para hu\u00e9spedes exigentes que valoran tanto el bienestar personal como la sostenibilidad.<\/p>\n<p>La calidad del producto se complementa con un envase a la altura: dispensadores invisibles de 360ml fabricados con pl\u00e1sticos reciclados. Su dise\u00f1o limpio, minimalista y discreto aporta una imagen moderna y sofisticada a cualquier entorno hotelero. Adem\u00e1s, al ser rellenables, permiten reducir el desperdicio y optimizar el consumo sin renunciar a la est\u00e9tica ni a la practicidad.<\/p>\n<p>Una propuesta completa que responde a las nuevas demandas del sector hospitality, ofreciendo una soluci\u00f3n elegante, sostenible y de alt\u00edsima calidad para hoteles que desean ofrecer una experiencia superior a sus hu\u00e9spedes.<\/p>\n","protected":false},"excerpt":{"rendered":"<p>Acondicionador OLIVIA THINKS de 360ml para dispensador invisible rellenable<\/p>\n","protected":false},"featured_media":8797,"template":"","meta":{"_acf_changed":false},"product_brand":[],"product_cat":[776,547,604,587,589],"product_tag":[610],"class_list":{"0":"post-8795","1":"product","2":"type-product","3":"status-publish","4":"has-post-thumbnail","6":"product_cat-cosmetiques-pour-hotel","7":"product_cat-gel-douche-et-shampoing-pour-hotels","8":"product_cat-olivia-thinks","9":"product_cat-produits-daccueil-ecologiques","10":"product_cat-produits-daccueil-pour-la-salle-de-bain","11":"product_tag-cosmetico","13":"first","14":"outofstock","15":"taxable","16":"shipping-taxable","17":"purchasable","18":"product-type-simple"},"acf":[],"_links":{"self":[{"href":"https:\/\/www.brbimport.com\/fr\/wp-json\/wp\/v2\/product\/8795","targetHints":{"allow":["GET"]}}],"collection":[{"href":"https:\/\/www.brbimport.com\/fr\/wp-json\/wp\/v2\/product"}],"about":[{"href":"https:\/\/www.brbimport.com\/fr\/wp-json\/wp\/v2\/types\/product"}],"wp:featuredmedia":[{"embeddable":true,"href":"https:\/\/www.brbimport.com\/fr\/wp-json\/wp\/v2\/media\/8797"}],"wp:attachment":[{"href":"https:\/\/www.brbimport.com\/fr\/wp-json\/wp\/v2\/media?parent=8795"}],"wp:term":[{"taxonomy":"product_brand","embeddable":true,"href":"https:\/\/www.brbimport.com\/fr\/wp-json\/wp\/v2\/product_brand?post=8795"},{"taxonomy":"product_cat","embeddable":true,"href":"https:\/\/www.brbimport.com\/fr\/wp-json\/wp\/v2\/product_cat?post=8795"},{"taxonomy":"product_tag","embeddable":true,"href":"https:\/\/www.brbimport.com\/fr\/wp-json\/wp\/v2\/product_tag?post=8795"}],"curies":[{"name":"wp","href":"https:\/\/api.w.org\/{rel}","templated":true}]}}