{"id":8837,"date":"2025-04-21T11:38:20","date_gmt":"2025-04-21T11:38:20","guid":{"rendered":"https:\/\/www.brbimport.com\/gel-de-manos-para-rellenar-olive-care\/"},"modified":"2026-05-06T14:35:57","modified_gmt":"2026-05-06T14:35:57","slug":"gel-de-manos-para-rellenar-olive-care","status":"publish","type":"product","link":"https:\/\/www.brbimport.com\/fr\/produit\/gel-de-manos-para-rellenar-olive-care\/","title":{"rendered":"Gel de manos OLIVE CARE 1000 ml para rellenar dispensadores"},"content":{"rendered":"<p>El Jab\u00f3n de Manos L\u00edquido Olive Care est\u00e1 formulado con extractos org\u00e1nicos de fruto y hojas de olivo, y enriquecido con vitamina E, reconocida por sus propiedades antioxidantes.<\/p>\n<p>Limpia suavemente las manos, mientras que la glicerina proporciona una hidrataci\u00f3n profunda y duradera, dejando la piel suave, nutrida y rejuvenecida tras cada lavado.<\/p>\n<p>Se presenta en una botella de 1000 ml rellenable, ideal para su uso en dispensadores invisibles. Esta soluci\u00f3n no solo garantiza una imagen limpia, elegante y uniforme en los espacios de ba\u00f1o del hotel, sino que adem\u00e1s reduce considerablemente el uso de pl\u00e1sticos de un solo uso.<\/p>\n<p>Una opci\u00f3n consciente y sostenible para hoteles que apuestan por el dise\u00f1o, la calidad y el respeto por el medio ambiente.<\/p>\n","protected":false},"excerpt":{"rendered":"<p>Botella gel de manos para rellenar OLIVE CARE 1000ml.<\/p>\n","protected":false},"featured_media":8838,"template":"","meta":{"_acf_changed":false},"product_brand":[],"product_cat":[776,547,600,587,589],"product_tag":[610],"class_list":{"0":"post-8837","1":"product","2":"type-product","3":"status-publish","4":"has-post-thumbnail","6":"product_cat-cosmetiques-pour-hotel","7":"product_cat-gel-douche-et-shampoing-pour-hotels","8":"product_cat-olive-care","9":"product_cat-produits-daccueil-ecologiques","10":"product_cat-produits-daccueil-pour-la-salle-de-bain","11":"product_tag-cosmetico","13":"first","14":"instock","15":"taxable","16":"shipping-taxable","17":"purchasable","18":"product-type-simple"},"acf":[],"_links":{"self":[{"href":"https:\/\/www.brbimport.com\/fr\/wp-json\/wp\/v2\/product\/8837","targetHints":{"allow":["GET"]}}],"collection":[{"href":"https:\/\/www.brbimport.com\/fr\/wp-json\/wp\/v2\/product"}],"about":[{"href":"https:\/\/www.brbimport.com\/fr\/wp-json\/wp\/v2\/types\/product"}],"wp:featuredmedia":[{"embeddable":true,"href":"https:\/\/www.brbimport.com\/fr\/wp-json\/wp\/v2\/media\/8838"}],"wp:attachment":[{"href":"https:\/\/www.brbimport.com\/fr\/wp-json\/wp\/v2\/media?parent=8837"}],"wp:term":[{"taxonomy":"product_brand","embeddable":true,"href":"https:\/\/www.brbimport.com\/fr\/wp-json\/wp\/v2\/product_brand?post=8837"},{"taxonomy":"product_cat","embeddable":true,"href":"https:\/\/www.brbimport.com\/fr\/wp-json\/wp\/v2\/product_cat?post=8837"},{"taxonomy":"product_tag","embeddable":true,"href":"https:\/\/www.brbimport.com\/fr\/wp-json\/wp\/v2\/product_tag?post=8837"}],"curies":[{"name":"wp","href":"https:\/\/api.w.org\/{rel}","templated":true}]}}