{"id":8879,"date":"2025-04-15T15:29:11","date_gmt":"2025-04-15T15:29:11","guid":{"rendered":"https:\/\/www.brbimport.com\/gel-coroporal-olivia\/"},"modified":"2026-03-25T11:24:48","modified_gmt":"2026-03-25T11:24:48","slug":"gel-coroporal-olivia","status":"publish","type":"product","link":"https:\/\/www.brbimport.com\/fr\/produit\/gel-coroporal-olivia\/","title":{"rendered":"Gel corporal OLIVIA 33ml"},"content":{"rendered":"<p data-start=\"136\" data-end=\"691\"><strong data-start=\"136\" data-end=\"187\">Gel de Ducha Olivia 33 ml \u2013 Caja x 201 unidades<\/strong><br data-start=\"187\" data-end=\"190\" \/>Formulado con <strong data-start=\"204\" data-end=\"259\">extractos org\u00e1nicos de aceite de oliva y vitamina E<\/strong>, este gel de ducha vegano limpia suavemente, alivia e hidrata la piel, dej\u00e1ndola suave, nutrida y visiblemente m\u00e1s el\u00e1stica.<br data-start=\"384\" data-end=\"387\" \/>Gracias al poder antioxidante del <strong data-start=\"421\" data-end=\"434\">escualeno<\/strong> y la acci\u00f3n calmante de los ingredientes naturales, ofrece una <strong data-start=\"498\" data-end=\"536\">sensaci\u00f3n de frescura y renovaci\u00f3n<\/strong> para todo el cuerpo.<br data-start=\"557\" data-end=\"560\" \/>Sin parabenos, aceites minerales, colorantes artificiales, siliconas, EDTA, glicol de propileno, ftalatos ni conservantes PCM\/NM.<\/p>\n<p data-start=\"693\" data-end=\"889\"><strong data-start=\"693\" data-end=\"710\">Presentaci\u00f3n:<\/strong> envases individuales de 33 ml, en cajas de 201 unidades.<br data-start=\"767\" data-end=\"770\" \/>Una opci\u00f3n de alta calidad y conciencia sustentable para hoteles que cuidan cada detalle de la experiencia del hu\u00e9sped.<\/p>\n","protected":false},"excerpt":{"rendered":"<p>Gel corporal OLIVIA de 33ml.<\/p>\n","protected":false},"featured_media":8881,"template":"","meta":{"_acf_changed":false},"product_brand":[],"product_cat":[],"product_tag":[610],"class_list":{"0":"post-8879","1":"product","2":"type-product","3":"status-publish","4":"has-post-thumbnail","6":"product_tag-cosmetico","8":"first","9":"instock","10":"taxable","11":"shipping-taxable","12":"purchasable","13":"product-type-simple"},"acf":[],"_links":{"self":[{"href":"https:\/\/www.brbimport.com\/fr\/wp-json\/wp\/v2\/product\/8879","targetHints":{"allow":["GET"]}}],"collection":[{"href":"https:\/\/www.brbimport.com\/fr\/wp-json\/wp\/v2\/product"}],"about":[{"href":"https:\/\/www.brbimport.com\/fr\/wp-json\/wp\/v2\/types\/product"}],"wp:featuredmedia":[{"embeddable":true,"href":"https:\/\/www.brbimport.com\/fr\/wp-json\/wp\/v2\/media\/8881"}],"wp:attachment":[{"href":"https:\/\/www.brbimport.com\/fr\/wp-json\/wp\/v2\/media?parent=8879"}],"wp:term":[{"taxonomy":"product_brand","embeddable":true,"href":"https:\/\/www.brbimport.com\/fr\/wp-json\/wp\/v2\/product_brand?post=8879"},{"taxonomy":"product_cat","embeddable":true,"href":"https:\/\/www.brbimport.com\/fr\/wp-json\/wp\/v2\/product_cat?post=8879"},{"taxonomy":"product_tag","embeddable":true,"href":"https:\/\/www.brbimport.com\/fr\/wp-json\/wp\/v2\/product_tag?post=8879"}],"curies":[{"name":"wp","href":"https:\/\/api.w.org\/{rel}","templated":true}]}}