{"id":8899,"date":"2025-04-15T15:29:04","date_gmt":"2025-04-15T15:29:04","guid":{"rendered":"https:\/\/www.brbimport.com\/kitde-afeitado-para-hoteles\/"},"modified":"2026-03-23T13:58:30","modified_gmt":"2026-03-23T13:58:30","slug":"kitde-afeitado-para-hoteles","status":"publish","type":"product","link":"https:\/\/www.brbimport.com\/fr\/produit\/kitde-afeitado-para-hoteles\/","title":{"rendered":"KIT de afeitado para hoteles"},"content":{"rendered":"<p data-start=\"94\" data-end=\"137\"><strong data-start=\"94\" data-end=\"137\">Eco-friendly Shaving Kit en Caja Blanca<\/strong><\/p>\n<p data-start=\"139\" data-end=\"452\">Ofrec\u00e9 a tus hu\u00e9spedes una experiencia de afeitado responsable y confortable con nuestro <strong data-start=\"228\" data-end=\"256\">Eco-friendly Shaving Kit<\/strong>. Fabricado con <strong data-start=\"272\" data-end=\"317\">materiales biodegradables a base de trigo<\/strong>, este set incluye una <strong data-start=\"340\" data-end=\"369\">crema de afeitar de 15 ml<\/strong> y se presenta en una <strong data-start=\"391\" data-end=\"427\">caja blanca de cart\u00f3n reciclable<\/strong>, elegante y minimalista.<\/p>\n<p data-start=\"454\" data-end=\"586\">Ideal para hoteles y alojamientos comprometidos con la sostenibilidad, sin renunciar a la calidad y comodidad que el hu\u00e9sped espera.<\/p>\n<p data-start=\"588\" data-end=\"608\"><strong data-start=\"588\" data-end=\"608\">Caracter\u00edsticas:<\/strong><\/p>\n<ul data-start=\"609\" data-end=\"846\">\n<li data-start=\"609\" data-end=\"677\">\n<p data-start=\"611\" data-end=\"677\">Mango del rastrillo fabricado con fibras de trigo biodegradables<\/p>\n<\/li>\n<li data-start=\"678\" data-end=\"743\">\n<p data-start=\"680\" data-end=\"743\">Crema de afeitar suave de 15 ml, ideal para todo tipo de piel<\/p>\n<\/li>\n<li data-start=\"744\" data-end=\"795\">\n<p data-start=\"746\" data-end=\"795\">Presentaci\u00f3n en caja blanca de cart\u00f3n reciclado<\/p>\n<\/li>\n<li data-start=\"796\" data-end=\"846\">\n<p data-start=\"798\" data-end=\"846\">Opci\u00f3n ecol\u00f3gica, pr\u00e1ctica y visualmente cuidada<\/p>\n<\/li>\n<\/ul>\n<p data-start=\"848\" data-end=\"922\"><strong data-start=\"848\" data-end=\"922\">Una elecci\u00f3n sostenible que refleja los valores de tu establecimiento.<\/strong><\/p>\n","protected":false},"excerpt":{"rendered":"<p>kit de afeitado e caja blanca, con cuchilla y crema de afeitar de 15ml<\/p>\n","protected":false},"featured_media":8900,"template":"","meta":{"_acf_changed":false},"product_brand":[],"product_cat":[587,591,589,553],"product_tag":[],"class_list":{"0":"post-8899","1":"product","2":"type-product","3":"status-publish","4":"has-post-thumbnail","6":"product_cat-produits-daccueil-ecologiques","7":"product_cat-produits-daccueil-personnalises-pour-hotels","8":"product_cat-produits-daccueil-pour-la-salle-de-bain","9":"product_cat-rasoirs-pour-hotels","11":"first","12":"instock","13":"sale","14":"taxable","15":"shipping-taxable","16":"purchasable","17":"product-type-simple"},"acf":[],"_links":{"self":[{"href":"https:\/\/www.brbimport.com\/fr\/wp-json\/wp\/v2\/product\/8899","targetHints":{"allow":["GET"]}}],"collection":[{"href":"https:\/\/www.brbimport.com\/fr\/wp-json\/wp\/v2\/product"}],"about":[{"href":"https:\/\/www.brbimport.com\/fr\/wp-json\/wp\/v2\/types\/product"}],"wp:featuredmedia":[{"embeddable":true,"href":"https:\/\/www.brbimport.com\/fr\/wp-json\/wp\/v2\/media\/8900"}],"wp:attachment":[{"href":"https:\/\/www.brbimport.com\/fr\/wp-json\/wp\/v2\/media?parent=8899"}],"wp:term":[{"taxonomy":"product_brand","embeddable":true,"href":"https:\/\/www.brbimport.com\/fr\/wp-json\/wp\/v2\/product_brand?post=8899"},{"taxonomy":"product_cat","embeddable":true,"href":"https:\/\/www.brbimport.com\/fr\/wp-json\/wp\/v2\/product_cat?post=8899"},{"taxonomy":"product_tag","embeddable":true,"href":"https:\/\/www.brbimport.com\/fr\/wp-json\/wp\/v2\/product_tag?post=8899"}],"curies":[{"name":"wp","href":"https:\/\/api.w.org\/{rel}","templated":true}]}}