{"id":9001,"date":"2025-04-15T15:29:03","date_gmt":"2025-04-15T15:29:03","guid":{"rendered":"https:\/\/www.brbimport.com\/acondicionador-capilar-olivia-thinks\/"},"modified":"2026-04-16T12:54:16","modified_gmt":"2026-04-16T12:54:16","slug":"acondicionador-capilar-olivia-thinks","status":"publish","type":"product","link":"https:\/\/www.brbimport.com\/fr\/produit\/acondicionador-capilar-olivia-thinks\/","title":{"rendered":"Acondicionador capilar OLIVIA THINKS"},"content":{"rendered":"<h3 data-start=\"127\" data-end=\"206\">\u2728 Acondicionador Olivia Thinks 70 ml \u2013 Hidrataci\u00f3n y brillo en tama\u00f1o ideal<\/h3>\n<p data-start=\"208\" data-end=\"270\"><strong data-start=\"208\" data-end=\"270\">Nutrici\u00f3n profunda y protecci\u00f3n natural, est\u00e9s donde est\u00e9s<\/strong><\/p>\n<p data-start=\"272\" data-end=\"432\">Descubre el poder de la naturaleza con el <strong data-start=\"314\" data-end=\"346\">Acondicionador Olivia Thinks<\/strong> en su pr\u00e1ctico formato de 70 ml, ideal para viajes o como amenity premium en hoteles.<\/p>\n<p data-start=\"434\" data-end=\"465\">\ud83c\udf3f <strong data-start=\"437\" data-end=\"464\">F\u00f3rmula enriquecida con<\/strong>:<\/p>\n<ul data-start=\"466\" data-end=\"694\">\n<li data-start=\"466\" data-end=\"552\">\n<p data-start=\"468\" data-end=\"552\"><strong data-start=\"468\" data-end=\"510\">Extractos org\u00e1nicos de aceite de oliva<\/strong>: propiedades antioxidantes y nutritivas<\/p>\n<\/li>\n<li data-start=\"553\" data-end=\"694\">\n<p data-start=\"555\" data-end=\"694\"><strong data-start=\"555\" data-end=\"597\">Aceite de semilla de Crambe Abyssinica<\/strong>: crea una pel\u00edcula protectora que evita la p\u00e9rdida de humedad, mejora el brillo y la elasticidad<\/p>\n<\/li>\n<\/ul>\n<p data-start=\"696\" data-end=\"714\">\ud83d\udc9a <strong data-start=\"699\" data-end=\"713\">Beneficios<\/strong>:<\/p>\n<ul data-start=\"715\" data-end=\"829\">\n<li data-start=\"715\" data-end=\"754\">\n<p data-start=\"717\" data-end=\"754\">Cabello suave, saludable y luminoso<\/p>\n<\/li>\n<li data-start=\"755\" data-end=\"796\">\n<p data-start=\"757\" data-end=\"796\">Protecci\u00f3n frente a la deshidrataci\u00f3n<\/p>\n<\/li>\n<li data-start=\"797\" data-end=\"829\">\n<p data-start=\"799\" data-end=\"829\">Apto para todo tipo de cabello<\/p>\n<\/li>\n<\/ul>\n<p data-start=\"831\" data-end=\"863\">\ud83c\udf31 <strong data-start=\"834\" data-end=\"862\">Consciente y responsable<\/strong>:<\/p>\n<ul data-start=\"864\" data-end=\"962\">\n<li data-start=\"864\" data-end=\"897\">\n<p data-start=\"866\" data-end=\"897\">97% de ingredientes naturales<\/p>\n<\/li>\n<li data-start=\"898\" data-end=\"913\">\n<p data-start=\"900\" data-end=\"913\">100% vegano<\/p>\n<\/li>\n<li data-start=\"914\" data-end=\"962\">\n<p data-start=\"916\" data-end=\"962\">Sin parabenos, sin SLES, sin aceites minerales<\/p>\n<\/li>\n<\/ul>\n<p data-start=\"964\" data-end=\"1050\">\ud83d\udc49 Perfecto para hu\u00e9spedes exigentes que valoran el cuidado natural y de alta calidad.<\/p>\n","protected":false},"excerpt":{"rendered":"<p>Acondicionador OLIVIA THINKS de 70 ml<\/p>\n","protected":false},"featured_media":9744,"template":"","meta":{"_acf_changed":false},"product_brand":[],"product_cat":[646,647,648,649,604],"product_tag":[610],"class_list":{"0":"post-9001","1":"product","2":"type-product","3":"status-publish","4":"has-post-thumbnail","6":"product_cat-amenities-de-bano-para-hoteles","7":"product_cat-amenities-ecologicos","8":"product_cat-cosmeticos-hotel","9":"product_cat-gel-y-champu-para-hoteles","10":"product_cat-olivia-thinks","11":"product_tag-cosmetico","13":"first","14":"instock","15":"taxable","16":"shipping-taxable","17":"purchasable","18":"product-type-simple"},"acf":[],"_links":{"self":[{"href":"https:\/\/www.brbimport.com\/fr\/wp-json\/wp\/v2\/product\/9001","targetHints":{"allow":["GET"]}}],"collection":[{"href":"https:\/\/www.brbimport.com\/fr\/wp-json\/wp\/v2\/product"}],"about":[{"href":"https:\/\/www.brbimport.com\/fr\/wp-json\/wp\/v2\/types\/product"}],"wp:featuredmedia":[{"embeddable":true,"href":"https:\/\/www.brbimport.com\/fr\/wp-json\/wp\/v2\/media\/9744"}],"wp:attachment":[{"href":"https:\/\/www.brbimport.com\/fr\/wp-json\/wp\/v2\/media?parent=9001"}],"wp:term":[{"taxonomy":"product_brand","embeddable":true,"href":"https:\/\/www.brbimport.com\/fr\/wp-json\/wp\/v2\/product_brand?post=9001"},{"taxonomy":"product_cat","embeddable":true,"href":"https:\/\/www.brbimport.com\/fr\/wp-json\/wp\/v2\/product_cat?post=9001"},{"taxonomy":"product_tag","embeddable":true,"href":"https:\/\/www.brbimport.com\/fr\/wp-json\/wp\/v2\/product_tag?post=9001"}],"curies":[{"name":"wp","href":"https:\/\/api.w.org\/{rel}","templated":true}]}}