{"id":9067,"date":"2025-06-09T11:47:34","date_gmt":"2025-06-09T11:47:34","guid":{"rendered":"https:\/\/www.brbimport.com\/boligrafo-de-bambu-y-aluminio-personalizable-con-el-logo-del-hotel\/"},"modified":"2026-04-24T08:23:26","modified_gmt":"2026-04-24T08:23:26","slug":"boligrafo-de-bambu-y-aluminio-personalizable-con-el-logo-del-hotel","status":"publish","type":"product","link":"https:\/\/www.brbimport.com\/fr\/produit\/boligrafo-de-bambu-y-aluminio-personalizable-con-el-logo-del-hotel\/","title":{"rendered":"Bol\u00edgrafo de Bamb\u00fa y Aluminio \u2013 Personalizable con el Logo del Hotel"},"content":{"rendered":"<p data-start=\"140\" data-end=\"212\"><strong data-start=\"140\" data-end=\"212\">Bol\u00edgrafo de Bamb\u00fa y Aluminio \u2013 Personalizable con el Logo del Hotel<\/strong><\/p>\n<p data-start=\"214\" data-end=\"474\">Bol\u00edgrafo de dise\u00f1o elegante y ecol\u00f3gico, que combina un cuerpo de aluminio con acabado soft touch y una empu\u00f1adura en aut\u00e9ntico bamb\u00fa natural. Disponible en una amplia gama de colores, es ideal para hoteles comprometidos con la sostenibilidad y el buen gusto.<\/p>\n<ul data-start=\"476\" data-end=\"763\">\n<li data-start=\"476\" data-end=\"537\">\n<p data-start=\"478\" data-end=\"537\"><strong data-start=\"478\" data-end=\"493\">Materiales:<\/strong> Bamb\u00fa natural + aluminio con acabado goma<\/p>\n<\/li>\n<li data-start=\"538\" data-end=\"593\">\n<p data-start=\"540\" data-end=\"593\"><strong data-start=\"540\" data-end=\"591\">Clip met\u00e1lico y mecanismo de pulsador retr\u00e1ctil<\/strong><\/p>\n<\/li>\n<li data-start=\"594\" data-end=\"631\">\n<p data-start=\"596\" data-end=\"631\"><strong data-start=\"596\" data-end=\"629\">Tinta azul de escritura suave<\/strong><\/p>\n<\/li>\n<li data-start=\"632\" data-end=\"680\">\n<p data-start=\"634\" data-end=\"680\"><strong data-start=\"634\" data-end=\"651\">Presentaci\u00f3n:<\/strong> Bolsa individual reciclada<\/p>\n<\/li>\n<li data-start=\"681\" data-end=\"763\">\n<p data-start=\"683\" data-end=\"763\"><strong data-start=\"683\" data-end=\"703\">Personalizaci\u00f3n:<\/strong> Impresi\u00f3n del logo del hotel (consultar cantidades m\u00ednimas)<\/p>\n<\/li>\n<\/ul>\n<p data-start=\"765\" data-end=\"885\">\ud83c\udf3f <em data-start=\"768\" data-end=\"885\">El bamb\u00fa es una alternativa sostenible a la madera tradicional: resistente, renovable y con bajo impacto ambiental.<\/em><\/p>\n<p data-start=\"887\" data-end=\"999\">\ud83d\udd39 <em data-start=\"890\" data-end=\"999\">Perfecto como detalle de bienvenida, accesorio de habitaci\u00f3n o regalo corporativo con conciencia ecol\u00f3gica.<\/em><\/p>\n","protected":false},"excerpt":{"rendered":"<p>Bol\u00edgrafo de Bamb\u00fa y Aluminio \u2013 Personalizable con el Logo del Hotel Bol\u00edgrafo de dise\u00f1o elegante y ecol\u00f3gico, que combina un cuerpo de aluminio con acabado soft touch y una empu\u00f1adura en aut\u00e9ntico bamb\u00fa natural. Disponible en una amplia gama de colores, es ideal para hoteles comprometidos con la sostenibilidad y el buen gusto. Materiales: [&hellip;]<\/p>\n","protected":false},"featured_media":9069,"template":"","meta":{"_acf_changed":false},"product_brand":[],"product_cat":[765,537],"product_tag":[],"class_list":{"0":"post-9067","1":"product","2":"type-product","3":"status-publish","4":"has-post-thumbnail","6":"product_cat-accessoires","7":"product_cat-stylos-personnalises","9":"first","10":"outofstock","11":"taxable","12":"shipping-taxable","13":"product-type-simple"},"acf":[],"_links":{"self":[{"href":"https:\/\/www.brbimport.com\/fr\/wp-json\/wp\/v2\/product\/9067","targetHints":{"allow":["GET"]}}],"collection":[{"href":"https:\/\/www.brbimport.com\/fr\/wp-json\/wp\/v2\/product"}],"about":[{"href":"https:\/\/www.brbimport.com\/fr\/wp-json\/wp\/v2\/types\/product"}],"wp:featuredmedia":[{"embeddable":true,"href":"https:\/\/www.brbimport.com\/fr\/wp-json\/wp\/v2\/media\/9069"}],"wp:attachment":[{"href":"https:\/\/www.brbimport.com\/fr\/wp-json\/wp\/v2\/media?parent=9067"}],"wp:term":[{"taxonomy":"product_brand","embeddable":true,"href":"https:\/\/www.brbimport.com\/fr\/wp-json\/wp\/v2\/product_brand?post=9067"},{"taxonomy":"product_cat","embeddable":true,"href":"https:\/\/www.brbimport.com\/fr\/wp-json\/wp\/v2\/product_cat?post=9067"},{"taxonomy":"product_tag","embeddable":true,"href":"https:\/\/www.brbimport.com\/fr\/wp-json\/wp\/v2\/product_tag?post=9067"}],"curies":[{"name":"wp","href":"https:\/\/api.w.org\/{rel}","templated":true}]}}