{"id":9093,"date":"2025-06-09T10:32:26","date_gmt":"2025-06-09T10:32:26","guid":{"rendered":"https:\/\/www.brbimport.com\/calzadores-de-madera-personalizables\/"},"modified":"2026-04-24T08:23:28","modified_gmt":"2026-04-24T08:23:28","slug":"calzadores-de-madera-personalizables","status":"publish","type":"product","link":"https:\/\/www.brbimport.com\/fr\/produit\/calzadores-de-madera-personalizables\/","title":{"rendered":"Calzadores de madera personalizables"},"content":{"rendered":"<p data-start=\"117\" data-end=\"199\"><strong data-start=\"117\" data-end=\"199\">Calzador de Madera para Hotel \u2013 Personalizable con el Logo del Establecimiento<\/strong><\/p>\n<p data-start=\"201\" data-end=\"458\">Calzador elegante y resistente, fabricado en madera natural, ideal para complementar el equipamiento de habitaciones premium o zonas de vestidor. Facilita el calce del calzado sin da\u00f1ar ni deformar el tal\u00f3n, y refuerza la experiencia de confort del hu\u00e9sped.<\/p>\n<ul data-start=\"460\" data-end=\"772\">\n<li data-start=\"460\" data-end=\"498\">\n<p data-start=\"462\" data-end=\"498\"><strong data-start=\"462\" data-end=\"475\">Material:<\/strong> Madera maciza pulida<\/p>\n<\/li>\n<li data-start=\"499\" data-end=\"544\">\n<p data-start=\"501\" data-end=\"544\"><strong data-start=\"501\" data-end=\"512\">Tama\u00f1o:<\/strong> Est\u00e1ndar (consultar opciones)<\/p>\n<\/li>\n<li data-start=\"545\" data-end=\"617\">\n<p data-start=\"547\" data-end=\"617\"><strong data-start=\"547\" data-end=\"555\">Uso:<\/strong> Facilita el uso del calzado y aporta un toque de distinci\u00f3n<\/p>\n<\/li>\n<li data-start=\"618\" data-end=\"700\">\n<p data-start=\"620\" data-end=\"700\"><strong data-start=\"620\" data-end=\"640\">Personalizaci\u00f3n:,\u00a0<\/strong>Serigraf\u00eda con el nombre del hotel<\/p>\n<\/li>\n<li data-start=\"701\" data-end=\"772\">\n<p data-start=\"703\" data-end=\"772\"><strong data-start=\"703\" data-end=\"720\">Presentaci\u00f3n:<\/strong> cantidad m\u00ednima 200 unidades, para personalizaci\u00f3n 500.<\/p>\n<\/li>\n<\/ul>\n<p data-start=\"774\" data-end=\"859\">\ud83d\udd39 <em data-start=\"777\" data-end=\"859\">Un detalle funcional y sofisticado que eleva la percepci\u00f3n de tu marca hotelera.<\/em><\/p>\n","protected":false},"excerpt":{"rendered":"<p>Calzadores de madera para hotel<\/p>\n","protected":false},"featured_media":9095,"template":"","meta":{"_acf_changed":false},"product_brand":[],"product_cat":[765,556],"product_tag":[],"class_list":{"0":"post-9093","1":"product","2":"type-product","3":"status-publish","4":"has-post-thumbnail","6":"product_cat-accessoires","7":"product_cat-embauchoirs-pour-chaussures","9":"first","10":"outofstock","11":"taxable","12":"shipping-taxable","13":"purchasable","14":"product-type-simple"},"acf":[],"_links":{"self":[{"href":"https:\/\/www.brbimport.com\/fr\/wp-json\/wp\/v2\/product\/9093","targetHints":{"allow":["GET"]}}],"collection":[{"href":"https:\/\/www.brbimport.com\/fr\/wp-json\/wp\/v2\/product"}],"about":[{"href":"https:\/\/www.brbimport.com\/fr\/wp-json\/wp\/v2\/types\/product"}],"wp:featuredmedia":[{"embeddable":true,"href":"https:\/\/www.brbimport.com\/fr\/wp-json\/wp\/v2\/media\/9095"}],"wp:attachment":[{"href":"https:\/\/www.brbimport.com\/fr\/wp-json\/wp\/v2\/media?parent=9093"}],"wp:term":[{"taxonomy":"product_brand","embeddable":true,"href":"https:\/\/www.brbimport.com\/fr\/wp-json\/wp\/v2\/product_brand?post=9093"},{"taxonomy":"product_cat","embeddable":true,"href":"https:\/\/www.brbimport.com\/fr\/wp-json\/wp\/v2\/product_cat?post=9093"},{"taxonomy":"product_tag","embeddable":true,"href":"https:\/\/www.brbimport.com\/fr\/wp-json\/wp\/v2\/product_tag?post=9093"}],"curies":[{"name":"wp","href":"https:\/\/api.w.org\/{rel}","templated":true}]}}