{"id":9155,"date":"2025-06-09T09:26:45","date_gmt":"2025-06-09T09:26:45","guid":{"rendered":"https:\/\/www.brbimport.com\/bolsa-para-secador-de-algodon-plano-tratado\/"},"modified":"2026-04-20T15:30:16","modified_gmt":"2026-04-20T15:30:16","slug":"bolsa-para-secador-de-algodon-plano-tratado","status":"publish","type":"product","link":"https:\/\/www.brbimport.com\/fr\/produit\/bolsa-para-secador-de-algodon-plano-tratado\/","title":{"rendered":"Bolsa para secador de algod\u00f3n plano"},"content":{"rendered":"<p data-start=\"123\" data-end=\"164\"><strong data-start=\"123\" data-end=\"164\">Bolsa para Secador en Algod\u00f3n Tratado<\/strong><\/p>\n<p data-start=\"166\" data-end=\"409\">Bolsa resistente y de tacto suave, fabricada en algod\u00f3n tratado para mayor durabilidad y facilidad de mantenimiento. Ideal para guardar el secador de forma ordenada en habitaciones de hotel, combinando funcionalidad con una est\u00e9tica cuidada.<\/p>\n<ul data-start=\"411\" data-end=\"577\">\n<li data-start=\"411\" data-end=\"438\">\n<p data-start=\"413\" data-end=\"438\"><strong data-start=\"413\" data-end=\"425\">Medidas:<\/strong> 29 x 36 cm<\/p>\n<\/li>\n<li data-start=\"439\" data-end=\"492\">\n<p data-start=\"441\" data-end=\"492\"><strong data-start=\"441\" data-end=\"454\">Material:<\/strong> Algod\u00f3n plano. Se puede elegir entre tratado o no tratado.<\/p>\n<\/li>\n<li data-start=\"493\" data-end=\"536\">\n<p data-start=\"495\" data-end=\"536\"><strong data-start=\"495\" data-end=\"512\">Presentaci\u00f3n:<\/strong> Cajas de 200 unidades, cantidad m\u00ednima para personalizaci\u00f3n de 300 unidades<\/p>\n<\/li>\n<\/ul>\n<p data-start=\"579\" data-end=\"679\">Una opci\u00f3n pr\u00e1ctica y de calidad para hoteles que cuidan cada detalle de la experiencia del hu\u00e9sped.<\/p>\n","protected":false},"excerpt":{"rendered":"<p>Bolsa para secador de algod\u00f3n plano para hoteles<\/p>\n<p>&nbsp;<\/p>\n","protected":false},"featured_media":9157,"template":"","meta":{"_acf_changed":false},"product_brand":[],"product_cat":[591,549],"product_tag":[],"class_list":{"0":"post-9155","1":"product","2":"type-product","3":"status-publish","4":"has-post-thumbnail","6":"product_cat-produits-daccueil-personnalises-pour-hotels","7":"product_cat-sacs-pour-seche-cheveux","9":"first","10":"outofstock","11":"taxable","12":"shipping-taxable","13":"purchasable","14":"product-type-variable"},"acf":[],"_links":{"self":[{"href":"https:\/\/www.brbimport.com\/fr\/wp-json\/wp\/v2\/product\/9155","targetHints":{"allow":["GET"]}}],"collection":[{"href":"https:\/\/www.brbimport.com\/fr\/wp-json\/wp\/v2\/product"}],"about":[{"href":"https:\/\/www.brbimport.com\/fr\/wp-json\/wp\/v2\/types\/product"}],"wp:featuredmedia":[{"embeddable":true,"href":"https:\/\/www.brbimport.com\/fr\/wp-json\/wp\/v2\/media\/9157"}],"wp:attachment":[{"href":"https:\/\/www.brbimport.com\/fr\/wp-json\/wp\/v2\/media?parent=9155"}],"wp:term":[{"taxonomy":"product_brand","embeddable":true,"href":"https:\/\/www.brbimport.com\/fr\/wp-json\/wp\/v2\/product_brand?post=9155"},{"taxonomy":"product_cat","embeddable":true,"href":"https:\/\/www.brbimport.com\/fr\/wp-json\/wp\/v2\/product_cat?post=9155"},{"taxonomy":"product_tag","embeddable":true,"href":"https:\/\/www.brbimport.com\/fr\/wp-json\/wp\/v2\/product_tag?post=9155"}],"curies":[{"name":"wp","href":"https:\/\/api.w.org\/{rel}","templated":true}]}}