{"id":9181,"date":"2025-06-09T08:53:08","date_gmt":"2025-06-09T08:53:08","guid":{"rendered":"https:\/\/www.brbimport.com\/bolsa-de-lavanderia-algodon-plana-tratado-personalizable\/"},"modified":"2026-05-06T10:35:51","modified_gmt":"2026-05-06T10:35:51","slug":"bolsa-de-lavanderia-algodon-plana-tratado-personalizable","status":"publish","type":"product","link":"https:\/\/www.brbimport.com\/fr\/produit\/bolsa-de-lavanderia-algodon-plana-tratado-personalizable\/","title":{"rendered":"Bolsa de lavander\u00eda algod\u00f3n plana personalizable"},"content":{"rendered":"<p data-start=\"95\" data-end=\"176\"><strong data-start=\"95\" data-end=\"176\">Bolsa de Lavander\u00eda de Algod\u00f3n Plano \u2013 Personalizable con el Logo del Hotel<\/strong><\/p>\n<p data-start=\"178\" data-end=\"362\">Bolsa de lavander\u00eda fabricada en algod\u00f3n tratado, ideal para ofrecer a los hu\u00e9spedes un servicio impecable y de alta calidad. Su acabado facilita el lavado y prolonga su durabilidad.<\/p>\n<ul data-start=\"364\" data-end=\"573\">\n<li data-start=\"364\" data-end=\"391\">\n<p data-start=\"366\" data-end=\"391\"><strong data-start=\"366\" data-end=\"378\">Medidas:<\/strong> 48 x 55 cm<\/p>\n<\/li>\n<li data-start=\"392\" data-end=\"462\">\n<p data-start=\"394\" data-end=\"462\"><strong data-start=\"394\" data-end=\"407\">Material:<\/strong> Algod\u00f3n, resistente y de f\u00e1cil mantenimiento<\/p>\n<\/li>\n<li data-start=\"463\" data-end=\"506\">\n<p data-start=\"465\" data-end=\"506\"><strong data-start=\"465\" data-end=\"482\">Presentaci\u00f3n:<\/strong> Cajas de 200 unidades<\/p>\n<\/li>\n<li data-start=\"507\" data-end=\"573\">\n<p data-start=\"509\" data-end=\"573\"><strong data-start=\"509\" data-end=\"529\">Personalizaci\u00f3n:<\/strong> Posibilidad de imprimir o bordar el logo del hotel, a partir de 500 unidades. Cons\u00faltanos.<\/p>\n<\/li>\n<\/ul>\n<p data-start=\"575\" data-end=\"702\">\ud83d\udd39 <em data-start=\"578\" data-end=\"631\">Personalizaci\u00f3n disponible a partir de 500 unidades<\/em><br data-start=\"631\" data-end=\"634\" \/>Una opci\u00f3n pr\u00e1ctica y elegante para hoteles que cuidan cada detalle.<\/p>\n","protected":false},"excerpt":{"rendered":"<p>Bolsas de lavander\u00eda de algod\u00f3n plano para hoteles<\/p>\n","protected":false},"featured_media":9182,"template":"","meta":{"_acf_changed":false},"product_brand":[],"product_cat":[591,561],"product_tag":[],"class_list":{"0":"post-9181","1":"product","2":"type-product","3":"status-publish","4":"has-post-thumbnail","6":"product_cat-produits-daccueil-personnalises-pour-hotels","7":"product_cat-sacs-a-linge","9":"first","10":"outofstock","11":"taxable","12":"shipping-taxable","13":"purchasable","14":"product-type-variable"},"acf":[],"_links":{"self":[{"href":"https:\/\/www.brbimport.com\/fr\/wp-json\/wp\/v2\/product\/9181","targetHints":{"allow":["GET"]}}],"collection":[{"href":"https:\/\/www.brbimport.com\/fr\/wp-json\/wp\/v2\/product"}],"about":[{"href":"https:\/\/www.brbimport.com\/fr\/wp-json\/wp\/v2\/types\/product"}],"wp:featuredmedia":[{"embeddable":true,"href":"https:\/\/www.brbimport.com\/fr\/wp-json\/wp\/v2\/media\/9182"}],"wp:attachment":[{"href":"https:\/\/www.brbimport.com\/fr\/wp-json\/wp\/v2\/media?parent=9181"}],"wp:term":[{"taxonomy":"product_brand","embeddable":true,"href":"https:\/\/www.brbimport.com\/fr\/wp-json\/wp\/v2\/product_brand?post=9181"},{"taxonomy":"product_cat","embeddable":true,"href":"https:\/\/www.brbimport.com\/fr\/wp-json\/wp\/v2\/product_cat?post=9181"},{"taxonomy":"product_tag","embeddable":true,"href":"https:\/\/www.brbimport.com\/fr\/wp-json\/wp\/v2\/product_tag?post=9181"}],"curies":[{"name":"wp","href":"https:\/\/api.w.org\/{rel}","templated":true}]}}