{"id":9612,"date":"2025-11-28T12:51:27","date_gmt":"2025-11-28T12:51:27","guid":{"rendered":"https:\/\/www.brbimport.com\/zapatilla-bio-en-velours-de-coton-460\/"},"modified":"2026-03-25T12:51:28","modified_gmt":"2026-03-25T12:51:28","slug":"zapatilla-bio-en-velours-de-coton-460","status":"publish","type":"product","link":"https:\/\/www.brbimport.com\/fr\/produit\/zapatilla-bio-en-velours-de-coton-460\/","title":{"rendered":"Zapatilla BIO en velours de coton 460"},"content":{"rendered":"<h3 data-start=\"135\" data-end=\"206\"><strong data-start=\"139\" data-end=\"206\">Chausson en velours de coton \u2013 \u00c9l\u00e9gance et confort maximal<\/strong><\/h3>\n<p data-start=\"208\" data-end=\"379\">Offrez \u00e0 vos clients une exp\u00e9rience premium avec nos <strong data-start=\"268\" data-end=\"312\">chaussons en velours de coton 100 %<\/strong>, con\u00e7us pour apporter douceur, style et confort \u00e0 chaque pas.<\/p>\n<p><\/p>\n<p data-start=\"381\" data-end=\"569\"><strong data-start=\"384\" data-end=\"422\">\ud83e\uddf5 Coton 100 % avec finition velours<\/strong><br data-start=\"422\" data-end=\"425\">Le tissu velout\u00e9 offre une sensation ultra douce et \u00e9l\u00e9gante, id\u00e9ale pour les h\u00f4tels et les h\u00e9bergements recherchant une pr\u00e9sentation soign\u00e9e.<\/p>\n<p data-start=\"571\" data-end=\"715\"><strong data-start=\"574\" data-end=\"615\">\ud83e\uddfd Rembourrage double couche (5 mm + 5 mm)<\/strong><br data-start=\"615\" data-end=\"618\">L\u2019int\u00e9rieur int\u00e8gre deux couches de mousse qui garantissent une marche moelleuse, confortable et silencieuse.<\/p>\n<p data-start=\"717\" data-end=\"855\"><strong data-start=\"720\" data-end=\"755\">\ud83e\uddb6 Talon avec mousse suppl\u00e9mentaire de 10 mm<\/strong><br data-start=\"755\" data-end=\"758\">La zone du talon comprend un renfort rembourr\u00e9 qui apporte plus de stabilit\u00e9 et un confort accru lors de la marche.<\/p>\n<p data-start=\"857\" data-end=\"1012\"><strong data-start=\"860\" data-end=\"913\">\ud83e\uddf1 Semelle en carton \u00e9pais avec base en papier press\u00e9<\/strong><br data-start=\"913\" data-end=\"916\">Une structure ferme et l\u00e9g\u00e8re qui apporte du soutien, tout en maintenant le chausson stable et r\u00e9sistant.<\/p>\n<p data-start=\"1014\" data-end=\"1082\"><strong data-start=\"1017\" data-end=\"1041\">\ud83d\udccf Taille standard 29 cm<\/strong><br data-start=\"1041\" data-end=\"1044\">Parfaite pour la majorit\u00e9 des clients.<\/p>\n<p data-start=\"1084\" data-end=\"1261\"><strong data-start=\"1086\" data-end=\"1133\">\u2728 \u00c9l\u00e9gants, confortables et avec une finition premium<\/strong><br data-start=\"1133\" data-end=\"1136\">Le choix id\u00e9al pour les h\u00f4tels, maisons rurales, appartements touristiques et spas qui souhaitent am\u00e9liorer l\u2019exp\u00e9rience de leurs clients.<\/p>\n<p data-start=\"1263\" data-end=\"1438\">\ud83d\udce6 Presentaci\u00f3n en cajas de 100 pares. Pr\u00e1cticas para gestionar stock y reposiciones\u2026 con entregas r\u00e1pidas y f\u00e1ciles. <\/p>\n","protected":false},"excerpt":{"rendered":"<p>Chaussons pour h\u00f4tel 100 % biod\u00e9gradables mod\u00e8le 460<\/p>\n<p><\/p>\n","protected":false},"featured_media":7290,"template":"","meta":{"_acf_changed":false},"product_brand":[],"product_cat":[],"product_tag":[],"class_list":{"0":"post-9612","1":"product","2":"type-product","3":"status-publish","4":"has-post-thumbnail","7":"first","8":"outofstock","9":"taxable","10":"shipping-taxable","11":"product-type-simple"},"acf":[],"_links":{"self":[{"href":"https:\/\/www.brbimport.com\/fr\/wp-json\/wp\/v2\/product\/9612","targetHints":{"allow":["GET"]}}],"collection":[{"href":"https:\/\/www.brbimport.com\/fr\/wp-json\/wp\/v2\/product"}],"about":[{"href":"https:\/\/www.brbimport.com\/fr\/wp-json\/wp\/v2\/types\/product"}],"wp:featuredmedia":[{"embeddable":true,"href":"https:\/\/www.brbimport.com\/fr\/wp-json\/wp\/v2\/media\/7290"}],"wp:attachment":[{"href":"https:\/\/www.brbimport.com\/fr\/wp-json\/wp\/v2\/media?parent=9612"}],"wp:term":[{"taxonomy":"product_brand","embeddable":true,"href":"https:\/\/www.brbimport.com\/fr\/wp-json\/wp\/v2\/product_brand?post=9612"},{"taxonomy":"product_cat","embeddable":true,"href":"https:\/\/www.brbimport.com\/fr\/wp-json\/wp\/v2\/product_cat?post=9612"},{"taxonomy":"product_tag","embeddable":true,"href":"https:\/\/www.brbimport.com\/fr\/wp-json\/wp\/v2\/product_tag?post=9612"}],"curies":[{"name":"wp","href":"https:\/\/api.w.org\/{rel}","templated":true}]}}