{"id":8390,"date":"2025-12-01T09:37:52","date_gmt":"2025-12-01T09:37:52","guid":{"rendered":"https:\/\/www.brbimport.com\/chinelo-bio-modelo-468-para-hoteis\/"},"modified":"2025-12-01T09:37:52","modified_gmt":"2025-12-01T09:37:52","slug":"chinelo-bio-modelo-468-para-hoteis","status":"publish","type":"product","link":"https:\/\/www.brbimport.com\/pt-pt\/produto\/chinelo-bio-modelo-468-para-hoteis\/","title":{"rendered":"Chinelo BIO modelo 468 para hot\u00e9is.<br> <br> <br>"},"content":{"rendered":"<h3 data-start=\"137\" data-end=\"207\"><strong data-start=\"141\" data-end=\"207\">Chinelo 100% Algod\u00e3o Velour \u2013 Natural, Elegante e Resistente<\/p>\n<p><\/strong><\/h3>\n<p data-start=\"209\" data-end=\"403\">Ofere\u00e7a aos seus h\u00f3spedes um conforto aut\u00eantico com os nossos<strong data-start=\"266\" data-end=\"301\"> chinelos de velour de algod\u00e3o<\/strong>, concebidos para proporcionar suavidade, leveza e uma apresenta\u00e7\u00e3o de alto n\u00edvel em qualquer alojamento.<\/p>\n<p data-start=\"405\" data-end=\"576\"><strong data-start=\"408\" data-end=\"446\">\ud83e\uddf5 Tecido 100% algod\u00e3o \u2013 Velour suave<\/strong><br data-start=\"446\" data-end=\"449\">Fabricadas em algod\u00e3o puro com acabamento velour, proporcionam um toque aveludado e uma est\u00e9tica elegante e acolhedora.<\/p>\n<p data-start=\"578\" data-end=\"729\"><strong data-start=\"581\" data-end=\"614\">\ud83e\uddfd Acolchoado de fibra de algod\u00e3o<\/strong><br data-start=\"614\" data-end=\"617\">O interior com <strong data-start=\"633\" data-end=\"664\">enchimento de fibra de algod\u00e3o<\/strong> proporciona conforto natural, oferecendo uma pisada suave e agrad\u00e1vel.<\/p>\n<p data-start=\"731\" data-end=\"902\"><strong data-start=\"734\" data-end=\"777\">\ud83e\uddf1 Cart\u00e3o refor\u00e7ado para maior estabilidade<\/strong><br data-start=\"777\" data-end=\"780\">A base incorpora <strong data-start=\"798\" data-end=\"822\">cart\u00e3o estabilizador<\/strong>, que mant\u00e9m a forma do chinelo e melhora a sua durabilidade sem acrescentar peso.<\/p>\n<p data-start=\"904\" data-end=\"1027\"><strong data-start=\"907\" data-end=\"934\">\ud83e\uddb6 Sola de polpa de papel<\/strong><br data-start=\"934\" data-end=\"937\">Ligera, silenciosa y natural, ideal para entornos donde se busca sostenibilidad y confort.<\/p>\n<p data-start=\"1029\" data-end=\"1109\"><strong data-start=\"1032\" data-end=\"1056\">\ud83d\udccf Tamanho padr\u00e3o 29 cm<\/strong><br data-start=\"1056\" data-end=\"1059\">Concebido para se adaptar \u00e0 maioria dos h\u00f3spedes.<\/p>\n<p data-start=\"1111\" data-end=\"1261\"><strong data-start=\"1113\" data-end=\"1160\">\u2728 Elegante, resistente e com est\u00e9tica premium<\/strong><br data-start=\"1160\" data-end=\"1163\">Perfeita para hot\u00e9is, casas rurais, spas e alojamentos que desejam oferecer produtos de qualidade.<\/p>\n<p data-start=\"1263\" data-end=\"1438\">\ud83d\udce6 Apresenta\u00e7\u00e3o em caixas de 100 pares.<br \/>Pr\u00e1ticas para gerir stock e reposi\u00e7\u00f5es em hot\u00e9is, casas rurais, apartamentos tur\u00edsticos e spas ..com entregas r\u00e1pidas e f\u00e1ceis. <\/p>\n","protected":false},"excerpt":{"rendered":"<p>Chinelo Biodegrad\u00e1vel modelo 468 para hot\u00e9is.<\/p>\n<p><\/p>\n","protected":false},"featured_media":8386,"template":"","meta":{"_acf_changed":false},"product_brand":[],"product_cat":[],"product_tag":[],"class_list":{"0":"post-8390","1":"product","2":"type-product","3":"status-publish","4":"has-post-thumbnail","7":"first","8":"outofstock","9":"taxable","10":"shipping-taxable","11":"product-type-simple"},"acf":[],"_links":{"self":[{"href":"https:\/\/www.brbimport.com\/pt-pt\/wp-json\/wp\/v2\/product\/8390","targetHints":{"allow":["GET"]}}],"collection":[{"href":"https:\/\/www.brbimport.com\/pt-pt\/wp-json\/wp\/v2\/product"}],"about":[{"href":"https:\/\/www.brbimport.com\/pt-pt\/wp-json\/wp\/v2\/types\/product"}],"wp:featuredmedia":[{"embeddable":true,"href":"https:\/\/www.brbimport.com\/pt-pt\/wp-json\/wp\/v2\/media\/8386"}],"wp:attachment":[{"href":"https:\/\/www.brbimport.com\/pt-pt\/wp-json\/wp\/v2\/media?parent=8390"}],"wp:term":[{"taxonomy":"product_brand","embeddable":true,"href":"https:\/\/www.brbimport.com\/pt-pt\/wp-json\/wp\/v2\/product_brand?post=8390"},{"taxonomy":"product_cat","embeddable":true,"href":"https:\/\/www.brbimport.com\/pt-pt\/wp-json\/wp\/v2\/product_cat?post=8390"},{"taxonomy":"product_tag","embeddable":true,"href":"https:\/\/www.brbimport.com\/pt-pt\/wp-json\/wp\/v2\/product_tag?post=8390"}],"curies":[{"name":"wp","href":"https:\/\/api.w.org\/{rel}","templated":true}]}}