{"id":8399,"date":"2025-11-28T12:58:45","date_gmt":"2025-11-28T12:58:45","guid":{"rendered":"https:\/\/www.brbimport.com\/chinelo-algodao-velour-bio-464\/"},"modified":"2025-11-28T12:58:45","modified_gmt":"2025-11-28T12:58:45","slug":"chinelo-algodao-velour-bio-464","status":"publish","type":"product","link":"https:\/\/www.brbimport.com\/pt-pt\/produto\/chinelo-algodao-velour-bio-464\/","title":{"rendered":"Chinelo Algod\u00e3o Velour BIO 464"},"content":{"rendered":"<h3 data-start=\"137\" data-end=\"207\"><strong data-start=\"141\" data-end=\"207\">Chinelo 100% Algod\u00e3o Velour \u2013 Elegante, Natural e Resistente<\/strong><\/h3>\n<p data-start=\"209\" data-end=\"385\">Descubra uma op\u00e7\u00e3o suave, natural e muito confort\u00e1vel com os nossos <strong data-start=\"275\" data-end=\"307\">chinelos de algod\u00e3o velour<\/strong>, concebidos para alojamentos que procuram qualidade e uma apresenta\u00e7\u00e3o impec\u00e1vel.<\/p>\n<p data-start=\"387\" data-end=\"532\"><strong data-start=\"390\" data-end=\"424\">\ud83e\uddf5 100% algod\u00e3o com acabamento velour<\/strong><br data-start=\"424\" data-end=\"427\">Fabricadas em <strong data-start=\"441\" data-end=\"457\">algod\u00e3o puro<\/strong>, com um toque aveludado que proporciona suavidade e uma apar\u00eancia elegante.<\/p>\n<p data-start=\"534\" data-end=\"663\"><strong data-start=\"537\" data-end=\"570\">\ud83e\uddfd Acolchoado de fibra de algod\u00e3o<\/strong><br data-start=\"570\" data-end=\"573\">O enchimento interior de <strong data-start=\"596\" data-end=\"616\">fibra de algod\u00e3o<\/strong> oferece uma pisada macia, leve e agrad\u00e1vel.<\/p>\n<p data-start=\"665\" data-end=\"822\"><strong data-start=\"668\" data-end=\"711\">\ud83e\uddf1 Cart\u00e3o refor\u00e7ado para maior estabilidade<\/strong><br data-start=\"711\" data-end=\"714\">Incorporam uma base de <strong data-start=\"737\" data-end=\"761\">cart\u00e3o estabilizador,<\/strong> que mant\u00e9m a forma e proporciona resist\u00eancia sem acrescentar peso.<\/p>\n<p data-start=\"824\" data-end=\"956\">\ud83e\uddb6 <strong data-start=\"827\" data-end=\"854\">Suela de pulpa de papel<\/strong><br data-start=\"854\" data-end=\"857\">Una suela natural, ligera y silenciosa, ideal para estancias en hoteles y alojamientos sostenibles.<\/p>\n<p data-start=\"958\" data-end=\"1041\"><strong data-start=\"961\" data-end=\"985\">\ud83d\udccf Tamanho padr\u00e3o 29 cm<\/strong><br data-start=\"985\" data-end=\"988\">Adequado para a maioria dos h\u00f3spedes, confort\u00e1vel e vers\u00e1til.<\/p>\n<p data-start=\"1043\" data-end=\"1195\"><strong data-start=\"1045\" data-end=\"1093\">\u2728 Elegantes, resistentes e com est\u00e9tica premium<\/strong><br data-start=\"1093\" data-end=\"1096\">Perfeitas para hot\u00e9is, casas rurais, spas e alojamentos que procuram oferecer produtos de qualidade.<\/p>\n<p data-start=\"1197\" data-end=\"1372\">\ud83d\udce6 Apresenta\u00e7\u00e3o em caixas de 100 pares.<br \/>Pr\u00e1ticas para gerir stock e reposi\u00e7\u00f5es em hot\u00e9is, casas rurais, apartamentos tur\u00edsticos e spas ..com entregas r\u00e1pidas e f\u00e1ceis. <\/p>\n","protected":false},"excerpt":{"rendered":"<p>Chinelos de velour de algod\u00e3o 100% biodegrad\u00e1veis 464<\/p>\n","protected":false},"featured_media":7295,"template":"","meta":{"_acf_changed":false},"product_brand":[],"product_cat":[],"product_tag":[],"class_list":{"0":"post-8399","1":"product","2":"type-product","3":"status-publish","4":"has-post-thumbnail","7":"first","8":"outofstock","9":"taxable","10":"shipping-taxable","11":"product-type-simple"},"acf":[],"_links":{"self":[{"href":"https:\/\/www.brbimport.com\/pt-pt\/wp-json\/wp\/v2\/product\/8399","targetHints":{"allow":["GET"]}}],"collection":[{"href":"https:\/\/www.brbimport.com\/pt-pt\/wp-json\/wp\/v2\/product"}],"about":[{"href":"https:\/\/www.brbimport.com\/pt-pt\/wp-json\/wp\/v2\/types\/product"}],"wp:featuredmedia":[{"embeddable":true,"href":"https:\/\/www.brbimport.com\/pt-pt\/wp-json\/wp\/v2\/media\/7295"}],"wp:attachment":[{"href":"https:\/\/www.brbimport.com\/pt-pt\/wp-json\/wp\/v2\/media?parent=8399"}],"wp:term":[{"taxonomy":"product_brand","embeddable":true,"href":"https:\/\/www.brbimport.com\/pt-pt\/wp-json\/wp\/v2\/product_brand?post=8399"},{"taxonomy":"product_cat","embeddable":true,"href":"https:\/\/www.brbimport.com\/pt-pt\/wp-json\/wp\/v2\/product_cat?post=8399"},{"taxonomy":"product_tag","embeddable":true,"href":"https:\/\/www.brbimport.com\/pt-pt\/wp-json\/wp\/v2\/product_tag?post=8399"}],"curies":[{"name":"wp","href":"https:\/\/api.w.org\/{rel}","templated":true}]}}