{"id":8406,"date":"2025-11-28T12:51:27","date_gmt":"2025-11-28T12:51:27","guid":{"rendered":"https:\/\/www.brbimport.com\/zapatilla-bio-de-terciopelo-de-algodon-460\/"},"modified":"2026-03-09T08:31:56","modified_gmt":"2026-03-09T08:31:56","slug":"zapatilla-bio-de-terciopelo-de-algodon-460","status":"publish","type":"product","link":"https:\/\/www.brbimport.com\/pt-pt\/produto\/zapatilla-bio-de-terciopelo-de-algodon-460\/","title":{"rendered":"Zapatilla BIO de terciopelo de algod\u00f3n 460"},"content":{"rendered":"<h3 data-start=\"135\" data-end=\"206\"><strong data-start=\"139\" data-end=\"206\">Zapatilla de Terciopelo de Algod\u00f3n \u2013 Elegancia y M\u00e1ximo Confort<\/strong><\/h3>\n<p data-start=\"208\" data-end=\"379\">Ofrece a tus hu\u00e9spedes una experiencia premium con nuestras <strong data-start=\"268\" data-end=\"312\">zapatillas de terciopelo de algod\u00f3n 100%<\/strong>, dise\u00f1adas para aportar suavidad, estilo y comodidad en cada paso.<\/p>\n<p data-start=\"381\" data-end=\"569\">\ud83e\uddf5 <strong data-start=\"384\" data-end=\"422\">Algod\u00f3n 100% en acabado terciopelo<\/strong><br data-start=\"422\" data-end=\"425\" \/>El tejido aterciopelado proporciona una sensaci\u00f3n ultra suave y elegante, ideal para hoteles y alojamientos que buscan una presentaci\u00f3n cuidada.<\/p>\n<p data-start=\"571\" data-end=\"715\">\ud83e\uddfd <strong data-start=\"574\" data-end=\"615\">Acolchado de doble capa (5 mm + 5 mm)<\/strong><br data-start=\"615\" data-end=\"618\" \/>Su interior incorpora dos capas de espuma que garantizan una pisada mullida, c\u00f3moda y silenciosa.<\/p>\n<p data-start=\"717\" data-end=\"855\">\ud83e\uddb6 <strong data-start=\"720\" data-end=\"755\">Tal\u00f3n con espuma extra de 10 mm<\/strong><br data-start=\"755\" data-end=\"758\" \/>La zona del tal\u00f3n incluye un refuerzo acolchado que a\u00f1ade estabilidad y mayor confort al caminar.<\/p>\n<p data-start=\"857\" data-end=\"1012\">\ud83e\uddf1 <strong data-start=\"860\" data-end=\"913\">Suela de cart\u00f3n grueso con base de papel prensado<\/strong><br data-start=\"913\" data-end=\"916\" \/>Una estructura firme y ligera que aporta soporte, manteniendo la zapatilla estable y resistente.<\/p>\n<p data-start=\"1014\" data-end=\"1082\">\ud83d\udccf <strong data-start=\"1017\" data-end=\"1041\">Talla est\u00e1ndar 29 cm<\/strong><br data-start=\"1041\" data-end=\"1044\" \/>Perfecta para la mayor\u00eda de hu\u00e9spedes.<\/p>\n<p data-start=\"1084\" data-end=\"1261\">\u2728 <strong data-start=\"1086\" data-end=\"1133\">Elegantes, c\u00f3modas y con un acabado premium<\/strong><br data-start=\"1133\" data-end=\"1136\" \/>La opci\u00f3n ideal para hoteles, casas rurales, apartamentos tur\u00edsticos y spas que buscan elevar la experiencia de sus clientes.<\/p>\n<p data-start=\"1263\" data-end=\"1438\">\ud83d\udce6 Presentaci\u00f3n en cajas de 100 pares. Pr\u00e1cticas para gestionar stock y reposiciones en hoteles, casas rurales, apartamentos tur\u00edsticos y spas\u2026 con entregas r\u00e1pidas y f\u00e1ciles.<\/p>\n","protected":false},"excerpt":{"rendered":"<p>Zapatillas para hotel 100% BIODEGRADABLE modelo 460<\/p>\n","protected":false},"featured_media":8407,"template":"","meta":{"_acf_changed":false},"product_brand":[],"product_cat":[],"product_tag":[],"class_list":{"0":"post-8406","1":"product","2":"type-product","3":"status-publish","4":"has-post-thumbnail","7":"first","8":"outofstock","9":"taxable","10":"shipping-taxable","11":"product-type-simple"},"acf":[],"_links":{"self":[{"href":"https:\/\/www.brbimport.com\/pt-pt\/wp-json\/wp\/v2\/product\/8406","targetHints":{"allow":["GET"]}}],"collection":[{"href":"https:\/\/www.brbimport.com\/pt-pt\/wp-json\/wp\/v2\/product"}],"about":[{"href":"https:\/\/www.brbimport.com\/pt-pt\/wp-json\/wp\/v2\/types\/product"}],"wp:featuredmedia":[{"embeddable":true,"href":"https:\/\/www.brbimport.com\/pt-pt\/wp-json\/wp\/v2\/media\/8407"}],"wp:attachment":[{"href":"https:\/\/www.brbimport.com\/pt-pt\/wp-json\/wp\/v2\/media?parent=8406"}],"wp:term":[{"taxonomy":"product_brand","embeddable":true,"href":"https:\/\/www.brbimport.com\/pt-pt\/wp-json\/wp\/v2\/product_brand?post=8406"},{"taxonomy":"product_cat","embeddable":true,"href":"https:\/\/www.brbimport.com\/pt-pt\/wp-json\/wp\/v2\/product_cat?post=8406"},{"taxonomy":"product_tag","embeddable":true,"href":"https:\/\/www.brbimport.com\/pt-pt\/wp-json\/wp\/v2\/product_tag?post=8406"}],"curies":[{"name":"wp","href":"https:\/\/api.w.org\/{rel}","templated":true}]}}