{"id":8410,"date":"2025-11-28T12:43:15","date_gmt":"2025-11-28T12:43:15","guid":{"rendered":"https:\/\/www.brbimport.com\/zapatilla-bio-de-algodon-y-yute-438\/"},"modified":"2025-11-28T12:43:15","modified_gmt":"2025-11-28T12:43:15","slug":"zapatilla-bio-de-algodon-y-yute-438","status":"publish","type":"product","link":"https:\/\/www.brbimport.com\/pt-pt\/produto\/zapatilla-bio-de-algodon-y-yute-438\/","title":{"rendered":"Zapatilla BIO de algod\u00f3n y yute 438"},"content":{"rendered":"<h3 data-start=\"180\" data-end=\"242\"><strong data-start=\"184\" data-end=\"242\">Zapatilla Eco 100% Bio \u2013 Algod\u00f3n, Yute y Suela Natural<\/strong><\/h3>\n<p data-start=\"244\" data-end=\"414\">Ofrece a tus hu\u00e9spedes una opci\u00f3n respetuosa con el medio ambiente con nuestras <strong data-start=\"324\" data-end=\"347\">zapatillas 100% bio<\/strong>, fabricadas exclusivamente con materiales naturales y sostenibles.<\/p>\n<p data-start=\"416\" data-end=\"636\">\ud83c\udf3f <strong data-start=\"419\" data-end=\"453\">Materiales 100% biodegradables<\/strong><br data-start=\"453\" data-end=\"456\" \/>Confeccionadas en <strong data-start=\"474\" data-end=\"490\">algod\u00f3n 100%<\/strong>, con exterior de <strong data-start=\"508\" data-end=\"524\">yute natural<\/strong> y relleno de <strong data-start=\"538\" data-end=\"558\">fibra de algod\u00f3n<\/strong>, estas zapatillas son totalmente biodegradables y respetuosas con el entorno.<\/p>\n<p data-start=\"638\" data-end=\"783\">\ud83e\uddf5 <strong data-start=\"641\" data-end=\"669\">Exterior de yute natural<\/strong><br data-start=\"669\" data-end=\"672\" \/>El yute aporta una apariencia r\u00fastica y elegante, a la vez que mantiene la resistencia y ligereza del producto.<\/p>\n<p data-start=\"785\" data-end=\"920\">\ud83e\uddfd <strong data-start=\"788\" data-end=\"819\">Relleno de fibra de algod\u00f3n<\/strong><br data-start=\"819\" data-end=\"822\" \/>El acolchado interior proporciona comodidad y suavidad, ideal para una pisada agradable y natural.<\/p>\n<p data-start=\"922\" data-end=\"1050\">\ud83e\uddb6 <strong data-start=\"925\" data-end=\"950\">Suela natural de 3 mm<\/strong><br data-start=\"950\" data-end=\"953\" \/>Ofrece ligereza y soporte suficiente para estancias en hoteles, spas y alojamientos eco-friendly.<\/p>\n<p data-start=\"1052\" data-end=\"1148\">\ud83d\udccf <strong data-start=\"1055\" data-end=\"1079\">Talla est\u00e1ndar 29 cm<\/strong><br data-start=\"1079\" data-end=\"1082\" \/>Dise\u00f1ada para adaptarse c\u00f3modamente a la mayor\u00eda de los hu\u00e9spedes.<\/p>\n<p data-start=\"1150\" data-end=\"1278\">\u2728 <strong data-start=\"1152\" data-end=\"1187\">Confortable, natural y duradera<\/strong><br data-start=\"1187\" data-end=\"1190\" \/>La opci\u00f3n perfecta para alojamientos que desean ofrecer amenities realmente sostenibles.<\/p>\n<p data-start=\"1280\" data-end=\"1455\">\ud83d\udce6 Presentaci\u00f3n en cajas de 100 pares. Pr\u00e1cticas para gestionar stock y reposiciones en hoteles, casas rurales, apartamentos tur\u00edsticos y spas\u2026 con entregas r\u00e1pidas y f\u00e1ciles.<\/p>\n","protected":false},"excerpt":{"rendered":"<p>Zapatilla 100% biodegradable para hoteles modelo 438<\/p>\n","protected":false},"featured_media":8411,"template":"","meta":{"_acf_changed":false},"product_brand":[],"product_cat":[],"product_tag":[],"class_list":{"0":"post-8410","1":"product","2":"type-product","3":"status-publish","4":"has-post-thumbnail","7":"first","8":"outofstock","9":"taxable","10":"shipping-taxable","11":"product-type-simple"},"acf":[],"_links":{"self":[{"href":"https:\/\/www.brbimport.com\/pt-pt\/wp-json\/wp\/v2\/product\/8410","targetHints":{"allow":["GET"]}}],"collection":[{"href":"https:\/\/www.brbimport.com\/pt-pt\/wp-json\/wp\/v2\/product"}],"about":[{"href":"https:\/\/www.brbimport.com\/pt-pt\/wp-json\/wp\/v2\/types\/product"}],"wp:featuredmedia":[{"embeddable":true,"href":"https:\/\/www.brbimport.com\/pt-pt\/wp-json\/wp\/v2\/media\/8411"}],"wp:attachment":[{"href":"https:\/\/www.brbimport.com\/pt-pt\/wp-json\/wp\/v2\/media?parent=8410"}],"wp:term":[{"taxonomy":"product_brand","embeddable":true,"href":"https:\/\/www.brbimport.com\/pt-pt\/wp-json\/wp\/v2\/product_brand?post=8410"},{"taxonomy":"product_cat","embeddable":true,"href":"https:\/\/www.brbimport.com\/pt-pt\/wp-json\/wp\/v2\/product_cat?post=8410"},{"taxonomy":"product_tag","embeddable":true,"href":"https:\/\/www.brbimport.com\/pt-pt\/wp-json\/wp\/v2\/product_tag?post=8410"}],"curies":[{"name":"wp","href":"https:\/\/api.w.org\/{rel}","templated":true}]}}