{"id":8434,"date":"2025-11-28T10:31:51","date_gmt":"2025-11-28T10:31:51","guid":{"rendered":"https:\/\/www.brbimport.com\/sandalia-bambu-spa-con-velcro-modelo-576\/"},"modified":"2025-11-28T10:31:51","modified_gmt":"2025-11-28T10:31:51","slug":"sandalia-bambu-spa-con-velcro-modelo-576","status":"publish","type":"product","link":"https:\/\/www.brbimport.com\/pt-pt\/produto\/sandalia-bambu-spa-con-velcro-modelo-576\/","title":{"rendered":"Sandalia bamb\u00fa SPA con velcro modelo 576"},"content":{"rendered":"<h3 data-start=\"124\" data-end=\"205\"><strong data-start=\"128\" data-end=\"205\">Sandalia Spa de Bamb\u00fa con Velcro \u2013 Natural, Ajustable y S\u00faper Confortable<\/strong><\/h3>\n<p data-start=\"207\" data-end=\"410\">Descubre la combinaci\u00f3n perfecta de comodidad y estilo con nuestras <strong data-start=\"275\" data-end=\"313\">sandalias para spa en bamb\u00fa tejido<\/strong>, dise\u00f1adas para ofrecer una experiencia relajante y natural en hoteles, spas y centros wellness.<\/p>\n<p data-start=\"412\" data-end=\"570\">\ud83c\udf3f <strong data-start=\"415\" data-end=\"447\">Bamb\u00fa tejido de alta calidad<\/strong><br data-start=\"447\" data-end=\"450\" \/>La base est\u00e1 elaborada en <strong data-start=\"476\" data-end=\"494\">bamb\u00fa trenzado<\/strong>, un material natural y resistente que aporta frescura y un tacto agradable.<\/p>\n<p data-start=\"572\" data-end=\"710\">\ud83d\udc63 <strong data-start=\"575\" data-end=\"614\">Dise\u00f1o abierto para mayor comodidad<\/strong><br data-start=\"614\" data-end=\"617\" \/>La <strong data-start=\"620\" data-end=\"645\">punta del pie abierta<\/strong> permite mejor ventilaci\u00f3n y una sensaci\u00f3n m\u00e1s ligera al caminar.<\/p>\n<p data-start=\"712\" data-end=\"911\">\ud83d\udd12 <strong data-start=\"715\" data-end=\"746\">Cierre ajustable con velcro<\/strong><br data-start=\"746\" data-end=\"749\" \/>La banda superior, fabricada en <strong data-start=\"781\" data-end=\"803\">tejido impermeable<\/strong>, incorpora un pr\u00e1ctico <strong data-start=\"827\" data-end=\"837\">velcro<\/strong> que asegura un ajuste c\u00f3modo, firme y adaptable a distintos tipos de pie.<\/p>\n<p data-start=\"913\" data-end=\"1047\">\ud83e\uddf5 <strong data-start=\"916\" data-end=\"938\">Acabados en tejido<\/strong><br data-start=\"938\" data-end=\"941\" \/>El contorno de la suela est\u00e1 revestido con <strong data-start=\"984\" data-end=\"994\">tejido<\/strong>, lo que a\u00f1ade un toque elegante y natural al dise\u00f1o.<\/p>\n<p data-start=\"1049\" data-end=\"1091\">\ud83e\uddb6 <strong data-start=\"1052\" data-end=\"1089\">Suela EVA disponible en 8 o 10 mm<\/strong><\/p>\n<ul data-start=\"1092\" data-end=\"1234\">\n<li data-start=\"1092\" data-end=\"1123\">\n<p data-start=\"1094\" data-end=\"1123\"><strong data-start=\"1094\" data-end=\"1103\">8 mm:<\/strong> ligera y flexible<\/p>\n<\/li>\n<li data-start=\"1124\" data-end=\"1234\">\n<p data-start=\"1126\" data-end=\"1234\"><strong data-start=\"1126\" data-end=\"1136\">10 mm:<\/strong> mayor firmeza y durabilidad<br data-start=\"1164\" data-end=\"1167\" \/>Ambas opciones ofrecen una pisada c\u00f3moda y segura en \u00e1reas h\u00famedas.<\/p>\n<\/li>\n<\/ul>\n<p data-start=\"1236\" data-end=\"1347\">\u2728 <strong data-start=\"1238\" data-end=\"1289\">Ideal para spas, hoteles y centros de bienestar<\/strong><br data-start=\"1289\" data-end=\"1292\" \/>Una sandalia dise\u00f1ada para comodidad, higiene y estilo.<\/p>\n<p data-start=\"1349\" data-end=\"1524\">\ud83d\udce6 Presentaci\u00f3n en cajas de 100 pares. Pr\u00e1cticas para gestionar stock y reposiciones en hoteles, casas rurales, apartamentos tur\u00edsticos y spas\u2026 con entregas r\u00e1pidas y f\u00e1ciles.<\/p>\n","protected":false},"excerpt":{"rendered":"<p>Sandalia para SPA de bamb\u00fa con velcro modelo 576<\/p>\n","protected":false},"featured_media":8435,"template":"","meta":{"_acf_changed":false},"product_brand":[],"product_cat":[],"product_tag":[],"class_list":{"0":"post-8434","1":"product","2":"type-product","3":"status-publish","4":"has-post-thumbnail","7":"first","8":"outofstock","9":"taxable","10":"shipping-taxable","11":"product-type-simple"},"acf":[],"_links":{"self":[{"href":"https:\/\/www.brbimport.com\/pt-pt\/wp-json\/wp\/v2\/product\/8434","targetHints":{"allow":["GET"]}}],"collection":[{"href":"https:\/\/www.brbimport.com\/pt-pt\/wp-json\/wp\/v2\/product"}],"about":[{"href":"https:\/\/www.brbimport.com\/pt-pt\/wp-json\/wp\/v2\/types\/product"}],"wp:featuredmedia":[{"embeddable":true,"href":"https:\/\/www.brbimport.com\/pt-pt\/wp-json\/wp\/v2\/media\/8435"}],"wp:attachment":[{"href":"https:\/\/www.brbimport.com\/pt-pt\/wp-json\/wp\/v2\/media?parent=8434"}],"wp:term":[{"taxonomy":"product_brand","embeddable":true,"href":"https:\/\/www.brbimport.com\/pt-pt\/wp-json\/wp\/v2\/product_brand?post=8434"},{"taxonomy":"product_cat","embeddable":true,"href":"https:\/\/www.brbimport.com\/pt-pt\/wp-json\/wp\/v2\/product_cat?post=8434"},{"taxonomy":"product_tag","embeddable":true,"href":"https:\/\/www.brbimport.com\/pt-pt\/wp-json\/wp\/v2\/product_tag?post=8434"}],"curies":[{"name":"wp","href":"https:\/\/api.w.org\/{rel}","templated":true}]}}