{"id":8438,"date":"2025-11-28T10:09:08","date_gmt":"2025-11-28T10:09:08","guid":{"rendered":"https:\/\/www.brbimport.com\/sandalia-para-spa-557\/"},"modified":"2025-11-28T10:09:08","modified_gmt":"2025-11-28T10:09:08","slug":"sandalia-para-spa-557","status":"publish","type":"product","link":"https:\/\/www.brbimport.com\/pt-pt\/produto\/sandalia-para-spa-557\/","title":{"rendered":"Sandalia para SPA 557"},"content":{"rendered":"<h3 data-start=\"136\" data-end=\"198\"><strong data-start=\"140\" data-end=\"198\">Sandalia Flexible para Spa \u2013 Ligera, Segura y Pr\u00e1ctica<\/strong><\/h3>\n<p data-start=\"200\" data-end=\"371\">Ofrece a tus hu\u00e9spedes una opci\u00f3n c\u00f3moda e higi\u00e9nica con nuestras <strong data-start=\"266\" data-end=\"307\">sandalias de spa en pl\u00e1stico flexible<\/strong>, ideales para zonas h\u00famedas, piscinas, spas y centros wellness.<\/p>\n<p data-start=\"373\" data-end=\"516\">\ud83d\udc63 <strong data-start=\"376\" data-end=\"409\">Dise\u00f1o abierto y transpirable<\/strong><br data-start=\"409\" data-end=\"412\" \/>La <strong data-start=\"415\" data-end=\"432\">punta abierta<\/strong> aporta mayor ventilaci\u00f3n y libertad de movimiento, perfecta para momentos de relax.<\/p>\n<p data-start=\"518\" data-end=\"678\">\ud83e\uddd8 <strong data-start=\"521\" data-end=\"551\">Material flexible y c\u00f3modo<\/strong><br data-start=\"551\" data-end=\"554\" \/>Fabricadas en <strong data-start=\"568\" data-end=\"589\">pl\u00e1stico flexible<\/strong>, se adaptan f\u00e1cilmente al pie y resultan muy c\u00f3modas de usar incluso en largos periodos.<\/p>\n<p data-start=\"680\" data-end=\"740\">\ud83e\uddb6 <strong data-start=\"683\" data-end=\"708\">Suela EVA de 2 o 4 mm<\/strong><br data-start=\"708\" data-end=\"711\" \/>Disponible en dos grosores:<\/p>\n<ul data-start=\"741\" data-end=\"807\">\n<li data-start=\"741\" data-end=\"767\">\n<p data-start=\"743\" data-end=\"767\"><strong data-start=\"743\" data-end=\"751\">2 mm<\/strong> \u2192 ultraligera<\/p>\n<\/li>\n<li data-start=\"768\" data-end=\"807\">\n<p data-start=\"770\" data-end=\"807\"><strong data-start=\"770\" data-end=\"778\">4 mm<\/strong> \u2192 m\u00e1s resistente y estable<\/p>\n<\/li>\n<\/ul>\n<p data-start=\"809\" data-end=\"896\">Ambas opciones proporcionan una pisada segura y confortable, incluso en suelos mojados.<\/p>\n<p data-start=\"898\" data-end=\"1043\">\ud83d\udccd <strong data-start=\"901\" data-end=\"957\">Perfectas para spas, hoteles, gimnasios y balnearios<\/strong><br data-start=\"957\" data-end=\"960\" \/>Una soluci\u00f3n pr\u00e1ctica y econ\u00f3mica para ofrecer higiene y comodidad a los hu\u00e9spedes.<\/p>\n<p data-start=\"1045\" data-end=\"1220\">\n","protected":false},"excerpt":{"rendered":"<p>Sandalia Flexible para Spa 575<\/p>\n","protected":false},"featured_media":8439,"template":"","meta":{"_acf_changed":false},"product_brand":[],"product_cat":[],"product_tag":[],"class_list":{"0":"post-8438","1":"product","2":"type-product","3":"status-publish","4":"has-post-thumbnail","7":"first","8":"outofstock","9":"taxable","10":"shipping-taxable","11":"product-type-simple"},"acf":[],"_links":{"self":[{"href":"https:\/\/www.brbimport.com\/pt-pt\/wp-json\/wp\/v2\/product\/8438","targetHints":{"allow":["GET"]}}],"collection":[{"href":"https:\/\/www.brbimport.com\/pt-pt\/wp-json\/wp\/v2\/product"}],"about":[{"href":"https:\/\/www.brbimport.com\/pt-pt\/wp-json\/wp\/v2\/types\/product"}],"wp:featuredmedia":[{"embeddable":true,"href":"https:\/\/www.brbimport.com\/pt-pt\/wp-json\/wp\/v2\/media\/8439"}],"wp:attachment":[{"href":"https:\/\/www.brbimport.com\/pt-pt\/wp-json\/wp\/v2\/media?parent=8438"}],"wp:term":[{"taxonomy":"product_brand","embeddable":true,"href":"https:\/\/www.brbimport.com\/pt-pt\/wp-json\/wp\/v2\/product_brand?post=8438"},{"taxonomy":"product_cat","embeddable":true,"href":"https:\/\/www.brbimport.com\/pt-pt\/wp-json\/wp\/v2\/product_cat?post=8438"},{"taxonomy":"product_tag","embeddable":true,"href":"https:\/\/www.brbimport.com\/pt-pt\/wp-json\/wp\/v2\/product_tag?post=8438"}],"curies":[{"name":"wp","href":"https:\/\/api.w.org\/{rel}","templated":true}]}}