{"id":8452,"date":"2025-11-27T12:52:18","date_gmt":"2025-11-27T12:52:18","guid":{"rendered":"https:\/\/www.brbimport.com\/zapatilla-hotel-modelo-404\/"},"modified":"2025-11-27T12:52:18","modified_gmt":"2025-11-27T12:52:18","slug":"zapatilla-hotel-modelo-404","status":"publish","type":"product","link":"https:\/\/www.brbimport.com\/pt-pt\/produto\/zapatilla-hotel-modelo-404\/","title":{"rendered":"Zapatilla hotel modelo 404"},"content":{"rendered":"<h3 data-start=\"130\" data-end=\"199\"><strong data-start=\"134\" data-end=\"199\">Zapatilla Eco de Yute Marr\u00f3n \u2013 Natural, Elegante y Sostenible<\/strong><\/h3>\n<p data-start=\"201\" data-end=\"371\">Aporta un toque ecol\u00f3gico y sofisticado a tu alojamiento con nuestras <strong data-start=\"271\" data-end=\"297\">zapatillas eco de yute<\/strong>, dise\u00f1adas para quienes buscan comodidad y respeto por el medio ambiente.<\/p>\n<p data-start=\"373\" data-end=\"543\">\ud83c\udf3f <strong data-start=\"376\" data-end=\"404\">Exterior de yute natural<\/strong><br data-start=\"404\" data-end=\"407\" \/>Fabricadas en <strong data-start=\"421\" data-end=\"436\">yute marr\u00f3n<\/strong>, un material biodegradable y sostenible, que aporta un acabado r\u00fastico, elegante y de inspiraci\u00f3n natural.<\/p>\n<p data-start=\"545\" data-end=\"679\">\ud83e\uddf5 <strong data-start=\"548\" data-end=\"579\">Forro interior 100% algod\u00f3n<\/strong><br data-start=\"579\" data-end=\"582\" \/>El contacto con la piel es suave, transpirable y c\u00f3modo, ideal para una experiencia de bienestar.<\/p>\n<p data-start=\"681\" data-end=\"810\">\ud83e\uddfd <strong data-start=\"684\" data-end=\"709\">Acolchado confortable<\/strong><br data-start=\"709\" data-end=\"712\" \/>Incluyen <strong data-start=\"721\" data-end=\"741\">espuma acolchada<\/strong> que mejora la pisada y ofrece una sensaci\u00f3n m\u00e1s mullida y agradable.<\/p>\n<p data-start=\"812\" data-end=\"953\">\ud83e\uddf1 <strong data-start=\"815\" data-end=\"835\">Cart\u00f3n reforzado<\/strong><br data-start=\"835\" data-end=\"838\" \/>Su estructura incorpora <strong data-start=\"862\" data-end=\"886\">cart\u00f3n estabilizador<\/strong>, que aporta firmeza sin comprometer la filosof\u00eda eco del producto.<\/p>\n<p data-start=\"955\" data-end=\"1050\">\ud83d\udccf <strong data-start=\"958\" data-end=\"984\">Tama\u00f1o universal 29 cm<\/strong><br data-start=\"984\" data-end=\"987\" \/>Dise\u00f1adas para adaptarse c\u00f3modamente a la mayor\u00eda de hu\u00e9spedes.<\/p>\n<p data-start=\"1052\" data-end=\"1219\">\u2728 <strong data-start=\"1054\" data-end=\"1095\">Elegantes, resistentes y responsables<\/strong><br data-start=\"1095\" data-end=\"1098\" \/>La elecci\u00f3n perfecta para hoteles, casas rurales y alojamientos que desean ofrecer amenities con <strong data-start=\"1195\" data-end=\"1218\">valores sostenibles<\/strong>.<\/p>\n","protected":false},"excerpt":{"rendered":"<p>Zapatilla Eco de Yute Marr\u00f3n \u2013 Natural, Elegante y Sostenible Aporta un toque ecol\u00f3gico y sofisticado a tu alojamiento con nuestras zapatillas eco de yute, dise\u00f1adas para quienes buscan comodidad y respeto por el medio ambiente. \ud83c\udf3f Exterior de yute naturalFabricadas en yute marr\u00f3n, un material biodegradable y sostenible, que aporta un acabado r\u00fastico, elegante [&hellip;]<\/p>\n","protected":false},"featured_media":8454,"template":"","meta":{"_acf_changed":false},"product_brand":[],"product_cat":[],"product_tag":[],"class_list":{"0":"post-8452","1":"product","2":"type-product","3":"status-publish","4":"has-post-thumbnail","7":"first","8":"outofstock","9":"taxable","10":"shipping-taxable","11":"product-type-simple"},"acf":[],"_links":{"self":[{"href":"https:\/\/www.brbimport.com\/pt-pt\/wp-json\/wp\/v2\/product\/8452","targetHints":{"allow":["GET"]}}],"collection":[{"href":"https:\/\/www.brbimport.com\/pt-pt\/wp-json\/wp\/v2\/product"}],"about":[{"href":"https:\/\/www.brbimport.com\/pt-pt\/wp-json\/wp\/v2\/types\/product"}],"wp:featuredmedia":[{"embeddable":true,"href":"https:\/\/www.brbimport.com\/pt-pt\/wp-json\/wp\/v2\/media\/8454"}],"wp:attachment":[{"href":"https:\/\/www.brbimport.com\/pt-pt\/wp-json\/wp\/v2\/media?parent=8452"}],"wp:term":[{"taxonomy":"product_brand","embeddable":true,"href":"https:\/\/www.brbimport.com\/pt-pt\/wp-json\/wp\/v2\/product_brand?post=8452"},{"taxonomy":"product_cat","embeddable":true,"href":"https:\/\/www.brbimport.com\/pt-pt\/wp-json\/wp\/v2\/product_cat?post=8452"},{"taxonomy":"product_tag","embeddable":true,"href":"https:\/\/www.brbimport.com\/pt-pt\/wp-json\/wp\/v2\/product_tag?post=8452"}],"curies":[{"name":"wp","href":"https:\/\/api.w.org\/{rel}","templated":true}]}}