{"id":8486,"date":"2025-09-02T11:21:43","date_gmt":"2025-09-02T11:21:43","guid":{"rendered":"https:\/\/www.brbimport.com\/zapatilla-hotel-310-para-nino\/"},"modified":"2026-04-16T12:55:23","modified_gmt":"2026-04-16T12:55:23","slug":"zapatilla-hotel-310-para-nino","status":"publish","type":"product","link":"https:\/\/www.brbimport.com\/pt-pt\/produto\/zapatilla-hotel-310-para-nino\/","title":{"rendered":"Zapatilla Hotel 310 velour para ni\u00f1o"},"content":{"rendered":"<h3 data-start=\"219\" data-end=\"283\">Zapatillas Infantiles de Lujo para Hoteles y Resorts \u2013 22 cm<\/h3>\n<p data-start=\"285\" data-end=\"519\">Ofrece a tus hu\u00e9spedes m\u00e1s peque\u00f1os una experiencia de confort excepcional con nuestras <strong data-start=\"373\" data-end=\"420\">zapatillas cerradas de alta gama para ni\u00f1os<\/strong>, dise\u00f1adas especialmente para hoteles, spas y resorts que priorizan la excelencia en cada detalle.<\/p>\n<p data-start=\"521\" data-end=\"935\">Confeccionadas con una suave mezcla de <strong data-start=\"560\" data-end=\"591\">80% poli\u00e9ster y 20% algod\u00f3n<\/strong>, estas zapatillas cuentan con un <strong data-start=\"625\" data-end=\"654\">forro de felpa ultrasuave<\/strong> que envuelve los pies en una sensaci\u00f3n acogedora. Su estructura incorpora una almohadilla de esponja con doble relleno superior de <strong data-start=\"786\" data-end=\"801\">5 mm + 5 mm<\/strong>, y una base con <strong data-start=\"818\" data-end=\"826\">3 mm<\/strong> de grosor, reforzada por un <strong data-start=\"855\" data-end=\"883\">tal\u00f3n adicional de 10 mm<\/strong> de espuma que garantiza una pisada c\u00f3moda y segura.<\/p>\n<p data-start=\"937\" data-end=\"1088\">La suela de <strong data-start=\"949\" data-end=\"964\">EVA de 5 mm<\/strong> aporta resistencia y estabilidad, ideal para caminar por la habitaci\u00f3n, zonas de spa o \u00e1reas comunes sin perder el confort.<\/p>\n<p data-start=\"1090\" data-end=\"1258\">Con un tama\u00f1o de <strong data-start=\"1107\" data-end=\"1116\">22 cm<\/strong>, estas zapatillas son perfectas para ni\u00f1os y ni\u00f1as, ofreciendo una soluci\u00f3n pr\u00e1ctica y elegante como parte de tu set de amenities familiares.<\/p>\n<p data-start=\"1260\" data-end=\"1550\">Adem\u00e1s, hemos cuidado cada aspecto del producto, incluyendo su presentaci\u00f3n: <strong data-start=\"1337\" data-end=\"1385\">embalaje sostenible con cinta de papel kraft<\/strong>, libre de pl\u00e1sticos, minimizando el impacto ambiental. Cada caja contiene <strong data-start=\"1460\" data-end=\"1473\">100 pares<\/strong> (medidas: 83 x 30 x 58 cm), optimizando espacio y log\u00edstica para tu negocio.<\/p>\n<p data-start=\"1557\" data-end=\"1639\"><strong data-start=\"1557\" data-end=\"1639\">\u2714 Elegancia infantil<br data-start=\"1579\" data-end=\"1582\" \/>\u2714 Confort superior<br data-start=\"1600\" data-end=\"1603\" \/><\/strong><\/p>\n<p data-start=\"1557\" data-end=\"1639\">\u00bfBuscas ofrecer lujo tambi\u00e9n a los m\u00e1s peque\u00f1os? Estas zapatillas son la opci\u00f3n ideal para destacar en hospitalidad premium.<\/p>\n","protected":false},"excerpt":{"rendered":"<p>Zapatillas de hotel para ni\u00f1os, 22 cm<\/p>\n","protected":false},"featured_media":8488,"template":"","meta":{"_acf_changed":false},"product_brand":[],"product_cat":[664,665,666],"product_tag":[],"class_list":{"0":"post-8486","1":"product","2":"type-product","3":"status-publish","4":"has-post-thumbnail","6":"product_cat-zapatillas-desechables","7":"product_cat-zapatillas-hotel","8":"product_cat-zapatillas-hotel-personalizadas","10":"first","11":"instock","12":"taxable","13":"shipping-taxable","14":"purchasable","15":"product-type-simple"},"acf":[],"_links":{"self":[{"href":"https:\/\/www.brbimport.com\/pt-pt\/wp-json\/wp\/v2\/product\/8486","targetHints":{"allow":["GET"]}}],"collection":[{"href":"https:\/\/www.brbimport.com\/pt-pt\/wp-json\/wp\/v2\/product"}],"about":[{"href":"https:\/\/www.brbimport.com\/pt-pt\/wp-json\/wp\/v2\/types\/product"}],"wp:featuredmedia":[{"embeddable":true,"href":"https:\/\/www.brbimport.com\/pt-pt\/wp-json\/wp\/v2\/media\/8488"}],"wp:attachment":[{"href":"https:\/\/www.brbimport.com\/pt-pt\/wp-json\/wp\/v2\/media?parent=8486"}],"wp:term":[{"taxonomy":"product_brand","embeddable":true,"href":"https:\/\/www.brbimport.com\/pt-pt\/wp-json\/wp\/v2\/product_brand?post=8486"},{"taxonomy":"product_cat","embeddable":true,"href":"https:\/\/www.brbimport.com\/pt-pt\/wp-json\/wp\/v2\/product_cat?post=8486"},{"taxonomy":"product_tag","embeddable":true,"href":"https:\/\/www.brbimport.com\/pt-pt\/wp-json\/wp\/v2\/product_tag?post=8486"}],"curies":[{"name":"wp","href":"https:\/\/api.w.org\/{rel}","templated":true}]}}