{"id":8492,"date":"2025-08-29T09:18:08","date_gmt":"2025-08-29T09:18:08","guid":{"rendered":"https:\/\/www.brbimport.com\/peine-de-bambu-natural-en-bolsa-de-papel-kraft\/"},"modified":"2026-04-16T13:23:04","modified_gmt":"2026-04-16T13:23:04","slug":"peine-de-bambu-natural-en-bolsa-de-papel-kraft","status":"publish","type":"product","link":"https:\/\/www.brbimport.com\/pt-pt\/produto\/peine-de-bambu-natural-en-bolsa-de-papel-kraft\/","title":{"rendered":"Peine de Bamb\u00fa Natural en bolsa de papel kraft"},"content":{"rendered":"<h3 data-start=\"200\" data-end=\"282\">\ud83c\udf3f <strong data-start=\"207\" data-end=\"282\">Peine de Bamb\u00fa Natural \u2013 Presentaci\u00f3n Ecol\u00f3gica para Amenities de Hotel<\/strong><\/h3>\n<p data-start=\"284\" data-end=\"492\">Ofrece a tus hu\u00e9spedes una experiencia sostenible y elegante con este <strong data-start=\"354\" data-end=\"401\">peine individual fabricado en bamb\u00fa natural<\/strong>. Una opci\u00f3n ecol\u00f3gica, pr\u00e1ctica y alineada con las tendencias de hospitalidad responsable.<\/p>\n<p data-start=\"494\" data-end=\"522\">\u2705 <strong data-start=\"496\" data-end=\"522\">Detalles del producto:<\/strong><\/p>\n<ul data-start=\"523\" data-end=\"702\">\n<li data-start=\"523\" data-end=\"568\">\n<p data-start=\"525\" data-end=\"568\"><strong data-start=\"525\" data-end=\"537\">Material<\/strong>: Bamb\u00fa natural de alta calidad<\/p>\n<\/li>\n<li data-start=\"569\" data-end=\"630\">\n<p data-start=\"571\" data-end=\"630\"><strong data-start=\"571\" data-end=\"582\">Empaque<\/strong>: Sobre de papel kraft con certificaci\u00f3n <strong data-start=\"623\" data-end=\"630\">FSC<\/strong><\/p>\n<\/li>\n<li data-start=\"631\" data-end=\"665\">\n<p data-start=\"633\" data-end=\"665\"><strong data-start=\"633\" data-end=\"663\">Sin film pl\u00e1stico interior<\/strong><\/p>\n<\/li>\n<li data-start=\"666\" data-end=\"702\">\n<p data-start=\"668\" data-end=\"702\"><strong data-start=\"668\" data-end=\"702\">Sellado con adhesivo ecol\u00f3gico<\/strong><\/p>\n<\/li>\n<\/ul>\n<p data-start=\"704\" data-end=\"875\">\ud83c\udf31 <strong data-start=\"707\" data-end=\"771\">Ideal para hoteles, alojamientos sostenibles, spas y resorts<\/strong> que buscan reducir el uso de pl\u00e1sticos y optar por alternativas m\u00e1s responsables con el medio ambiente.<\/p>\n<p data-start=\"877\" data-end=\"1044\">\ud83d\udcbc Ligero, resistente y biodegradable, este peine combina funcionalidad con un dise\u00f1o minimalista que encaja perfectamente en cualquier habitaci\u00f3n o kit de bienvenida.<\/p>\n<hr data-start=\"1046\" data-end=\"1049\" \/>\n<p data-start=\"1051\" data-end=\"1082\">\u2705 <strong data-start=\"1053\" data-end=\"1082\">Ventajas para tu negocio:<\/strong><\/p>\n<ul data-start=\"1083\" data-end=\"1235\">\n<li data-start=\"1083\" data-end=\"1137\">\n<p data-start=\"1085\" data-end=\"1137\">Transmite valores de sostenibilidad a tus clientes<\/p>\n<\/li>\n<li data-start=\"1138\" data-end=\"1183\">\n<p data-start=\"1140\" data-end=\"1183\">Mejora la imagen de marca eco-responsable<\/p>\n<\/li>\n<li data-start=\"1184\" data-end=\"1235\">\n<p data-start=\"1186\" data-end=\"1235\">Producto biodegradable, sin qu\u00edmicos ni pl\u00e1sticos<\/p>\n<\/li>\n<\/ul>\n<hr data-start=\"1237\" data-end=\"1240\" \/>\n<p data-start=\"1242\" data-end=\"1305\">\u267b\ufe0f <strong data-start=\"1245\" data-end=\"1305\">El detalle perfecto para hoteles que cuidan del planeta.<\/strong><\/p>\n<p data-start=\"1307\" data-end=\"1356\">\ud83d\udce6 <strong data-start=\"1310\" data-end=\"1356\">Pedidos con entregas r\u00e1pidas y f\u00e1ciles<\/strong><\/p>\n","protected":false},"excerpt":{"rendered":"<p>Peine de bamb\u00fa con bolsita de papel Kraft para amenities secos de hotel<\/p>\n","protected":false},"featured_media":8494,"template":"","meta":{"_acf_changed":false},"product_brand":[],"product_cat":[721,722,733],"product_tag":[],"class_list":{"0":"post-8492","1":"product","2":"type-product","3":"status-publish","4":"has-post-thumbnail","6":"product_cat-amenities-de-bano-para-hoteles-2","7":"product_cat-amenities-ecologicos-3","8":"product_cat-peines-hoteles","10":"first","11":"outofstock","12":"taxable","13":"shipping-taxable","14":"purchasable","15":"product-type-simple"},"acf":[],"_links":{"self":[{"href":"https:\/\/www.brbimport.com\/pt-pt\/wp-json\/wp\/v2\/product\/8492","targetHints":{"allow":["GET"]}}],"collection":[{"href":"https:\/\/www.brbimport.com\/pt-pt\/wp-json\/wp\/v2\/product"}],"about":[{"href":"https:\/\/www.brbimport.com\/pt-pt\/wp-json\/wp\/v2\/types\/product"}],"wp:featuredmedia":[{"embeddable":true,"href":"https:\/\/www.brbimport.com\/pt-pt\/wp-json\/wp\/v2\/media\/8494"}],"wp:attachment":[{"href":"https:\/\/www.brbimport.com\/pt-pt\/wp-json\/wp\/v2\/media?parent=8492"}],"wp:term":[{"taxonomy":"product_brand","embeddable":true,"href":"https:\/\/www.brbimport.com\/pt-pt\/wp-json\/wp\/v2\/product_brand?post=8492"},{"taxonomy":"product_cat","embeddable":true,"href":"https:\/\/www.brbimport.com\/pt-pt\/wp-json\/wp\/v2\/product_cat?post=8492"},{"taxonomy":"product_tag","embeddable":true,"href":"https:\/\/www.brbimport.com\/pt-pt\/wp-json\/wp\/v2\/product_tag?post=8492"}],"curies":[{"name":"wp","href":"https:\/\/api.w.org\/{rel}","templated":true}]}}