{"id":8498,"date":"2025-08-29T08:57:36","date_gmt":"2025-08-29T08:57:36","guid":{"rendered":"https:\/\/www.brbimport.com\/cepillo-con-espejo-de-bambu-natural-compacto-magnetico-y-ecologico\/"},"modified":"2026-04-16T13:14:22","modified_gmt":"2026-04-16T13:14:22","slug":"cepillo-con-espejo-de-bambu-natural-compacto-magnetico-y-ecologico","status":"publish","type":"product","link":"https:\/\/www.brbimport.com\/pt-pt\/produto\/cepillo-con-espejo-de-bambu-natural-compacto-magnetico-y-ecologico\/","title":{"rendered":"Cepillo con Espejo de Bamb\u00fa Natural \u2013 Compacto, Magn\u00e9tico y Ecol\u00f3gico"},"content":{"rendered":"<h3 data-start=\"151\" data-end=\"231\">\ud83c\udf3f <strong data-start=\"158\" data-end=\"231\">Cepillo con Espejo de Bamb\u00fa Natural \u2013 Compacto, Magn\u00e9tico y Ecol\u00f3gico<\/strong><\/h3>\n<p data-start=\"233\" data-end=\"408\">Lleva la naturaleza contigo con este <strong data-start=\"270\" data-end=\"319\">cepillo con espejo fabricado en bamb\u00fa natural<\/strong>. Su dise\u00f1o compacto y pr\u00e1ctico lo convierte en el accesorio ideal para tu rutina diaria.<\/p>\n<p data-start=\"410\" data-end=\"530\">\ud83e\uddf2 <strong data-start=\"413\" data-end=\"432\">Uni\u00f3n magn\u00e9tica<\/strong> entre el cepillo y el espejo: f\u00e1cil de usar y perfecto para guardar en cualquier bolso o neceser.<\/p>\n<p data-start=\"532\" data-end=\"740\">\ud83c\udf31 <strong data-start=\"535\" data-end=\"551\">Eco-friendly<\/strong>: Fabricado con <strong data-start=\"567\" data-end=\"587\">bamb\u00fa sostenible<\/strong>, una alternativa ecol\u00f3gica a la madera tradicional. Este material natural no solo es resistente y duradero, sino que adem\u00e1s reduce el impacto ambiental.<\/p>\n<p data-start=\"742\" data-end=\"864\">\ud83d\udce6 Presentado en elegante caja individual de dise\u00f1o kraft, ideal para regalar o tener un detalle especial para hoteles<\/p>\n<p data-start=\"871\" data-end=\"904\">\u2705 <strong data-start=\"873\" data-end=\"904\">Caracter\u00edsticas destacadas:<\/strong><\/p>\n<ul data-start=\"905\" data-end=\"1101\">\n<li data-start=\"905\" data-end=\"934\">\n<p data-start=\"907\" data-end=\"934\">Material: <strong data-start=\"917\" data-end=\"934\">Bamb\u00fa natural<\/strong><\/p>\n<\/li>\n<li data-start=\"935\" data-end=\"971\">\n<p data-start=\"937\" data-end=\"971\">Uni\u00f3n magn\u00e9tica: pr\u00e1ctica y segura<\/p>\n<\/li>\n<li data-start=\"972\" data-end=\"1024\">\n<p data-start=\"974\" data-end=\"1024\">Tama\u00f1o compacto: perfecto para viajes o uso diario<\/p>\n<\/li>\n<li data-start=\"1025\" data-end=\"1064\">\n<p data-start=\"1027\" data-end=\"1064\">Presentaci\u00f3n: caja kraft individual<\/p>\n<\/li>\n<li data-start=\"1065\" data-end=\"1101\">\n<p data-start=\"1067\" data-end=\"1101\">Producto reutilizable y sostenible<\/p>\n<\/li>\n<li data-start=\"1065\" data-end=\"1101\">posibilidad de personalizaci\u00f3n con el logo del hotel.<\/li>\n<\/ul>\n<p data-start=\"1103\" data-end=\"1143\">\u267b\ufe0f <strong data-start=\"1106\" data-end=\"1143\">Elige natural, elige responsable.<\/strong><\/p>\n<hr data-start=\"1145\" data-end=\"1148\" \/>\n<p data-start=\"1150\" data-end=\"1235\">\ud83d\uded2 \u00a1A\u00f1\u00e1delo a tu carrito hoy y lleva un pedacito de naturaleza contigo a donde vayas!<\/p>\n","protected":false},"excerpt":{"rendered":"<h3 data-start=\"151\" data-end=\"231\"><strong data-start=\"158\" data-end=\"231\">Cepillo con Espejo de Bamb\u00fa Natural, detalle para hoteles<\/strong><\/h3>\n","protected":false},"featured_media":8500,"template":"","meta":{"_acf_changed":false},"product_brand":[],"product_cat":[721,731,733],"product_tag":[],"class_list":{"0":"post-8498","1":"product","2":"type-product","3":"status-publish","4":"has-post-thumbnail","6":"product_cat-amenities-de-bano-para-hoteles-2","7":"product_cat-complementos-perosnalizados","8":"product_cat-peines-hoteles","10":"first","11":"outofstock","12":"taxable","13":"shipping-taxable","14":"purchasable","15":"product-type-simple"},"acf":[],"_links":{"self":[{"href":"https:\/\/www.brbimport.com\/pt-pt\/wp-json\/wp\/v2\/product\/8498","targetHints":{"allow":["GET"]}}],"collection":[{"href":"https:\/\/www.brbimport.com\/pt-pt\/wp-json\/wp\/v2\/product"}],"about":[{"href":"https:\/\/www.brbimport.com\/pt-pt\/wp-json\/wp\/v2\/types\/product"}],"wp:featuredmedia":[{"embeddable":true,"href":"https:\/\/www.brbimport.com\/pt-pt\/wp-json\/wp\/v2\/media\/8500"}],"wp:attachment":[{"href":"https:\/\/www.brbimport.com\/pt-pt\/wp-json\/wp\/v2\/media?parent=8498"}],"wp:term":[{"taxonomy":"product_brand","embeddable":true,"href":"https:\/\/www.brbimport.com\/pt-pt\/wp-json\/wp\/v2\/product_brand?post=8498"},{"taxonomy":"product_cat","embeddable":true,"href":"https:\/\/www.brbimport.com\/pt-pt\/wp-json\/wp\/v2\/product_cat?post=8498"},{"taxonomy":"product_tag","embeddable":true,"href":"https:\/\/www.brbimport.com\/pt-pt\/wp-json\/wp\/v2\/product_tag?post=8498"}],"curies":[{"name":"wp","href":"https:\/\/api.w.org\/{rel}","templated":true}]}}