{"id":8561,"date":"2025-08-27T09:13:12","date_gmt":"2025-08-27T09:13:12","guid":{"rendered":"https:\/\/www.brbimport.com\/gel-de-ducha-sarbacane-40ml\/"},"modified":"2026-03-09T15:14:41","modified_gmt":"2026-03-09T15:14:41","slug":"gel-de-ducha-sarbacane-40ml","status":"publish","type":"product","link":"https:\/\/www.brbimport.com\/pt-pt\/produto\/gel-de-ducha-sarbacane-40ml\/","title":{"rendered":"Gel de ducha SARBACANE 40ml"},"content":{"rendered":"<p data-start=\"167\" data-end=\"254\">\ud83d\udebf <strong data-start=\"170\" data-end=\"249\">Sarbacane Shower Gel \u2013 Frescura ex\u00f3tica para hoteles y alojamientos premium<\/strong> \ud83d\udebf<\/p>\n<p data-start=\"256\" data-end=\"417\">Ofrece a tus hu\u00e9spedes una experiencia de cuidado \u00fanica con <strong data-start=\"316\" data-end=\"340\">Sarbacane Shower Gel<\/strong>, un gel de ducha que combina limpieza suave con una fragancia sofisticada.<\/p>\n<p data-start=\"419\" data-end=\"454\">\u2728 <strong data-start=\"421\" data-end=\"452\">Caracter\u00edsticas destacadas:<\/strong><\/p>\n<ul data-start=\"455\" data-end=\"800\">\n<li data-start=\"455\" data-end=\"527\">\n<p data-start=\"457\" data-end=\"527\">Con <strong data-start=\"461\" data-end=\"492\">extracto nutritivo de \u00e1mbar<\/strong>, que rejuvenece y cuida la piel.<\/p>\n<\/li>\n<li data-start=\"528\" data-end=\"638\">\n<p data-start=\"530\" data-end=\"638\">Notas arom\u00e1ticas de <strong data-start=\"550\" data-end=\"584\">bergamota, mandarina y s\u00e1ndalo<\/strong>, para una sensaci\u00f3n de frescura ex\u00f3tica y elegante.<\/p>\n<\/li>\n<li data-start=\"639\" data-end=\"720\">\n<p data-start=\"641\" data-end=\"720\">F\u00f3rmula suave, ideal para uso diario en hoteles y alojamientos de alto nivel.<\/p>\n<\/li>\n<li data-start=\"721\" data-end=\"800\">\n<p data-start=\"723\" data-end=\"800\">Excelente complemento de hospitalidad para transmitir confort y distinci\u00f3n.<\/p>\n<\/li>\n<\/ul>\n<p data-start=\"802\" data-end=\"895\">\ud83d\udce6 Presentaci\u00f3n en <strong data-start=\"821\" data-end=\"846\">cajas de 200 unidades<\/strong>.<br data-start=\"847\" data-end=\"850\" \/>\u26a1 <strong data-start=\"852\" data-end=\"876\">Env\u00edo r\u00e1pido y f\u00e1cil<\/strong> en todo el pa\u00eds.<\/p>\n<p data-start=\"897\" data-end=\"981\">\ud83d\udc8e Un detalle exclusivo que transforma cada estancia en una experiencia memorable.<\/p>\n<p data-start=\"983\" data-end=\"1064\">\ud83d\udc49 \u00a1Haz tu pedido hoy y sorprende a tus hu\u00e9spedes con la frescura de Sarbacane!<\/p>\n","protected":false},"excerpt":{"rendered":"<p>Shower Gel SARBACANE de 40ml para hoteles<\/p>\n","protected":false},"featured_media":8562,"template":"","meta":{"_acf_changed":false},"product_brand":[],"product_cat":[],"product_tag":[611],"class_list":{"0":"post-8561","1":"product","2":"type-product","3":"status-publish","4":"has-post-thumbnail","6":"product_tag-cosmetico","8":"first","9":"instock","10":"taxable","11":"shipping-taxable","12":"purchasable","13":"product-type-simple"},"acf":[],"_links":{"self":[{"href":"https:\/\/www.brbimport.com\/pt-pt\/wp-json\/wp\/v2\/product\/8561","targetHints":{"allow":["GET"]}}],"collection":[{"href":"https:\/\/www.brbimport.com\/pt-pt\/wp-json\/wp\/v2\/product"}],"about":[{"href":"https:\/\/www.brbimport.com\/pt-pt\/wp-json\/wp\/v2\/types\/product"}],"wp:featuredmedia":[{"embeddable":true,"href":"https:\/\/www.brbimport.com\/pt-pt\/wp-json\/wp\/v2\/media\/8562"}],"wp:attachment":[{"href":"https:\/\/www.brbimport.com\/pt-pt\/wp-json\/wp\/v2\/media?parent=8561"}],"wp:term":[{"taxonomy":"product_brand","embeddable":true,"href":"https:\/\/www.brbimport.com\/pt-pt\/wp-json\/wp\/v2\/product_brand?post=8561"},{"taxonomy":"product_cat","embeddable":true,"href":"https:\/\/www.brbimport.com\/pt-pt\/wp-json\/wp\/v2\/product_cat?post=8561"},{"taxonomy":"product_tag","embeddable":true,"href":"https:\/\/www.brbimport.com\/pt-pt\/wp-json\/wp\/v2\/product_tag?post=8561"}],"curies":[{"name":"wp","href":"https:\/\/api.w.org\/{rel}","templated":true}]}}