{"id":8582,"date":"2025-08-26T10:49:23","date_gmt":"2025-08-26T10:49:23","guid":{"rendered":"https:\/\/www.brbimport.com\/gel-de-ducha-le-jardin-med-1000ml-para-rellenar-dispensadores\/"},"modified":"2026-03-25T11:05:11","modified_gmt":"2026-03-25T11:05:11","slug":"gel-de-ducha-le-jardin-med-1000ml-para-rellenar-dispensadores","status":"publish","type":"product","link":"https:\/\/www.brbimport.com\/pt-pt\/produto\/gel-de-ducha-le-jardin-med-1000ml-para-rellenar-dispensadores\/","title":{"rendered":"Gel de ducha LE JARDIN MED 1000ml para rellenar dispensadores"},"content":{"rendered":"<p data-start=\"147\" data-end=\"216\">\u2728 <strong data-start=\"149\" data-end=\"212\">Le Jardin Med \u2013 Gel de Ducha para Hoteles (Botella 1000 ml)<\/strong> \u2728<\/p>\n<p data-start=\"218\" data-end=\"450\">Dentro de su elegante envase, <strong data-start=\"248\" data-end=\"265\">Le Jardin Med<\/strong> guarda las fragancias m\u00e1s cautivadoras: flores de azahar, p\u00e9talos de rosa, mandarinas jugosas y gardenias hipnotizantes\u2026 \u00a1una aut\u00e9ntica sinfon\u00eda de la naturaleza mediterr\u00e1nea! \ud83c\udf38\ud83c\udf4a\ud83c\udf3f<\/p>\n<p data-start=\"452\" data-end=\"498\">\ud83d\udece\ufe0f <strong data-start=\"456\" data-end=\"495\">Especialmente dise\u00f1ado para hoteles<\/strong>:<\/p>\n<ul data-start=\"499\" data-end=\"702\">\n<li data-start=\"499\" data-end=\"554\">\n<p data-start=\"501\" data-end=\"554\">\ud83d\udca7 Formato <strong data-start=\"512\" data-end=\"523\">1000 ml<\/strong> para rellenar dispensadores.<\/p>\n<\/li>\n<li data-start=\"555\" data-end=\"602\">\n<p data-start=\"557\" data-end=\"602\">\ud83d\udce6 Presentaci\u00f3n en <strong data-start=\"576\" data-end=\"599\">cajas de 9 unidades<\/strong>.<\/p>\n<\/li>\n<li data-start=\"603\" data-end=\"641\">\n<p data-start=\"605\" data-end=\"641\">\ud83d\ude9a <strong data-start=\"608\" data-end=\"638\">Entregas r\u00e1pidas y c\u00f3modas<\/strong>.<\/p>\n<\/li>\n<\/ul>\n<p data-start=\"704\" data-end=\"1002\">\ud83c\udf3f <strong data-start=\"707\" data-end=\"740\">F\u00f3rmula vegana y eco-friendly<\/strong>:<br data-start=\"741\" data-end=\"744\" \/>Con una composici\u00f3n suave enriquecida con extractos org\u00e1nicos de <strong data-start=\"809\" data-end=\"849\">azafr\u00e1n griego, salvia griega y uvas<\/strong>, que limpia e hidrata la piel con delicadeza, mientras envuelve a los hu\u00e9spedes en un viaje sensorial por los jardines m\u00e1s fragantes del Mediterr\u00e1neo.<\/p>\n<p data-start=\"1004\" data-end=\"1142\">\u2705 Sin parabenos, isothiazolinonas, formaldeh\u00eddos, BHT, EDTA, aceites minerales ni colorantes.<br data-start=\"1097\" data-end=\"1100\" \/>\u267b\ufe0f Envases <strong data-start=\"1111\" data-end=\"1139\">reciclados y reciclables<\/strong>.<\/p>\n<p data-start=\"1144\" data-end=\"1259\">\ud83d\udcab Eleva la experiencia de la ducha en tu hotel con la elegancia, frescura y sostenibilidad de <strong data-start=\"1239\" data-end=\"1256\">Le Jardin Med<\/strong>.<\/p>\n","protected":false},"excerpt":{"rendered":"<p>Gel de ducha LE JARDIN MED de 1000ml para rellenar dispensadores de hotel<\/p>\n","protected":false},"featured_media":8576,"template":"","meta":{"_acf_changed":false},"product_brand":[],"product_cat":[],"product_tag":[611],"class_list":{"0":"post-8582","1":"product","2":"type-product","3":"status-publish","4":"has-post-thumbnail","6":"product_tag-cosmetico","8":"first","9":"outofstock","10":"taxable","11":"shipping-taxable","12":"purchasable","13":"product-type-simple"},"acf":[],"_links":{"self":[{"href":"https:\/\/www.brbimport.com\/pt-pt\/wp-json\/wp\/v2\/product\/8582","targetHints":{"allow":["GET"]}}],"collection":[{"href":"https:\/\/www.brbimport.com\/pt-pt\/wp-json\/wp\/v2\/product"}],"about":[{"href":"https:\/\/www.brbimport.com\/pt-pt\/wp-json\/wp\/v2\/types\/product"}],"wp:featuredmedia":[{"embeddable":true,"href":"https:\/\/www.brbimport.com\/pt-pt\/wp-json\/wp\/v2\/media\/8576"}],"wp:attachment":[{"href":"https:\/\/www.brbimport.com\/pt-pt\/wp-json\/wp\/v2\/media?parent=8582"}],"wp:term":[{"taxonomy":"product_brand","embeddable":true,"href":"https:\/\/www.brbimport.com\/pt-pt\/wp-json\/wp\/v2\/product_brand?post=8582"},{"taxonomy":"product_cat","embeddable":true,"href":"https:\/\/www.brbimport.com\/pt-pt\/wp-json\/wp\/v2\/product_cat?post=8582"},{"taxonomy":"product_tag","embeddable":true,"href":"https:\/\/www.brbimport.com\/pt-pt\/wp-json\/wp\/v2\/product_tag?post=8582"}],"curies":[{"name":"wp","href":"https:\/\/api.w.org\/{rel}","templated":true}]}}