{"id":8627,"date":"2025-07-30T11:14:48","date_gmt":"2025-07-30T11:14:48","guid":{"rendered":"https:\/\/www.brbimport.com\/acondicionador-skin-essentials-33ml\/"},"modified":"2026-03-25T11:32:37","modified_gmt":"2026-03-25T11:32:37","slug":"acondicionador-skin-essentials-33ml","status":"publish","type":"product","link":"https:\/\/www.brbimport.com\/pt-pt\/produto\/acondicionador-skin-essentials-33ml\/","title":{"rendered":"Acondicionador SKIN ESSENTIALS 33ml"},"content":{"rendered":"<p data-start=\"146\" data-end=\"223\"><strong data-start=\"146\" data-end=\"223\">\ud83d\udc86\u200d\u2640\ufe0f SKIN ESSENTIALS Conditioner 33ml \u2013 Suavidad y brillo con Vitamina E<\/strong><\/p>\n<p data-start=\"225\" data-end=\"416\">El toque final para un cabello cuidado y radiante.<br data-start=\"275\" data-end=\"278\" \/>Con sus propiedades <strong data-start=\"298\" data-end=\"340\">hidratantes, antioxidantes y calmantes<\/strong>, la <strong data-start=\"345\" data-end=\"359\">Vitamina E<\/strong> es el secreto para un cabello fuerte, suave y brillante.<\/p>\n<p data-start=\"418\" data-end=\"753\">\ud83c\udf3f <strong data-start=\"421\" data-end=\"452\">SKIN ESSENTIALS Conditioner<\/strong>, enriquecido con Vitamina E, ofrece una experiencia capilar completa.<br data-start=\"522\" data-end=\"525\" \/>Su f\u00f3rmula de alta calidad, sin parabenos ni isothiazolinonas, hidrata en profundidad y deja el cabello <strong data-start=\"629\" data-end=\"667\">suave, brillante y f\u00e1cil de peinar<\/strong>, acompa\u00f1ado de una delicada fragancia empolvada con notas de manzana, \u00e1mbar y jazm\u00edn.<\/p>\n<p data-start=\"755\" data-end=\"883\">\u2714\ufe0f Formato individual de <strong data-start=\"780\" data-end=\"789\">33 ml<\/strong>, ideal para:<br data-start=\"802\" data-end=\"805\" \/>\u25aa\ufe0f Amenities de hotel<br data-start=\"826\" data-end=\"829\" \/>\u25aa\ufe0f Packs de bienvenida<br data-start=\"851\" data-end=\"854\" \/>\u25aa\ufe0f Kits de cortes\u00eda premium<\/p>\n<p data-start=\"885\" data-end=\"974\">\ud83d\udce6 Se entrega en <strong data-start=\"902\" data-end=\"927\">cajas de 201 unidades<\/strong><br data-start=\"927\" data-end=\"930\" \/>\ud83d\ude9a <strong data-start=\"933\" data-end=\"972\">Entrega r\u00e1pida y sin complicaciones<\/strong><\/p>\n<p data-start=\"976\" data-end=\"1071\">Ofrece a tus hu\u00e9spedes una experiencia completa de cuidado capilar.<br data-start=\"1043\" data-end=\"1046\" \/>\u00a1Haz tu pedido hoy mismo!<\/p>\n","protected":false},"excerpt":{"rendered":"<p>Acondicionador capilar SKIN ESSENTIALS DE 33ml para hoteles<\/p>\n","protected":false},"featured_media":8628,"template":"","meta":{"_acf_changed":false},"product_brand":[],"product_cat":[],"product_tag":[611],"class_list":{"0":"post-8627","1":"product","2":"type-product","3":"status-publish","4":"has-post-thumbnail","6":"product_tag-cosmetico","8":"first","9":"instock","10":"taxable","11":"shipping-taxable","12":"purchasable","13":"product-type-simple"},"acf":[],"_links":{"self":[{"href":"https:\/\/www.brbimport.com\/pt-pt\/wp-json\/wp\/v2\/product\/8627","targetHints":{"allow":["GET"]}}],"collection":[{"href":"https:\/\/www.brbimport.com\/pt-pt\/wp-json\/wp\/v2\/product"}],"about":[{"href":"https:\/\/www.brbimport.com\/pt-pt\/wp-json\/wp\/v2\/types\/product"}],"wp:featuredmedia":[{"embeddable":true,"href":"https:\/\/www.brbimport.com\/pt-pt\/wp-json\/wp\/v2\/media\/8628"}],"wp:attachment":[{"href":"https:\/\/www.brbimport.com\/pt-pt\/wp-json\/wp\/v2\/media?parent=8627"}],"wp:term":[{"taxonomy":"product_brand","embeddable":true,"href":"https:\/\/www.brbimport.com\/pt-pt\/wp-json\/wp\/v2\/product_brand?post=8627"},{"taxonomy":"product_cat","embeddable":true,"href":"https:\/\/www.brbimport.com\/pt-pt\/wp-json\/wp\/v2\/product_cat?post=8627"},{"taxonomy":"product_tag","embeddable":true,"href":"https:\/\/www.brbimport.com\/pt-pt\/wp-json\/wp\/v2\/product_tag?post=8627"}],"curies":[{"name":"wp","href":"https:\/\/api.w.org\/{rel}","templated":true}]}}