{"id":8686,"date":"2025-07-25T11:32:47","date_gmt":"2025-07-25T11:32:47","guid":{"rendered":"https:\/\/www.brbimport.com\/gel-de-ducha-good-to-declare-360ml-ecocert\/"},"modified":"2026-05-06T14:35:27","modified_gmt":"2026-05-06T14:35:27","slug":"gel-de-ducha-good-to-declare-360ml-ecocert","status":"publish","type":"product","link":"https:\/\/www.brbimport.com\/pt-pt\/produto\/gel-de-ducha-good-to-declare-360ml-ecocert\/","title":{"rendered":"Gel de ducha GOOD TO DECLARE 360ML ECOCERT"},"content":{"rendered":"<h3 data-start=\"174\" data-end=\"211\">\ud83d\udebf Good to Declare Gel de Ducha<\/h3>\n<p data-start=\"212\" data-end=\"277\"><strong data-start=\"212\" data-end=\"277\">Frescura natural con certificaci\u00f3n ecol\u00f3gica y entrega r\u00e1pida<\/strong><\/p>\n<p data-start=\"279\" data-end=\"600\">El <strong data-start=\"282\" data-end=\"314\">Gel de Ducha Good to Declare<\/strong> limpia suavemente tu piel mientras ofrece una experiencia <strong data-start=\"373\" data-end=\"398\">revitalizante y \u00fanica<\/strong>, gracias a su f\u00f3rmula con <strong data-start=\"425\" data-end=\"440\">prebi\u00f3ticos<\/strong> y un <strong data-start=\"446\" data-end=\"487\">98% de ingredientes de origen natural<\/strong>. Su <strong data-start=\"492\" data-end=\"507\">aroma suave<\/strong> y textura ligera lo hacen ideal para el cuidado diario, incluso de las pieles m\u00e1s sensibles.<\/p>\n<p data-start=\"602\" data-end=\"663\">\ud83c\udf31 <strong data-start=\"605\" data-end=\"645\">Certificaci\u00f3n Ecocert COSMOS NATURAL<\/strong>, que garantiza:<\/p>\n<ul data-start=\"664\" data-end=\"872\">\n<li data-start=\"664\" data-end=\"708\">\n<p data-start=\"666\" data-end=\"708\">F\u00f3rmulas puras<\/p>\n<\/li>\n<li data-start=\"664\" data-end=\"708\">\n<p data-start=\"666\" data-end=\"708\">\u00a0y respetuosas con la piel<\/p>\n<\/li>\n<li data-start=\"709\" data-end=\"787\">\n<p data-start=\"711\" data-end=\"787\">0% Parabenos, 0% Fenoxietanol, 0% perfumes y colorantes sint\u00e9ticos, 0% OGM<\/p>\n<\/li>\n<li data-start=\"788\" data-end=\"836\">\n<p data-start=\"790\" data-end=\"836\">Producci\u00f3n responsable con el medio ambiente<\/p>\n<\/li>\n<li data-start=\"837\" data-end=\"872\">\n<p data-start=\"839\" data-end=\"872\"><strong data-start=\"839\" data-end=\"872\">Envase reciclado y reciclable<\/strong><\/p>\n<\/li>\n<\/ul>\n<ul data-start=\"664\" data-end=\"872\">\n<li data-start=\"664\" data-end=\"708\">\n<p data-start=\"666\" data-end=\"708\">\ud83d\udca7\u00a0<strong data-start=\"877\" data-end=\"897\">Beneficios clave<\/strong>:<\/p>\n<ul data-start=\"901\" data-end=\"1007\">\n<li data-start=\"901\" data-end=\"928\">\n<p data-start=\"903\" data-end=\"928\">Limpieza eficaz y suave<\/p>\n<\/li>\n<li data-start=\"929\" data-end=\"973\">\n<p data-start=\"931\" data-end=\"973\">Respeta el equilibrio natural de la piel<\/p>\n<\/li>\n<li data-start=\"974\" data-end=\"1007\">\n<p data-start=\"976\" data-end=\"1007\">Sensaci\u00f3n de frescura y confort<\/p>\n<\/li>\n<\/ul>\n<p data-start=\"1009\" data-end=\"1127\">\ud83d\udce6\u00a0<strong data-start=\"1012\" data-end=\"1039\">Entrega r\u00e1pida y c\u00f3moda<\/strong><\/p>\n<\/li>\n<\/ul>\n<p data-start=\"1009\" data-end=\"1127\">Recibe tu pedido de forma \u00e1gil y sin complicaciones, directamente donde lo necesites.<\/p>\n<p data-start=\"1129\" data-end=\"1262\">Perfecto como <strong data-start=\"1143\" data-end=\"1162\">amenity premium<\/strong> en hoteles, spas o alojamientos sostenibles que priorizan el bienestar y el respeto por el entorno.<\/p>\n","protected":false},"excerpt":{"rendered":"<p>Gel de ducha GOOD TO DECLARE 360ML ECOCERT<\/p>\n","protected":false},"featured_media":8688,"template":"","meta":{"_acf_changed":false},"product_brand":[],"product_cat":[590,588,775,570,773],"product_tag":[611],"class_list":{"0":"post-8686","1":"product","2":"type-product","3":"status-publish","4":"has-post-thumbnail","6":"product_cat-amenities-banho-para-hoteis","7":"product_cat-amenities-ecologicos","8":"product_cat-cosmeticos-hotel","9":"product_cat-gel-de-banho-e-champo-para-hoteis","10":"product_cat-good-to-declare","11":"product_tag-cosmetico","13":"first","14":"instock","15":"taxable","16":"shipping-taxable","17":"purchasable","18":"product-type-simple"},"acf":[],"_links":{"self":[{"href":"https:\/\/www.brbimport.com\/pt-pt\/wp-json\/wp\/v2\/product\/8686","targetHints":{"allow":["GET"]}}],"collection":[{"href":"https:\/\/www.brbimport.com\/pt-pt\/wp-json\/wp\/v2\/product"}],"about":[{"href":"https:\/\/www.brbimport.com\/pt-pt\/wp-json\/wp\/v2\/types\/product"}],"wp:featuredmedia":[{"embeddable":true,"href":"https:\/\/www.brbimport.com\/pt-pt\/wp-json\/wp\/v2\/media\/8688"}],"wp:attachment":[{"href":"https:\/\/www.brbimport.com\/pt-pt\/wp-json\/wp\/v2\/media?parent=8686"}],"wp:term":[{"taxonomy":"product_brand","embeddable":true,"href":"https:\/\/www.brbimport.com\/pt-pt\/wp-json\/wp\/v2\/product_brand?post=8686"},{"taxonomy":"product_cat","embeddable":true,"href":"https:\/\/www.brbimport.com\/pt-pt\/wp-json\/wp\/v2\/product_cat?post=8686"},{"taxonomy":"product_tag","embeddable":true,"href":"https:\/\/www.brbimport.com\/pt-pt\/wp-json\/wp\/v2\/product_tag?post=8686"}],"curies":[{"name":"wp","href":"https:\/\/api.w.org\/{rel}","templated":true}]}}