{"id":8704,"date":"2025-07-08T11:40:03","date_gmt":"2025-07-08T11:40:03","guid":{"rendered":"https:\/\/www.brbimport.com\/zapatilla-hotel-terry-modelo-302-black\/"},"modified":"2026-04-20T15:32:32","modified_gmt":"2026-04-20T15:32:32","slug":"zapatilla-hotel-terry-modelo-302-black","status":"publish","type":"product","link":"https:\/\/www.brbimport.com\/pt-pt\/produto\/zapatilla-hotel-terry-modelo-302-black\/","title":{"rendered":"Zapatilla Hotel Terry modelo 302 Black"},"content":{"rendered":"<p data-start=\"189\" data-end=\"270\"><strong data-start=\"189\" data-end=\"270\">Zapatilla de Hotel Terry Negra Modelo 302 \u2013 \u00a1En Stock para Entrega Inmediata!<\/strong><\/p>\n<p data-start=\"272\" data-end=\"611\">A\u00f1ade un toque de elegancia y distinci\u00f3n a la experiencia de tus hu\u00e9spedes con nuestras <strong data-start=\"360\" data-end=\"409\">zapatillas cerradas modelo 302 en color negro<\/strong>. Fabricadas con materiales de alta calidad, ofrecen un confort superior gracias a su <strong data-start=\"495\" data-end=\"519\">forro de felpa suave<\/strong>, <strong data-start=\"521\" data-end=\"547\">almohadilla de esponja<\/strong> y <strong data-start=\"550\" data-end=\"574\">suela de EVA de 3 mm<\/strong>, que asegura ligereza y durabilidad.<\/p>\n<p data-start=\"613\" data-end=\"860\">\u2705 <strong data-start=\"615\" data-end=\"625\">Color:<\/strong> negro<br data-start=\"631\" data-end=\"634\" \/>\u2705 <strong data-start=\"636\" data-end=\"656\">Tama\u00f1o est\u00e1ndar:<\/strong> 29 cm<br data-start=\"662\" data-end=\"665\" \/>\u2705 <strong data-start=\"667\" data-end=\"694\">Presentaci\u00f3n eficiente:<\/strong> 200 pares por caja<br data-start=\"713\" data-end=\"716\" \/>\u2705 <strong data-start=\"718\" data-end=\"737\">Perfectas para:<\/strong> hoteles, spas y resorts de alto nivel<br data-start=\"775\" data-end=\"778\" \/>\u2705 <strong data-start=\"780\" data-end=\"807\">Entrega r\u00e1pida y c\u00f3moda<\/strong><br data-start=\"807\" data-end=\"810\" \/>\u2705 <strong data-start=\"812\" data-end=\"860\">Producto en stock \u2013 disponibilidad inmediata<\/strong><\/p>\n<p data-start=\"862\" data-end=\"973\">Elegancia, confort y eficiencia log\u00edstica en un solo producto. \u00a1Haz tu pedido hoy mismo y rec\u00edbelo sin demoras!<\/p>\n","protected":false},"excerpt":{"rendered":"<p>Zapatilla de hotel modelo 302 negro<\/p>\n","protected":false},"featured_media":8706,"template":"","meta":{"_acf_changed":false},"product_brand":[],"product_cat":[566,568,586],"product_tag":[],"class_list":{"0":"post-8704","1":"product","2":"type-product","3":"status-publish","4":"has-post-thumbnail","6":"product_cat-chinelos-de-hotel-personalizados","7":"product_cat-chinelos-descartaveis","8":"product_cat-pantufas-de-hotel","10":"first","11":"instock","12":"sale","13":"taxable","14":"shipping-taxable","15":"purchasable","16":"product-type-simple"},"acf":[],"_links":{"self":[{"href":"https:\/\/www.brbimport.com\/pt-pt\/wp-json\/wp\/v2\/product\/8704","targetHints":{"allow":["GET"]}}],"collection":[{"href":"https:\/\/www.brbimport.com\/pt-pt\/wp-json\/wp\/v2\/product"}],"about":[{"href":"https:\/\/www.brbimport.com\/pt-pt\/wp-json\/wp\/v2\/types\/product"}],"wp:featuredmedia":[{"embeddable":true,"href":"https:\/\/www.brbimport.com\/pt-pt\/wp-json\/wp\/v2\/media\/8706"}],"wp:attachment":[{"href":"https:\/\/www.brbimport.com\/pt-pt\/wp-json\/wp\/v2\/media?parent=8704"}],"wp:term":[{"taxonomy":"product_brand","embeddable":true,"href":"https:\/\/www.brbimport.com\/pt-pt\/wp-json\/wp\/v2\/product_brand?post=8704"},{"taxonomy":"product_cat","embeddable":true,"href":"https:\/\/www.brbimport.com\/pt-pt\/wp-json\/wp\/v2\/product_cat?post=8704"},{"taxonomy":"product_tag","embeddable":true,"href":"https:\/\/www.brbimport.com\/pt-pt\/wp-json\/wp\/v2\/product_tag?post=8704"}],"curies":[{"name":"wp","href":"https:\/\/api.w.org\/{rel}","templated":true}]}}