{"id":8793,"date":"2025-04-21T11:38:21","date_gmt":"2025-04-21T11:38:21","guid":{"rendered":"https:\/\/www.brbimport.com\/locion-corporal-olivia-thinks-para-dispensador-invisivble\/"},"modified":"2026-03-25T11:12:51","modified_gmt":"2026-03-25T11:12:51","slug":"locion-corporal-olivia-thinks-para-dispensador-invisivble","status":"publish","type":"product","link":"https:\/\/www.brbimport.com\/pt-pt\/produto\/locion-corporal-olivia-thinks-para-dispensador-invisivble\/","title":{"rendered":"Loci\u00f3n corporal OLIVIA THINKS para dispensador invisible"},"content":{"rendered":"<p>Olivia Thinks Body Lotion \u2013 Hidrataci\u00f3n de lujo para hoteles con estilo<\/p>\n<p>Olivia Thinks Body Lotion ha sido dise\u00f1ada para elevar la experiencia del hu\u00e9sped, ofreciendo un cuidado corporal efectivo, natural y refinado. Enriquecida con extractos org\u00e1nicos de aceite de oliva, antioxidantes y una combinaci\u00f3n de peque\u00f1as mol\u00e9culas higrosc\u00f3picas, esta loci\u00f3n ayuda a readaptar el equilibrio fisiol\u00f3gico de la piel, mejorando notablemente su elasticidad y suavidad. Una elecci\u00f3n ideal para quienes buscan combinar eficacia, est\u00e9tica y sostenibilidad en su rutina de cuidado diario.<\/p>\n<p>Con un 96% de ingredientes naturales y una f\u00f3rmula vegana, garantiza una hidrataci\u00f3n profunda y una textura ligera, ideal para todo tipo de piel. Adem\u00e1s, est\u00e1 completamente libre de parabenos y SLES, lo que la convierte en una opci\u00f3n segura, saludable y consciente.<\/p>\n<p>Esta loci\u00f3n corporal se presenta en elegantes dispensadores invisibles de 360ml, fabricados con pl\u00e1sticos reciclados. Su dise\u00f1o limpio, discreto y moderno aporta una est\u00e9tica ordenada y profesional a ba\u00f1os y espacios de bienestar, reforzando la imagen de calidad del hotel. Su sistema rellenable no solo reduce el desperdicio, sino que tambi\u00e9n facilita la gesti\u00f3n operativa diaria.<\/p>\n<p>Una propuesta ideal para hoteles que desean ofrecer un toque distintivo en la experiencia del hu\u00e9sped, combinando funcionalidad, dise\u00f1o y compromiso con la sostenibilidad.<\/p>\n<p>Olivia Thinks Body Lotion con extractos org\u00e1nicos de aceite de oliva, antioxidantes y una combinaci\u00f3n de peque\u00f1as mol\u00e9culas higrosc\u00f3picas, readapta el equilibrio fisiol\u00f3gico de la hidrataci\u00f3n de la piel, mejorando su elasticidad y suavidad. Su f\u00f3rmula contiene un 96% de ingredientes naturales de alta calidad y es completamente vegana. Libre de parabenos y SLES, esta loci\u00f3n corporal ofrece una hidrataci\u00f3n profunda y una textura ligera, ideal para el uso diario y respetuosa con todo tipo de piel.<\/p>\n<p>&nbsp;<\/p>\n","protected":false},"excerpt":{"rendered":"<p>Loci\u00f3n corporal OLIVIA THINKS de 360ml para dispensador invisible rellenable<\/p>\n","protected":false},"featured_media":8794,"template":"","meta":{"_acf_changed":false},"product_brand":[],"product_cat":[],"product_tag":[611],"class_list":{"0":"post-8793","1":"product","2":"type-product","3":"status-publish","4":"has-post-thumbnail","6":"product_tag-cosmetico","8":"first","9":"instock","10":"taxable","11":"shipping-taxable","12":"purchasable","13":"product-type-simple"},"acf":[],"_links":{"self":[{"href":"https:\/\/www.brbimport.com\/pt-pt\/wp-json\/wp\/v2\/product\/8793","targetHints":{"allow":["GET"]}}],"collection":[{"href":"https:\/\/www.brbimport.com\/pt-pt\/wp-json\/wp\/v2\/product"}],"about":[{"href":"https:\/\/www.brbimport.com\/pt-pt\/wp-json\/wp\/v2\/types\/product"}],"wp:featuredmedia":[{"embeddable":true,"href":"https:\/\/www.brbimport.com\/pt-pt\/wp-json\/wp\/v2\/media\/8794"}],"wp:attachment":[{"href":"https:\/\/www.brbimport.com\/pt-pt\/wp-json\/wp\/v2\/media?parent=8793"}],"wp:term":[{"taxonomy":"product_brand","embeddable":true,"href":"https:\/\/www.brbimport.com\/pt-pt\/wp-json\/wp\/v2\/product_brand?post=8793"},{"taxonomy":"product_cat","embeddable":true,"href":"https:\/\/www.brbimport.com\/pt-pt\/wp-json\/wp\/v2\/product_cat?post=8793"},{"taxonomy":"product_tag","embeddable":true,"href":"https:\/\/www.brbimport.com\/pt-pt\/wp-json\/wp\/v2\/product_tag?post=8793"}],"curies":[{"name":"wp","href":"https:\/\/api.w.org\/{rel}","templated":true}]}}