{"id":8855,"date":"2025-04-21T11:38:20","date_gmt":"2025-04-21T11:38:20","guid":{"rendered":"https:\/\/www.brbimport.com\/gel-corporal-olivia-botella-para-rellenar\/"},"modified":"2026-03-25T11:23:48","modified_gmt":"2026-03-25T11:23:48","slug":"gel-corporal-olivia-botella-para-rellenar","status":"publish","type":"product","link":"https:\/\/www.brbimport.com\/pt-pt\/produto\/gel-corporal-olivia-botella-para-rellenar\/","title":{"rendered":"Gel corporal OLIVIA botella1000 ml para rellenar dispensadores"},"content":{"rendered":"<p>Gel de Ducha Olivia \u2013 Cuidado Natural para la Piel<\/p>\n<p>Ofrece a tus hu\u00e9spedes una experiencia de ba\u00f1o \u00fanica con nuestro Gel de Ducha Olivia, formulado con extractos org\u00e1nicos de aceite de oliva y vitamina E, conocidos por sus propiedades hidratantes y antioxidantes.<\/p>\n<p>Este gel de ducha limpia suavemente, calma y nutre la piel, mejorando de manera natural su elasticidad y dej\u00e1ndola hidratada con una sensaci\u00f3n sedosa y rejuvenecedora en todo el cuerpo.<\/p>\n<p>Olivia Shower Gel no contiene parabenos, isotiazolinonas, formaldeh\u00eddos, BHT, EDTA, aceites minerales ni colorantes, lo que lo convierte en una opci\u00f3n segura y saludable para la piel de tus hu\u00e9spedes.<\/p>\n<p>Disponible en botellas de 1000 ml, dise\u00f1adas para rellenar los dispensadores invisibles que permiten mantener una imagen limpia y elegante en los ba\u00f1os del hotel, al mismo tiempo que contribuyen al cuidado del medio ambiente. Una soluci\u00f3n pr\u00e1ctica y ecol\u00f3gica para hoteles que buscan combinar sostenibilidad y calidad.<\/p>\n","protected":false},"excerpt":{"rendered":"<p>Gel corporal OLIVIA de 1000ml para rellenar dispensadores<\/p>\n","protected":false},"featured_media":8856,"template":"","meta":{"_acf_changed":false},"product_brand":[],"product_cat":[],"product_tag":[611],"class_list":{"0":"post-8855","1":"product","2":"type-product","3":"status-publish","4":"has-post-thumbnail","6":"product_tag-cosmetico","8":"first","9":"outofstock","10":"taxable","11":"shipping-taxable","12":"purchasable","13":"product-type-simple"},"acf":[],"_links":{"self":[{"href":"https:\/\/www.brbimport.com\/pt-pt\/wp-json\/wp\/v2\/product\/8855","targetHints":{"allow":["GET"]}}],"collection":[{"href":"https:\/\/www.brbimport.com\/pt-pt\/wp-json\/wp\/v2\/product"}],"about":[{"href":"https:\/\/www.brbimport.com\/pt-pt\/wp-json\/wp\/v2\/types\/product"}],"wp:featuredmedia":[{"embeddable":true,"href":"https:\/\/www.brbimport.com\/pt-pt\/wp-json\/wp\/v2\/media\/8856"}],"wp:attachment":[{"href":"https:\/\/www.brbimport.com\/pt-pt\/wp-json\/wp\/v2\/media?parent=8855"}],"wp:term":[{"taxonomy":"product_brand","embeddable":true,"href":"https:\/\/www.brbimport.com\/pt-pt\/wp-json\/wp\/v2\/product_brand?post=8855"},{"taxonomy":"product_cat","embeddable":true,"href":"https:\/\/www.brbimport.com\/pt-pt\/wp-json\/wp\/v2\/product_cat?post=8855"},{"taxonomy":"product_tag","embeddable":true,"href":"https:\/\/www.brbimport.com\/pt-pt\/wp-json\/wp\/v2\/product_tag?post=8855"}],"curies":[{"name":"wp","href":"https:\/\/api.w.org\/{rel}","templated":true}]}}